{"id":90,"date":"2016-02-26T11:37:42","date_gmt":"2016-02-26T10:37:42","guid":{"rendered":"https:\/\/amu.pan.pl\/test\/2016\/02\/26\/lukasz-malek\/"},"modified":"2020-10-02T23:57:45","modified_gmt":"2020-10-02T21:57:45","slug":"lukasz-malek","status":"publish","type":"page","link":"https:\/\/amu.pan.pl\/en\/lukasz-malek\/","title":{"rendered":"\u0141ukasz Ma\u0142ek"},"content":{"rendered":"<p style=\"text-align: center;\"><img fetchpriority=\"high\" decoding=\"async\" class=\"size-full wp-image-89\" alt=\"\" src=\"https:\/\/amu.pan.pl\/wp-content\/uploads\/2016\/02\/Lukasz_Malek.PNG\" width=\"300\" height=\"242\" \/><\/p>\n<p>Dr hab. n. med. \u0141ukasz Ma\u0142ek\u0141ukasz Ma\u0142ek (ur. 1980) uko\u0144czy\u0142 z wyr&oacute;\u017cnieniem studia na I Wydziale Lekarskim Warszawskiego Uniwersytetu Medycznego (2005), pracuje w Klinice Kardiologii i Angiologii Interwencyjnej Instytutu Kardiologii w Warszawie. Zajmuje si\u0119 rezonansem magnetycznym serca oraz zagadnieniem odpowiedzi p\u0142ytek krwi na leczenie przeciwp\u0142ytkowe u chorych z ostrymi zespo\u0142ami wie\u0144cowymi.<\/p>\n<p>Otrzyma\u0142 szereg nagr&oacute;d m.in.: stypendium dla wybitnego m\u0142odego naukowca MNiSW (2011), stypendium Fundacji na Rzecz Nauki Polskiej (dwukrotnie w 2009 i 2010), Young Researcher Awards SCOPUS-Perspektywy (2009), Young Investigator Award &ndash; Thrombosis European Society of Cardiology (2007).<\/p>\n<p>Dr \u0141ukasz Ma\u0142ek jest aktywnych cz\u0142onkiem struktur Polskiego Towarzystwa Kardiologicznego oraz Stowarzyszenia &bdquo;M\u0142ody Lekarz&ldquo;. Jest autorem i wsp&oacute;\u0142autorem ponad 60 prac oryginalnych i pogl\u0105dowych oraz kilku rozdzia\u0142&oacute;w w monografiach.<\/p>","protected":false},"excerpt":{"rendered":"<p>Dr hab. n. med. \u0141ukasz Ma\u0142ek\u0141ukasz Ma\u0142ek (ur. 1980) uko\u0144czy\u0142 z wyr&oacute;\u017cnieniem studia na I Wydziale Lekarskim Warszawskiego Uniwersytetu Medycznego (2005), pracuje w Klinice Kardiologii i Angiologii Interwencyjnej Instytutu Kardiologii &#8230;<\/p>","protected":false},"author":2,"featured_media":89,"parent":0,"menu_order":52,"comment_status":"open","ping_status":"open","template":"","meta":{"_monsterinsights_skip_tracking":false,"_monsterinsights_sitenote_active":false,"_monsterinsights_sitenote_note":"","_monsterinsights_sitenote_category":0,"footnotes":""},"class_list":["post-90","page","type-page","status-publish","has-post-thumbnail","hentry"],"yoast_head":"<!-- This site is optimized with the Yoast SEO plugin v25.0 - https:\/\/yoast.com\/wordpress\/plugins\/seo\/ -->\n<title>\u0141ukasz Ma\u0142ek - Akademia M\u0142odych Uczonych<\/title>\n<meta name=\"robots\" content=\"index, follow, max-snippet:-1, max-image-preview:large, max-video-preview:-1\" \/>\n<link rel=\"canonical\" href=\"https:\/\/amu.pan.pl\/en\/lukasz-malek\/\" \/>\n<meta property=\"og:locale\" content=\"en_GB\" \/>\n<meta property=\"og:type\" content=\"article\" \/>\n<meta property=\"og:title\" content=\"\u0141ukasz Ma\u0142ek - Akademia M\u0142odych Uczonych\" \/>\n<meta property=\"og:description\" content=\"Dr hab. n. med. \u0141ukasz Ma\u0142ek\u0141ukasz Ma\u0142ek (ur. 1980) uko\u0144czy\u0142 z wyr&oacute;\u017cnieniem studia na I Wydziale Lekarskim Warszawskiego Uniwersytetu Medycznego (2005), pracuje w Klinice Kardiologii i Angiologii Interwencyjnej Instytutu Kardiologii ...\" \/>\n<meta property=\"og:url\" content=\"https:\/\/amu.pan.pl\/en\/lukasz-malek\/\" \/>\n<meta property=\"og:site_name\" content=\"Akademia M\u0142odych Uczonych\" \/>\n<meta property=\"article:publisher\" content=\"https:\/\/www.facebook.com\/AkademiaMlodychUczonych\/\" \/>\n<meta property=\"article:modified_time\" content=\"2020-10-02T21:57:45+00:00\" \/>\n<meta property=\"og:image\" content=\"https:\/\/amu.pan.pl\/wp-content\/uploads\/2016\/02\/Lukasz_Malek.PNG\" \/>\n\t<meta property=\"og:image:width\" content=\"300\" \/>\n\t<meta property=\"og:image:height\" content=\"242\" \/>\n\t<meta property=\"og:image:type\" content=\"image\/png\" \/>\n<meta name=\"twitter:card\" content=\"summary_large_image\" \/>\n<meta name=\"twitter:site\" content=\"@AMUPAN1\" \/>\n<meta name=\"twitter:label1\" content=\"Estimated reading time\" \/>\n\t<meta name=\"twitter:data1\" content=\"1 minute\" \/>\n<script type=\"application\/ld+json\" class=\"yoast-schema-graph\">{\"@context\":\"https:\/\/schema.org\",\"@graph\":[{\"@type\":\"WebPage\",\"@id\":\"https:\/\/amu.pan.pl\/en\/lukasz-malek\/\",\"url\":\"https:\/\/amu.pan.pl\/en\/lukasz-malek\/\",\"name\":\"\u0141ukasz Ma\u0142ek - Akademia M\u0142odych Uczonych\",\"isPartOf\":{\"@id\":\"https:\/\/amu.pan.pl\/#website\"},\"primaryImageOfPage\":{\"@id\":\"https:\/\/amu.pan.pl\/en\/lukasz-malek\/#primaryimage\"},\"image\":{\"@id\":\"https:\/\/amu.pan.pl\/en\/lukasz-malek\/#primaryimage\"},\"thumbnailUrl\":\"https:\/\/amu.pan.pl\/wp-content\/uploads\/2016\/02\/Lukasz_Malek.PNG\",\"datePublished\":\"2016-02-26T10:37:42+00:00\",\"dateModified\":\"2020-10-02T21:57:45+00:00\",\"breadcrumb\":{\"@id\":\"https:\/\/amu.pan.pl\/en\/lukasz-malek\/#breadcrumb\"},\"inLanguage\":\"en-GB\",\"potentialAction\":[{\"@type\":\"ReadAction\",\"target\":[\"https:\/\/amu.pan.pl\/en\/lukasz-malek\/\"]}]},{\"@type\":\"ImageObject\",\"inLanguage\":\"en-GB\",\"@id\":\"https:\/\/amu.pan.pl\/en\/lukasz-malek\/#primaryimage\",\"url\":\"https:\/\/amu.pan.pl\/wp-content\/uploads\/2016\/02\/Lukasz_Malek.PNG\",\"contentUrl\":\"https:\/\/amu.pan.pl\/wp-content\/uploads\/2016\/02\/Lukasz_Malek.PNG\",\"width\":300,\"height\":242},{\"@type\":\"BreadcrumbList\",\"@id\":\"https:\/\/amu.pan.pl\/en\/lukasz-malek\/#breadcrumb\",\"itemListElement\":[{\"@type\":\"ListItem\",\"position\":1,\"name\":\"Strona g\u0142\u00f3wna\",\"item\":\"https:\/\/amu.pan.pl\/\"},{\"@type\":\"ListItem\",\"position\":2,\"name\":\"\u0141ukasz Ma\u0142ek\"}]},{\"@type\":\"WebSite\",\"@id\":\"https:\/\/amu.pan.pl\/#website\",\"url\":\"https:\/\/amu.pan.pl\/\",\"name\":\"Akademia M\u0142odych Uczonych\",\"description\":\"Polska Akademia Nauk\",\"publisher\":{\"@id\":\"https:\/\/amu.pan.pl\/#organization\"},\"potentialAction\":[{\"@type\":\"SearchAction\",\"target\":{\"@type\":\"EntryPoint\",\"urlTemplate\":\"https:\/\/amu.pan.pl\/?s={search_term_string}\"},\"query-input\":{\"@type\":\"PropertyValueSpecification\",\"valueRequired\":true,\"valueName\":\"search_term_string\"}}],\"inLanguage\":\"en-GB\"},{\"@type\":\"Organization\",\"@id\":\"https:\/\/amu.pan.pl\/#organization\",\"name\":\"Akademia M\u0142odych Uczonych\",\"url\":\"https:\/\/amu.pan.pl\/\",\"logo\":{\"@type\":\"ImageObject\",\"inLanguage\":\"en-GB\",\"@id\":\"https:\/\/amu.pan.pl\/#\/schema\/logo\/image\/\",\"url\":\"https:\/\/amu.pan.pl\/wp-content\/uploads\/2020\/08\/zz_amu.png\",\"contentUrl\":\"https:\/\/amu.pan.pl\/wp-content\/uploads\/2020\/08\/zz_amu.png\",\"width\":2794,\"height\":1016,\"caption\":\"Akademia M\u0142odych Uczonych\"},\"image\":{\"@id\":\"https:\/\/amu.pan.pl\/#\/schema\/logo\/image\/\"},\"sameAs\":[\"https:\/\/www.facebook.com\/AkademiaMlodychUczonych\/\",\"https:\/\/x.com\/AMUPAN1\"]}]}<\/script>\n<!-- \/ Yoast SEO plugin. -->","yoast_head_json":{"title":"\u0141ukasz Ma\u0142ek - Akademia M\u0142odych Uczonych","robots":{"index":"index","follow":"follow","max-snippet":"max-snippet:-1","max-image-preview":"max-image-preview:large","max-video-preview":"max-video-preview:-1"},"canonical":"https:\/\/amu.pan.pl\/en\/lukasz-malek\/","og_locale":"en_GB","og_type":"article","og_title":"\u0141ukasz Ma\u0142ek - Akademia M\u0142odych Uczonych","og_description":"Dr hab. n. med. \u0141ukasz Ma\u0142ek\u0141ukasz Ma\u0142ek (ur. 1980) uko\u0144czy\u0142 z wyr&oacute;\u017cnieniem studia na I Wydziale Lekarskim Warszawskiego Uniwersytetu Medycznego (2005), pracuje w Klinice Kardiologii i Angiologii Interwencyjnej Instytutu Kardiologii ...","og_url":"https:\/\/amu.pan.pl\/en\/lukasz-malek\/","og_site_name":"Akademia M\u0142odych Uczonych","article_publisher":"https:\/\/www.facebook.com\/AkademiaMlodychUczonych\/","article_modified_time":"2020-10-02T21:57:45+00:00","og_image":[{"width":300,"height":242,"url":"https:\/\/amu.pan.pl\/wp-content\/uploads\/2016\/02\/Lukasz_Malek.PNG","type":"image\/png"}],"twitter_card":"summary_large_image","twitter_site":"@AMUPAN1","twitter_misc":{"Estimated reading time":"1 minute"},"schema":{"@context":"https:\/\/schema.org","@graph":[{"@type":"WebPage","@id":"https:\/\/amu.pan.pl\/en\/lukasz-malek\/","url":"https:\/\/amu.pan.pl\/en\/lukasz-malek\/","name":"\u0141ukasz Ma\u0142ek - Akademia M\u0142odych Uczonych","isPartOf":{"@id":"https:\/\/amu.pan.pl\/#website"},"primaryImageOfPage":{"@id":"https:\/\/amu.pan.pl\/en\/lukasz-malek\/#primaryimage"},"image":{"@id":"https:\/\/amu.pan.pl\/en\/lukasz-malek\/#primaryimage"},"thumbnailUrl":"https:\/\/amu.pan.pl\/wp-content\/uploads\/2016\/02\/Lukasz_Malek.PNG","datePublished":"2016-02-26T10:37:42+00:00","dateModified":"2020-10-02T21:57:45+00:00","breadcrumb":{"@id":"https:\/\/amu.pan.pl\/en\/lukasz-malek\/#breadcrumb"},"inLanguage":"en-GB","potentialAction":[{"@type":"ReadAction","target":["https:\/\/amu.pan.pl\/en\/lukasz-malek\/"]}]},{"@type":"ImageObject","inLanguage":"en-GB","@id":"https:\/\/amu.pan.pl\/en\/lukasz-malek\/#primaryimage","url":"https:\/\/amu.pan.pl\/wp-content\/uploads\/2016\/02\/Lukasz_Malek.PNG","contentUrl":"https:\/\/amu.pan.pl\/wp-content\/uploads\/2016\/02\/Lukasz_Malek.PNG","width":300,"height":242},{"@type":"BreadcrumbList","@id":"https:\/\/amu.pan.pl\/en\/lukasz-malek\/#breadcrumb","itemListElement":[{"@type":"ListItem","position":1,"name":"Strona g\u0142\u00f3wna","item":"https:\/\/amu.pan.pl\/"},{"@type":"ListItem","position":2,"name":"\u0141ukasz Ma\u0142ek"}]},{"@type":"WebSite","@id":"https:\/\/amu.pan.pl\/#website","url":"https:\/\/amu.pan.pl\/","name":"Akademia M\u0142odych Uczonych","description":"Polska Akademia Nauk","publisher":{"@id":"https:\/\/amu.pan.pl\/#organization"},"potentialAction":[{"@type":"SearchAction","target":{"@type":"EntryPoint","urlTemplate":"https:\/\/amu.pan.pl\/?s={search_term_string}"},"query-input":{"@type":"PropertyValueSpecification","valueRequired":true,"valueName":"search_term_string"}}],"inLanguage":"en-GB"},{"@type":"Organization","@id":"https:\/\/amu.pan.pl\/#organization","name":"Akademia M\u0142odych Uczonych","url":"https:\/\/amu.pan.pl\/","logo":{"@type":"ImageObject","inLanguage":"en-GB","@id":"https:\/\/amu.pan.pl\/#\/schema\/logo\/image\/","url":"https:\/\/amu.pan.pl\/wp-content\/uploads\/2020\/08\/zz_amu.png","contentUrl":"https:\/\/amu.pan.pl\/wp-content\/uploads\/2020\/08\/zz_amu.png","width":2794,"height":1016,"caption":"Akademia M\u0142odych Uczonych"},"image":{"@id":"https:\/\/amu.pan.pl\/#\/schema\/logo\/image\/"},"sameAs":["https:\/\/www.facebook.com\/AkademiaMlodychUczonych\/","https:\/\/x.com\/AMUPAN1"]}]}},"_links":{"self":[{"href":"https:\/\/amu.pan.pl\/en\/wp-json\/wp\/v2\/pages\/90","targetHints":{"allow":["GET"]}}],"collection":[{"href":"https:\/\/amu.pan.pl\/en\/wp-json\/wp\/v2\/pages"}],"about":[{"href":"https:\/\/amu.pan.pl\/en\/wp-json\/wp\/v2\/types\/page"}],"author":[{"embeddable":true,"href":"https:\/\/amu.pan.pl\/en\/wp-json\/wp\/v2\/users\/2"}],"replies":[{"embeddable":true,"href":"https:\/\/amu.pan.pl\/en\/wp-json\/wp\/v2\/comments?post=90"}],"version-history":[{"count":0,"href":"https:\/\/amu.pan.pl\/en\/wp-json\/wp\/v2\/pages\/90\/revisions"}],"wp:featuredmedia":[{"embeddable":true,"href":"https:\/\/amu.pan.pl\/en\/wp-json\/wp\/v2\/media\/89"}],"wp:attachment":[{"href":"https:\/\/amu.pan.pl\/en\/wp-json\/wp\/v2\/media?parent=90"}],"curies":[{"name":"wp","href":"https:\/\/api.w.org\/{rel}","templated":true}]}}