{"id":92,"date":"2016-02-26T11:38:18","date_gmt":"2016-02-26T10:38:18","guid":{"rendered":"https:\/\/amu.pan.pl\/test\/2016\/02\/26\/katarzyna-marciniak\/"},"modified":"2020-10-02T23:57:45","modified_gmt":"2020-10-02T21:57:45","slug":"katarzyna-marciniak","status":"publish","type":"page","link":"https:\/\/amu.pan.pl\/en\/katarzyna-marciniak\/","title":{"rendered":"Katarzyna Marciniak"},"content":{"rendered":"<p><img fetchpriority=\"high\" decoding=\"async\" class=\"size-full wp-image-91\" src=\"https:\/\/amu.pan.pl\/wp-content\/uploads\/2016\/02\/Katarzyna_Marciniak.jpg\" alt=\"\" style=\"margin-right: auto; margin-left: auto; display: block;\" width=\"300\" height=\"237\" \/><\/p>\n<p>Katarzyna Marciniak &ndash; historyk literatury, filolog klasyczny, italianistka, absolwentka MISH UW, prof. nadzw. oraz Dyrektor O\u015brodka Badan nad Tradycj\u0105 Antyczn\u0105 na Wydziale Artes Liberales UW<\/p>\n<p>Rozpraw\u0119 doktorsk\u0105 &bdquo;Cicero vortit barbare. Przek\u0142ady m&oacute;wcy jako narz\u0119dzie manipulacji ideologicznej&#8221; napisa\u0142a pod kierunkiem prof. dr. hab. Jerzego Axera i obroni\u0142a z wyr&oacute;\u017cnieniem na Wydziale Polonistyki UW w 2004 roku. Rozprawa zosta\u0142a uhonorowana Nagrod\u0105 Prezesa Rady Ministr&oacute;w.<\/p>\n<p>Habilitacj\u0119 uzyska\u0142a na podstawie rozprawy &bdquo;Pro Cicerone poeta. Poezja Marka Tulliusza Cycerona na przestrzeni stuleci&#8221; (druk 2008) na Wydziale Polonistyki UW w 2009 roku.<\/p>\n<p>Jest laureatk\u0105 Nagrody Klio (2011) za ksi\u0105\u017ck\u0119 Mitologia grecka i rzymska. Bohaterowie ponad czasem (WSzPWN 2010).<\/p>\n<p>Interesuje si\u0119 Cyceronem, mitologi\u0105, wizerunkiem zwierz\u0105t w staro\u017cytno\u015bci oraz recepcj\u0105 antyku w czasach p&oacute;\u017aniejszych, ze szczeg&oacute;lnym uwzgl\u0119dnieniem kultury wsp&oacute;\u0142czesnej.<\/p>\n<p>Jest laureatk\u0105 grant&oacute;w oraz stypendi&oacute;w, kt&oacute;re umo\u017cliwi\u0142y jej prowadzenie bada\u0144 w Polsce i za granic\u0105: Fundacji Alexandra von Humboldta (sta\u017c podoktorski, Freie Universit&auml;t Berlin 2006-2007, stypendium powrotowe 2008-2009), Rz\u0105du Republiki W\u0142oskiej i MNiSW (Universit&agrave; di Bologna 2002, 2005, 2011), Fundacji Lanckoro\u0144skich (Universit&auml;t Wien 2005), Fundacji na rzecz Nauki Polskiej (2005), Ministra Nauki i Szkolnictwa Wy\u017cszego dla wybitnych m\u0142odych naukowc&oacute;w (2011-2013) oraz Fundacji Instytut Artes Liberales.<\/p>\n<p>W latach 2012-2014, jako beneficjentka programu Mobilno\u015b\u0107 Plus Ministra Nauki i Szkolnictwa Wy\u017cszego, realizuje projekt po\u015bwi\u0119cony recepcji Cycerona we wsp&oacute;\u0142czesnych powie\u015bciach na Humboldt-Universit&auml;t zu Berlin.<\/p>\n<p>W latach 2012-2013 realizuje nowatorski, mi\u0119dzynarodowy projekt po\u015bwi\u0119cony recepcji antyku w literaturze dzieci\u0119cej Our Mythical Childhood&#8230; Classics and Children&#8217;s Literature Between East &amp; West, na kt&oacute;ry otrzyma\u0142a Harvard University Loeb Classical Library Foundation Grant.<\/p>\n<p>T\u0142umaczy z \u0142aciny oraz angielskiego, pisze wiersze dla dzieci i opowiadania.<\/p>\n<p>More information: <a href=\"http:\/\/www.al.uw.edu.pl\/pl-38\">http:\/\/www.al.uw.edu.pl\/pl-38<\/a><\/p>","protected":false},"excerpt":{"rendered":"<p>Katarzyna Marciniak &ndash; historyk literatury, filolog klasyczny, italianistka, absolwentka MISH UW, prof. nadzw. oraz Dyrektor O\u015brodka Badan nad Tradycj\u0105 Antyczn\u0105 na Wydziale Artes Liberales UW Rozpraw\u0119 doktorsk\u0105 &bdquo;Cicero vortit barbare. Przek\u0142ady m&oacute;wcy jako narz\u0119dzie manipulacji ideologicznej&#8221; napisa\u0142a pod kierunkiem prof. dr. hab. Jerzego Axera i obroni\u0142a z wyr&oacute;\u017cnieniem na Wydziale Polonistyki UW w 2004 roku.&hellip;&nbsp;<a href=\"https:\/\/amu.pan.pl\/en\/katarzyna-marciniak\/\" rel=\"bookmark\">Read More &raquo;<span class=\"screen-reader-text\">Katarzyna Marciniak<\/span><\/a><\/p>","protected":false},"author":2,"featured_media":91,"parent":0,"menu_order":50,"comment_status":"open","ping_status":"open","template":"","meta":{"_monsterinsights_skip_tracking":false,"_monsterinsights_sitenote_active":false,"_monsterinsights_sitenote_note":"","_monsterinsights_sitenote_category":0,"neve_meta_sidebar":"","neve_meta_container":"","neve_meta_enable_content_width":"","neve_meta_content_width":0,"neve_meta_title_alignment":"","neve_meta_author_avatar":"","neve_post_elements_order":"","neve_meta_disable_header":"","neve_meta_disable_footer":"","neve_meta_disable_title":"","footnotes":""},"class_list":["post-92","page","type-page","status-publish","has-post-thumbnail","hentry"],"yoast_head":"<!-- This site is optimized with the Yoast SEO plugin v25.0 - https:\/\/yoast.com\/wordpress\/plugins\/seo\/ -->\n<title>Katarzyna Marciniak - Akademia M\u0142odych Uczonych<\/title>\n<meta name=\"robots\" content=\"index, follow, max-snippet:-1, max-image-preview:large, max-video-preview:-1\" \/>\n<link rel=\"canonical\" href=\"https:\/\/amu.pan.pl\/en\/katarzyna-marciniak\/\" \/>\n<meta property=\"og:locale\" content=\"en_GB\" \/>\n<meta property=\"og:type\" content=\"article\" \/>\n<meta property=\"og:title\" content=\"Katarzyna Marciniak - Akademia M\u0142odych Uczonych\" \/>\n<meta property=\"og:description\" content=\"Katarzyna Marciniak &ndash; historyk literatury, filolog klasyczny, italianistka, absolwentka MISH UW, prof. nadzw. oraz Dyrektor O\u015brodka Badan nad Tradycj\u0105 Antyczn\u0105 na Wydziale Artes Liberales UW Rozpraw\u0119 doktorsk\u0105 &bdquo;Cicero vortit barbare. Przek\u0142ady m&oacute;wcy jako narz\u0119dzie manipulacji ideologicznej&#8221; napisa\u0142a pod kierunkiem prof. dr. hab. Jerzego Axera i obroni\u0142a z wyr&oacute;\u017cnieniem na Wydziale Polonistyki UW w 2004 roku.&hellip;&nbsp;Read More &raquo;Katarzyna Marciniak\" \/>\n<meta property=\"og:url\" content=\"https:\/\/amu.pan.pl\/en\/katarzyna-marciniak\/\" \/>\n<meta property=\"og:site_name\" content=\"Akademia M\u0142odych Uczonych\" \/>\n<meta property=\"article:publisher\" content=\"https:\/\/www.facebook.com\/AkademiaMlodychUczonych\/\" \/>\n<meta property=\"article:modified_time\" content=\"2020-10-02T21:57:45+00:00\" \/>\n<meta property=\"og:image\" content=\"https:\/\/amu.pan.pl\/wp-content\/uploads\/2016\/02\/Katarzyna_Marciniak.jpg\" \/>\n\t<meta property=\"og:image:width\" content=\"300\" \/>\n\t<meta property=\"og:image:height\" content=\"237\" \/>\n\t<meta property=\"og:image:type\" content=\"image\/jpeg\" \/>\n<meta name=\"twitter:card\" content=\"summary_large_image\" \/>\n<meta name=\"twitter:site\" content=\"@AMUPAN1\" \/>\n<meta name=\"twitter:label1\" content=\"Estimated reading time\" \/>\n\t<meta name=\"twitter:data1\" content=\"2 minutes\" \/>\n<script type=\"application\/ld+json\" class=\"yoast-schema-graph\">{\"@context\":\"https:\/\/schema.org\",\"@graph\":[{\"@type\":\"WebPage\",\"@id\":\"https:\/\/amu.pan.pl\/en\/katarzyna-marciniak\/\",\"url\":\"https:\/\/amu.pan.pl\/en\/katarzyna-marciniak\/\",\"name\":\"Katarzyna Marciniak - Akademia M\u0142odych Uczonych\",\"isPartOf\":{\"@id\":\"https:\/\/amu.pan.pl\/#website\"},\"primaryImageOfPage\":{\"@id\":\"https:\/\/amu.pan.pl\/en\/katarzyna-marciniak\/#primaryimage\"},\"image\":{\"@id\":\"https:\/\/amu.pan.pl\/en\/katarzyna-marciniak\/#primaryimage\"},\"thumbnailUrl\":\"https:\/\/amu.pan.pl\/wp-content\/uploads\/2016\/02\/Katarzyna_Marciniak.jpg\",\"datePublished\":\"2016-02-26T10:38:18+00:00\",\"dateModified\":\"2020-10-02T21:57:45+00:00\",\"breadcrumb\":{\"@id\":\"https:\/\/amu.pan.pl\/en\/katarzyna-marciniak\/#breadcrumb\"},\"inLanguage\":\"en-GB\",\"potentialAction\":[{\"@type\":\"ReadAction\",\"target\":[\"https:\/\/amu.pan.pl\/en\/katarzyna-marciniak\/\"]}]},{\"@type\":\"ImageObject\",\"inLanguage\":\"en-GB\",\"@id\":\"https:\/\/amu.pan.pl\/en\/katarzyna-marciniak\/#primaryimage\",\"url\":\"https:\/\/amu.pan.pl\/wp-content\/uploads\/2016\/02\/Katarzyna_Marciniak.jpg\",\"contentUrl\":\"https:\/\/amu.pan.pl\/wp-content\/uploads\/2016\/02\/Katarzyna_Marciniak.jpg\",\"width\":300,\"height\":237},{\"@type\":\"BreadcrumbList\",\"@id\":\"https:\/\/amu.pan.pl\/en\/katarzyna-marciniak\/#breadcrumb\",\"itemListElement\":[{\"@type\":\"ListItem\",\"position\":1,\"name\":\"Strona g\u0142\u00f3wna\",\"item\":\"https:\/\/amu.pan.pl\/\"},{\"@type\":\"ListItem\",\"position\":2,\"name\":\"Katarzyna Marciniak\"}]},{\"@type\":\"WebSite\",\"@id\":\"https:\/\/amu.pan.pl\/#website\",\"url\":\"https:\/\/amu.pan.pl\/\",\"name\":\"Akademia M\u0142odych Uczonych\",\"description\":\"Polska Akademia Nauk\",\"publisher\":{\"@id\":\"https:\/\/amu.pan.pl\/#organization\"},\"potentialAction\":[{\"@type\":\"SearchAction\",\"target\":{\"@type\":\"EntryPoint\",\"urlTemplate\":\"https:\/\/amu.pan.pl\/?s={search_term_string}\"},\"query-input\":{\"@type\":\"PropertyValueSpecification\",\"valueRequired\":true,\"valueName\":\"search_term_string\"}}],\"inLanguage\":\"en-GB\"},{\"@type\":\"Organization\",\"@id\":\"https:\/\/amu.pan.pl\/#organization\",\"name\":\"Akademia M\u0142odych Uczonych\",\"url\":\"https:\/\/amu.pan.pl\/\",\"logo\":{\"@type\":\"ImageObject\",\"inLanguage\":\"en-GB\",\"@id\":\"https:\/\/amu.pan.pl\/#\/schema\/logo\/image\/\",\"url\":\"https:\/\/amu.pan.pl\/wp-content\/uploads\/2020\/08\/zz_amu.png\",\"contentUrl\":\"https:\/\/amu.pan.pl\/wp-content\/uploads\/2020\/08\/zz_amu.png\",\"width\":2794,\"height\":1016,\"caption\":\"Akademia M\u0142odych Uczonych\"},\"image\":{\"@id\":\"https:\/\/amu.pan.pl\/#\/schema\/logo\/image\/\"},\"sameAs\":[\"https:\/\/www.facebook.com\/AkademiaMlodychUczonych\/\",\"https:\/\/x.com\/AMUPAN1\"]}]}<\/script>\n<!-- \/ Yoast SEO plugin. -->","yoast_head_json":{"title":"Katarzyna Marciniak - Akademia M\u0142odych Uczonych","robots":{"index":"index","follow":"follow","max-snippet":"max-snippet:-1","max-image-preview":"max-image-preview:large","max-video-preview":"max-video-preview:-1"},"canonical":"https:\/\/amu.pan.pl\/en\/katarzyna-marciniak\/","og_locale":"en_GB","og_type":"article","og_title":"Katarzyna Marciniak - Akademia M\u0142odych Uczonych","og_description":"Katarzyna Marciniak &ndash; historyk literatury, filolog klasyczny, italianistka, absolwentka MISH UW, prof. nadzw. oraz Dyrektor O\u015brodka Badan nad Tradycj\u0105 Antyczn\u0105 na Wydziale Artes Liberales UW Rozpraw\u0119 doktorsk\u0105 &bdquo;Cicero vortit barbare. Przek\u0142ady m&oacute;wcy jako narz\u0119dzie manipulacji ideologicznej&#8221; napisa\u0142a pod kierunkiem prof. dr. hab. Jerzego Axera i obroni\u0142a z wyr&oacute;\u017cnieniem na Wydziale Polonistyki UW w 2004 roku.&hellip;&nbsp;Read More &raquo;Katarzyna Marciniak","og_url":"https:\/\/amu.pan.pl\/en\/katarzyna-marciniak\/","og_site_name":"Akademia M\u0142odych Uczonych","article_publisher":"https:\/\/www.facebook.com\/AkademiaMlodychUczonych\/","article_modified_time":"2020-10-02T21:57:45+00:00","og_image":[{"width":300,"height":237,"url":"https:\/\/amu.pan.pl\/wp-content\/uploads\/2016\/02\/Katarzyna_Marciniak.jpg","type":"image\/jpeg"}],"twitter_card":"summary_large_image","twitter_site":"@AMUPAN1","twitter_misc":{"Estimated reading time":"2 minutes"},"schema":{"@context":"https:\/\/schema.org","@graph":[{"@type":"WebPage","@id":"https:\/\/amu.pan.pl\/en\/katarzyna-marciniak\/","url":"https:\/\/amu.pan.pl\/en\/katarzyna-marciniak\/","name":"Katarzyna Marciniak - Akademia M\u0142odych Uczonych","isPartOf":{"@id":"https:\/\/amu.pan.pl\/#website"},"primaryImageOfPage":{"@id":"https:\/\/amu.pan.pl\/en\/katarzyna-marciniak\/#primaryimage"},"image":{"@id":"https:\/\/amu.pan.pl\/en\/katarzyna-marciniak\/#primaryimage"},"thumbnailUrl":"https:\/\/amu.pan.pl\/wp-content\/uploads\/2016\/02\/Katarzyna_Marciniak.jpg","datePublished":"2016-02-26T10:38:18+00:00","dateModified":"2020-10-02T21:57:45+00:00","breadcrumb":{"@id":"https:\/\/amu.pan.pl\/en\/katarzyna-marciniak\/#breadcrumb"},"inLanguage":"en-GB","potentialAction":[{"@type":"ReadAction","target":["https:\/\/amu.pan.pl\/en\/katarzyna-marciniak\/"]}]},{"@type":"ImageObject","inLanguage":"en-GB","@id":"https:\/\/amu.pan.pl\/en\/katarzyna-marciniak\/#primaryimage","url":"https:\/\/amu.pan.pl\/wp-content\/uploads\/2016\/02\/Katarzyna_Marciniak.jpg","contentUrl":"https:\/\/amu.pan.pl\/wp-content\/uploads\/2016\/02\/Katarzyna_Marciniak.jpg","width":300,"height":237},{"@type":"BreadcrumbList","@id":"https:\/\/amu.pan.pl\/en\/katarzyna-marciniak\/#breadcrumb","itemListElement":[{"@type":"ListItem","position":1,"name":"Strona g\u0142\u00f3wna","item":"https:\/\/amu.pan.pl\/"},{"@type":"ListItem","position":2,"name":"Katarzyna Marciniak"}]},{"@type":"WebSite","@id":"https:\/\/amu.pan.pl\/#website","url":"https:\/\/amu.pan.pl\/","name":"Akademia M\u0142odych Uczonych","description":"Polska Akademia Nauk","publisher":{"@id":"https:\/\/amu.pan.pl\/#organization"},"potentialAction":[{"@type":"SearchAction","target":{"@type":"EntryPoint","urlTemplate":"https:\/\/amu.pan.pl\/?s={search_term_string}"},"query-input":{"@type":"PropertyValueSpecification","valueRequired":true,"valueName":"search_term_string"}}],"inLanguage":"en-GB"},{"@type":"Organization","@id":"https:\/\/amu.pan.pl\/#organization","name":"Akademia M\u0142odych Uczonych","url":"https:\/\/amu.pan.pl\/","logo":{"@type":"ImageObject","inLanguage":"en-GB","@id":"https:\/\/amu.pan.pl\/#\/schema\/logo\/image\/","url":"https:\/\/amu.pan.pl\/wp-content\/uploads\/2020\/08\/zz_amu.png","contentUrl":"https:\/\/amu.pan.pl\/wp-content\/uploads\/2020\/08\/zz_amu.png","width":2794,"height":1016,"caption":"Akademia M\u0142odych Uczonych"},"image":{"@id":"https:\/\/amu.pan.pl\/#\/schema\/logo\/image\/"},"sameAs":["https:\/\/www.facebook.com\/AkademiaMlodychUczonych\/","https:\/\/x.com\/AMUPAN1"]}]}},"_links":{"self":[{"href":"https:\/\/amu.pan.pl\/en\/wp-json\/wp\/v2\/pages\/92","targetHints":{"allow":["GET"]}}],"collection":[{"href":"https:\/\/amu.pan.pl\/en\/wp-json\/wp\/v2\/pages"}],"about":[{"href":"https:\/\/amu.pan.pl\/en\/wp-json\/wp\/v2\/types\/page"}],"author":[{"embeddable":true,"href":"https:\/\/amu.pan.pl\/en\/wp-json\/wp\/v2\/users\/2"}],"replies":[{"embeddable":true,"href":"https:\/\/amu.pan.pl\/en\/wp-json\/wp\/v2\/comments?post=92"}],"version-history":[{"count":0,"href":"https:\/\/amu.pan.pl\/en\/wp-json\/wp\/v2\/pages\/92\/revisions"}],"wp:featuredmedia":[{"embeddable":true,"href":"https:\/\/amu.pan.pl\/en\/wp-json\/wp\/v2\/media\/91"}],"wp:attachment":[{"href":"https:\/\/amu.pan.pl\/en\/wp-json\/wp\/v2\/media?parent=92"}],"curies":[{"name":"wp","href":"https:\/\/api.w.org\/{rel}","templated":true}]}}