{"id":93,"date":"2016-02-26T11:52:05","date_gmt":"2016-02-26T10:52:05","guid":{"rendered":"https:\/\/amu.pan.pl\/test\/2016\/02\/26\/tomasz-markiewicz\/"},"modified":"2020-10-02T23:57:45","modified_gmt":"2020-10-02T21:57:45","slug":"tomasz-markiewicz","status":"publish","type":"page","link":"https:\/\/amu.pan.pl\/en\/tomasz-markiewicz\/","title":{"rendered":"Tomasz Markiewicz"},"content":{"rendered":"<p>Dr hab. in\u017c. Tomasz Markiewicz (ur. 1976), prof. nzw. PW, pracuje w Zak\u0142adzie Elektrotechniki Teoretycznej i Informatyki Stosowanej Wydzia\u0142u Elektrycznego Politechniki Warszawskiej. Jest specjalist\u0105 z zagadnie\u0144 in\u017cynierii biomedycznej, w szczeg&oacute;lno\u015bci w zakresie przetwarzania sygna\u0142&oacute;w i obraz&oacute;w medycznych. Od 2007 roku pracuje r&oacute;wnocze\u015bnie w Zak\u0142adzie Patomorfologii Wojskowego Instytutu Medycznego w Warszawie. Dr hab. in\u017c. Tomasz Markiewicz jest absolwentem Wydzia\u0142u Elektrycznego Politechniki Warszawskiej w roku 2001, stopie\u0144 doktora nauk technicznych uzyska\u0142 w roku 2006 (rozprawa doktorska pt. &#8220;Sieci neuronowe SVM w zastosowaniu do klasyfikacji obraz&oacute;w kom&oacute;rek szpiku kostnego&#8221;), za\u015b stopie\u0144 doktora habilitowanego nauk technicznych w roku 2011 (rozprawa habilitacyjna p.t. ,,Wybrane metody i narz\u0119dzia wydobywania informacji z obraz&oacute;w histologicznych w zastosowaniu do wspomagania diagnostyki patomorfologicznej&rdquo;). W trakcie dotychczasowej pracy naukowej dr hab. in\u017c. Tomasz Markiewicz uczestniczy\u0142 w realizacji siedmiu projekt&oacute;w naukowych, w tym grantu KBN nr 4 T10A 001 23 &bdquo;Nowe generacje sztucznych sieci neuronowych do zada\u0144 klasyfikacji i regresji&rdquo;, rozwijaj\u0105c algorytmy ucz\u0105ce sieci neuronowych, grantu promotorskiego MNiI nr 3 T10A 060 26 &bdquo;Sieci neuronowe SVM w zastosowaniu do klasyfikacji obraz&oacute;w kom&oacute;rek szpiku kostnego&#8221;, realizowanych na Politechnice Warszawskiej, oraz grantu zamawianego MNiSW POL-POSTDOC II Nr PBZ\/MEiN\/01\/2006\/42 dla m\u0142odych doktor&oacute;w, realizowanego w Wojskowym Instytucie Medycznym. Pod koniec 2006 roku odby\u0142 6-cio tygodniowy sta\u017c w Brain Science Institute w Japonii. W latach 2009-2011 nale\u017ca\u0142 do Europejskiej grupy badawczej w ramach &#8220;COST European Cooperation in Science and Technology&#8221;, Information and Communication Technologies (ITC) Action IC0604 &#8221; Telepathology Network in Europe: EURO-TELEPATH&#8221; 2007-2011.&nbsp; G\u0142&oacute;wnym kierunkiem prowadzonych bada\u0144 jest automatyczna analiza komputerowa obraz&oacute;w medycznych, w tym obraz&oacute;w rozmaz&oacute;w szpiku kostnego, obraz&oacute;w preparat&oacute;w histologicznych r&oacute;\u017cnych tkanek ludzkich oraz obraz&oacute;w tomograficznych. Badania dotycz\u0105 tkanek zar&oacute;wno nowotworowych, zmian zapalnych wybranych organ&oacute;w (mikroskopia), jak r&oacute;wnie\u017c obrazowania zmian mia\u017cd\u017cycowych t\u0119tnic (tomografia komputerowa). Ich celem jest opracowanie i rozwijanie algorytm&oacute;w s\u0142u\u017c\u0105cych do wspomagania diagnostyki medycznej. Prace te ciesz\u0105 si\u0119 du\u017cym zainteresowaniem \u015brodowiska naukowego zajmuj\u0105cego si\u0119 zbli\u017con\u0105 tematyk\u0105, czego wyrazem s\u0105 publikacje artyku\u0142&oacute;w w renomowanych czasopismach, takich jak Analytical and Quantitative Cytology and Histology,&nbsp; IEEE Transactions on Instrumentation and Measurement, Folia Histochemica et Cytobiologica oraz Diagnostic Pathology. Dr hab. in\u017c. Tomasz Markiewicz jest recenzentem w czasopismach IEEE Transaction on Neural Networks and Learning Systems, IEEE Transactions on Medical Imaging, International Journal of Applied Mathematics and Computer Science, Neuroscomputing, Computer Vision and Image Understanding, Diagnostic Pathology, Clinical Breast Cancer, Folia Histochemica et Cytobiologica, jak r&oacute;wnie\u017c konferencji mi\u0119dzynarodowych (m.in. IJCNN, ISNN). Od 2013 roku pe\u0142ni funkcje kierownika dw&oacute;ch projekt&oacute;w badawczych:&nbsp; &#8220;Metody i algorytmy morfometrii ilo\u015bciowej w komputerowej analizie obraz&oacute;w mikroskopowych nowotwor&oacute;w i innych zmian chorobowych w patomorfologii &#8221; w ramach konkursu NCN OPUS 4, realizowanego w Politechnice Warszawskiej, oraz &#8220;Platforma internetowa komputerowej analizy obraz&oacute;w mikroskopowych do wspomagania wsp&oacute;\u0142czesnej diagnostyki patomorfologicznej&#8221;, w ramach konkursu NCBiR PBS II, realizowanego w konsorcjum Wojskowy Instytut Medyczny, Politechnika Warszawska i Instytut Biocybernetyki In\u017cynierii Biomedycznej PAN.<\/p>","protected":false},"excerpt":{"rendered":"<p>Dr hab. in\u017c. Tomasz Markiewicz (ur. 1976), prof. nzw. PW, pracuje w Zak\u0142adzie Elektrotechniki Teoretycznej i Informatyki Stosowanej Wydzia\u0142u Elektrycznego Politechniki Warszawskiej. Jest specjalist\u0105 z zagadnie\u0144 in\u017cynierii biomedycznej, w szczeg&oacute;lno\u015bci w zakresie przetwarzania sygna\u0142&oacute;w i obraz&oacute;w medycznych. Od 2007 roku pracuje r&oacute;wnocze\u015bnie w Zak\u0142adzie Patomorfologii Wojskowego Instytutu Medycznego w Warszawie. Dr hab. in\u017c. Tomasz Markiewicz [&hellip;]<\/p>","protected":false},"author":2,"featured_media":0,"parent":0,"menu_order":48,"comment_status":"open","ping_status":"open","template":"","meta":{"_monsterinsights_skip_tracking":false,"_monsterinsights_sitenote_active":false,"_monsterinsights_sitenote_note":"","_monsterinsights_sitenote_category":0,"footnotes":""},"class_list":["post-93","page","type-page","status-publish","hentry"],"yoast_head":"<!-- This site is optimized with the Yoast SEO plugin v25.0 - https:\/\/yoast.com\/wordpress\/plugins\/seo\/ -->\n<title>Tomasz Markiewicz - Akademia M\u0142odych Uczonych<\/title>\n<meta name=\"robots\" content=\"index, follow, max-snippet:-1, max-image-preview:large, max-video-preview:-1\" \/>\n<link rel=\"canonical\" href=\"https:\/\/amu.pan.pl\/en\/tomasz-markiewicz\/\" \/>\n<meta property=\"og:locale\" content=\"en_GB\" \/>\n<meta property=\"og:type\" content=\"article\" \/>\n<meta property=\"og:title\" content=\"Tomasz Markiewicz - Akademia M\u0142odych Uczonych\" \/>\n<meta property=\"og:description\" content=\"Dr hab. in\u017c. Tomasz Markiewicz (ur. 1976), prof. nzw. PW, pracuje w Zak\u0142adzie Elektrotechniki Teoretycznej i Informatyki Stosowanej Wydzia\u0142u Elektrycznego Politechniki Warszawskiej. Jest specjalist\u0105 z zagadnie\u0144 in\u017cynierii biomedycznej, w szczeg&oacute;lno\u015bci w zakresie przetwarzania sygna\u0142&oacute;w i obraz&oacute;w medycznych. Od 2007 roku pracuje r&oacute;wnocze\u015bnie w Zak\u0142adzie Patomorfologii Wojskowego Instytutu Medycznego w Warszawie. Dr hab. in\u017c. Tomasz Markiewicz [&hellip;]\" \/>\n<meta property=\"og:url\" content=\"https:\/\/amu.pan.pl\/en\/tomasz-markiewicz\/\" \/>\n<meta property=\"og:site_name\" content=\"Akademia M\u0142odych Uczonych\" \/>\n<meta property=\"article:publisher\" content=\"https:\/\/www.facebook.com\/AkademiaMlodychUczonych\/\" \/>\n<meta property=\"article:modified_time\" content=\"2020-10-02T21:57:45+00:00\" \/>\n<meta property=\"og:image\" content=\"https:\/\/amu.pan.pl\/wp-content\/uploads\/2020\/09\/AMU_logo.png\" \/>\n\t<meta property=\"og:image:width\" content=\"600\" \/>\n\t<meta property=\"og:image:height\" content=\"342\" \/>\n\t<meta property=\"og:image:type\" content=\"image\/png\" \/>\n<meta name=\"twitter:card\" content=\"summary_large_image\" \/>\n<meta name=\"twitter:site\" content=\"@AMUPAN1\" \/>\n<meta name=\"twitter:label1\" content=\"Estimated reading time\" \/>\n\t<meta name=\"twitter:data1\" content=\"3 minutes\" \/>\n<script type=\"application\/ld+json\" class=\"yoast-schema-graph\">{\"@context\":\"https:\/\/schema.org\",\"@graph\":[{\"@type\":\"WebPage\",\"@id\":\"https:\/\/amu.pan.pl\/en\/tomasz-markiewicz\/\",\"url\":\"https:\/\/amu.pan.pl\/en\/tomasz-markiewicz\/\",\"name\":\"Tomasz Markiewicz - Akademia M\u0142odych Uczonych\",\"isPartOf\":{\"@id\":\"https:\/\/amu.pan.pl\/#website\"},\"datePublished\":\"2016-02-26T10:52:05+00:00\",\"dateModified\":\"2020-10-02T21:57:45+00:00\",\"breadcrumb\":{\"@id\":\"https:\/\/amu.pan.pl\/en\/tomasz-markiewicz\/#breadcrumb\"},\"inLanguage\":\"en-GB\",\"potentialAction\":[{\"@type\":\"ReadAction\",\"target\":[\"https:\/\/amu.pan.pl\/en\/tomasz-markiewicz\/\"]}]},{\"@type\":\"BreadcrumbList\",\"@id\":\"https:\/\/amu.pan.pl\/en\/tomasz-markiewicz\/#breadcrumb\",\"itemListElement\":[{\"@type\":\"ListItem\",\"position\":1,\"name\":\"Strona g\u0142\u00f3wna\",\"item\":\"https:\/\/amu.pan.pl\/\"},{\"@type\":\"ListItem\",\"position\":2,\"name\":\"Tomasz Markiewicz\"}]},{\"@type\":\"WebSite\",\"@id\":\"https:\/\/amu.pan.pl\/#website\",\"url\":\"https:\/\/amu.pan.pl\/\",\"name\":\"Akademia M\u0142odych Uczonych\",\"description\":\"Polska Akademia Nauk\",\"publisher\":{\"@id\":\"https:\/\/amu.pan.pl\/#organization\"},\"potentialAction\":[{\"@type\":\"SearchAction\",\"target\":{\"@type\":\"EntryPoint\",\"urlTemplate\":\"https:\/\/amu.pan.pl\/?s={search_term_string}\"},\"query-input\":{\"@type\":\"PropertyValueSpecification\",\"valueRequired\":true,\"valueName\":\"search_term_string\"}}],\"inLanguage\":\"en-GB\"},{\"@type\":\"Organization\",\"@id\":\"https:\/\/amu.pan.pl\/#organization\",\"name\":\"Akademia M\u0142odych Uczonych\",\"url\":\"https:\/\/amu.pan.pl\/\",\"logo\":{\"@type\":\"ImageObject\",\"inLanguage\":\"en-GB\",\"@id\":\"https:\/\/amu.pan.pl\/#\/schema\/logo\/image\/\",\"url\":\"https:\/\/amu.pan.pl\/wp-content\/uploads\/2020\/08\/zz_amu.png\",\"contentUrl\":\"https:\/\/amu.pan.pl\/wp-content\/uploads\/2020\/08\/zz_amu.png\",\"width\":2794,\"height\":1016,\"caption\":\"Akademia M\u0142odych Uczonych\"},\"image\":{\"@id\":\"https:\/\/amu.pan.pl\/#\/schema\/logo\/image\/\"},\"sameAs\":[\"https:\/\/www.facebook.com\/AkademiaMlodychUczonych\/\",\"https:\/\/x.com\/AMUPAN1\"]}]}<\/script>\n<!-- \/ Yoast SEO plugin. -->","yoast_head_json":{"title":"Tomasz Markiewicz - Akademia M\u0142odych Uczonych","robots":{"index":"index","follow":"follow","max-snippet":"max-snippet:-1","max-image-preview":"max-image-preview:large","max-video-preview":"max-video-preview:-1"},"canonical":"https:\/\/amu.pan.pl\/en\/tomasz-markiewicz\/","og_locale":"en_GB","og_type":"article","og_title":"Tomasz Markiewicz - Akademia M\u0142odych Uczonych","og_description":"Dr hab. in\u017c. Tomasz Markiewicz (ur. 1976), prof. nzw. PW, pracuje w Zak\u0142adzie Elektrotechniki Teoretycznej i Informatyki Stosowanej Wydzia\u0142u Elektrycznego Politechniki Warszawskiej. Jest specjalist\u0105 z zagadnie\u0144 in\u017cynierii biomedycznej, w szczeg&oacute;lno\u015bci w zakresie przetwarzania sygna\u0142&oacute;w i obraz&oacute;w medycznych. Od 2007 roku pracuje r&oacute;wnocze\u015bnie w Zak\u0142adzie Patomorfologii Wojskowego Instytutu Medycznego w Warszawie. Dr hab. in\u017c. Tomasz Markiewicz [&hellip;]","og_url":"https:\/\/amu.pan.pl\/en\/tomasz-markiewicz\/","og_site_name":"Akademia M\u0142odych Uczonych","article_publisher":"https:\/\/www.facebook.com\/AkademiaMlodychUczonych\/","article_modified_time":"2020-10-02T21:57:45+00:00","og_image":[{"width":600,"height":342,"url":"https:\/\/amu.pan.pl\/wp-content\/uploads\/2020\/09\/AMU_logo.png","type":"image\/png"}],"twitter_card":"summary_large_image","twitter_site":"@AMUPAN1","twitter_misc":{"Estimated reading time":"3 minutes"},"schema":{"@context":"https:\/\/schema.org","@graph":[{"@type":"WebPage","@id":"https:\/\/amu.pan.pl\/en\/tomasz-markiewicz\/","url":"https:\/\/amu.pan.pl\/en\/tomasz-markiewicz\/","name":"Tomasz Markiewicz - Akademia M\u0142odych Uczonych","isPartOf":{"@id":"https:\/\/amu.pan.pl\/#website"},"datePublished":"2016-02-26T10:52:05+00:00","dateModified":"2020-10-02T21:57:45+00:00","breadcrumb":{"@id":"https:\/\/amu.pan.pl\/en\/tomasz-markiewicz\/#breadcrumb"},"inLanguage":"en-GB","potentialAction":[{"@type":"ReadAction","target":["https:\/\/amu.pan.pl\/en\/tomasz-markiewicz\/"]}]},{"@type":"BreadcrumbList","@id":"https:\/\/amu.pan.pl\/en\/tomasz-markiewicz\/#breadcrumb","itemListElement":[{"@type":"ListItem","position":1,"name":"Strona g\u0142\u00f3wna","item":"https:\/\/amu.pan.pl\/"},{"@type":"ListItem","position":2,"name":"Tomasz Markiewicz"}]},{"@type":"WebSite","@id":"https:\/\/amu.pan.pl\/#website","url":"https:\/\/amu.pan.pl\/","name":"Akademia M\u0142odych Uczonych","description":"Polska Akademia Nauk","publisher":{"@id":"https:\/\/amu.pan.pl\/#organization"},"potentialAction":[{"@type":"SearchAction","target":{"@type":"EntryPoint","urlTemplate":"https:\/\/amu.pan.pl\/?s={search_term_string}"},"query-input":{"@type":"PropertyValueSpecification","valueRequired":true,"valueName":"search_term_string"}}],"inLanguage":"en-GB"},{"@type":"Organization","@id":"https:\/\/amu.pan.pl\/#organization","name":"Akademia M\u0142odych Uczonych","url":"https:\/\/amu.pan.pl\/","logo":{"@type":"ImageObject","inLanguage":"en-GB","@id":"https:\/\/amu.pan.pl\/#\/schema\/logo\/image\/","url":"https:\/\/amu.pan.pl\/wp-content\/uploads\/2020\/08\/zz_amu.png","contentUrl":"https:\/\/amu.pan.pl\/wp-content\/uploads\/2020\/08\/zz_amu.png","width":2794,"height":1016,"caption":"Akademia M\u0142odych Uczonych"},"image":{"@id":"https:\/\/amu.pan.pl\/#\/schema\/logo\/image\/"},"sameAs":["https:\/\/www.facebook.com\/AkademiaMlodychUczonych\/","https:\/\/x.com\/AMUPAN1"]}]}},"_links":{"self":[{"href":"https:\/\/amu.pan.pl\/en\/wp-json\/wp\/v2\/pages\/93","targetHints":{"allow":["GET"]}}],"collection":[{"href":"https:\/\/amu.pan.pl\/en\/wp-json\/wp\/v2\/pages"}],"about":[{"href":"https:\/\/amu.pan.pl\/en\/wp-json\/wp\/v2\/types\/page"}],"author":[{"embeddable":true,"href":"https:\/\/amu.pan.pl\/en\/wp-json\/wp\/v2\/users\/2"}],"replies":[{"embeddable":true,"href":"https:\/\/amu.pan.pl\/en\/wp-json\/wp\/v2\/comments?post=93"}],"version-history":[{"count":0,"href":"https:\/\/amu.pan.pl\/en\/wp-json\/wp\/v2\/pages\/93\/revisions"}],"wp:attachment":[{"href":"https:\/\/amu.pan.pl\/en\/wp-json\/wp\/v2\/media?parent=93"}],"curies":[{"name":"wp","href":"https:\/\/api.w.org\/{rel}","templated":true}]}}