{"id":97,"date":"2016-02-26T13:19:40","date_gmt":"2016-02-26T12:19:40","guid":{"rendered":"https:\/\/amu.pan.pl\/test\/2016\/02\/26\/konrad-osajda\/"},"modified":"2020-10-02T23:57:45","modified_gmt":"2020-10-02T21:57:45","slug":"konrad-osajda","status":"publish","type":"page","link":"https:\/\/amu.pan.pl\/en\/konrad-osajda\/","title":{"rendered":"Konrad Osajda"},"content":{"rendered":"<p style=\"text-align: center;\"><img fetchpriority=\"high\" decoding=\"async\" class=\"size-full wp-image-96\" src=\"https:\/\/amu.pan.pl\/wp-content\/uploads\/2016\/02\/Konrad_Osajda.jpg\" alt=\"\" width=\"300\" height=\"450\" \/><\/p>\n<p>dr hab. Konrad Osajda, LLM Wydzia\u0142a Prawa i Administracji Uniwersytet Warszawski<\/p>\n<p style=\"text-align: justify;\">Dr hab. Konrad Osajda uko\u0144czy\u0142 z wyr&oacute;\u017cnieniem studia na WPiA UW oraz na Uniwersytecie w Ottawie (LL.M.). Aktualnie pracuje w Instytucie Prawa Cywilnego na WPiA UW oraz jest cz\u0142onkiem Biura Studi&oacute;w i Analiz S\u0105du Najwy\u017cszego. Prowadzi\u0142 zaj\u0119cia (comparative contract law) jako visiting professor na Uniwersytecie Ottawskim w 2013 i 2015 r.<\/p>\n<p style=\"text-align: justify;\">Jest cz\u0142onkiem wielu presti\u017cowych organizacji naukowych i stowarzysze\u0144: European Law Institute, Komitetu Nauk Prawnych PAN, Zespo\u0142u Problemowego ds. Prawa Spadkowego Komisji Kodyfikacyjnej Prawa Cywilnego oraz Akademii M\u0142odych Uczonych PAN.<\/p>\n<p style=\"text-align: justify;\">Otrzyma\u0142 wiele nagr&oacute;d i stypendi&oacute;w, w\u015br&oacute;d kt&oacute;rych na wyr&oacute;\u017cnienie zas\u0142uguj\u0105: stypendium dla wybitnego m\u0142odego naukowca MNiSW (dwukrotnie: 2011, 2015), stypendium Instytutu Maxa Plancka (2011), stypendium Fundacji na Rzecz Nauki Polskiej (dwukrotnie: 2006, 2007), stypendium Polityki (2008), the Edward Barry McDougall Memorial Scholarship (2005), nagrod\u0119 w konkursie Primus Inter Pares &ndash; Primus Expert: Prawnik (2004). Jego monografia naukowa o odpowiedzialno\u015bci cz\u0142onk&oacute;w zarz\u0105du sp&oacute;\u0142ki z o.o. za jej zobowi\u0105zania uzyska\u0142a nagrod\u0119 &bdquo;Z\u0142ote Skrzyd\u0142a&#8221; przyznawan\u0105 najlepszej pracy opublikowanej w danym roku w zakresie prawa handlowego (2009).<\/p>\n<p style=\"text-align: justify;\">Dr hab. Konrad Osajda opublikowa\u0142 kilka monografii naukowych i du\u017c\u0105 liczb\u0119 artyku\u0142&oacute;w w recenzowanych czasopismach prawniczych. Jest ponadto redaktorem naczelnym kilkutomowego komentarza do kodeksu cywilnego.<\/p>\n<p style=\"text-align: justify;\">G\u0142&oacute;wne obszary jego zainteresowa\u0144 badawczych to prawo prywatne (szczeg&oacute;lnie w uj\u0119ciu prawnopor&oacute;wnawczym). Specjalizuje si\u0119 przede wszystkim w zakresie prawa spadkowego (w tej dziedzinie opublikowa\u0142 rozpraw\u0119 pt.: &bdquo;Ustanowienie spadkobiercy w systemach prawnych common law i civil law&#8221;) oraz prawa handlowego i sp&oacute;\u0142ek handlowych (monografia pt.: &bdquo;Niewyp\u0142acalno\u015b\u0107 sp&oacute;\u0142ki z o.o. Odpowiedzialno\u015b\u0107 cz\u0142onk&oacute;w zarz\u0105du wobec jej wierzycieli&rdquo;).<\/p>","protected":false},"excerpt":{"rendered":"<p>dr hab. Konrad Osajda, LLM Wydzia\u0142a Prawa i Administracji Uniwersytet Warszawski Dr hab. Konrad Osajda uko\u0144czy\u0142 z wyr&oacute;\u017cnieniem studia na WPiA UW oraz na Uniwersytecie w Ottawie (LL.M.). Aktualnie pracuje w Instytucie Prawa Cywilnego na WPiA UW oraz jest cz\u0142onkiem Biura Studi&oacute;w i Analiz S\u0105du Najwy\u017cszego. Prowadzi\u0142 zaj\u0119cia (comparative contract law) jako visiting professor na&hellip;&nbsp;<a href=\"https:\/\/amu.pan.pl\/en\/konrad-osajda\/\" rel=\"bookmark\">Read More &raquo;<span class=\"screen-reader-text\">Konrad Osajda<\/span><\/a><\/p>","protected":false},"author":2,"featured_media":96,"parent":0,"menu_order":43,"comment_status":"open","ping_status":"open","template":"","meta":{"_monsterinsights_skip_tracking":false,"_monsterinsights_sitenote_active":false,"_monsterinsights_sitenote_note":"","_monsterinsights_sitenote_category":0,"neve_meta_sidebar":"","neve_meta_container":"","neve_meta_enable_content_width":"","neve_meta_content_width":0,"neve_meta_title_alignment":"","neve_meta_author_avatar":"","neve_post_elements_order":"","neve_meta_disable_header":"","neve_meta_disable_footer":"","neve_meta_disable_title":"","footnotes":""},"class_list":["post-97","page","type-page","status-publish","has-post-thumbnail","hentry"],"yoast_head":"<!-- This site is optimized with the Yoast SEO plugin v25.0 - https:\/\/yoast.com\/wordpress\/plugins\/seo\/ -->\n<title>Konrad Osajda - Akademia M\u0142odych Uczonych<\/title>\n<meta name=\"robots\" content=\"index, follow, max-snippet:-1, max-image-preview:large, max-video-preview:-1\" \/>\n<link rel=\"canonical\" href=\"https:\/\/amu.pan.pl\/en\/konrad-osajda\/\" \/>\n<meta property=\"og:locale\" content=\"en_GB\" \/>\n<meta property=\"og:type\" content=\"article\" \/>\n<meta property=\"og:title\" content=\"Konrad Osajda - Akademia M\u0142odych Uczonych\" \/>\n<meta property=\"og:description\" content=\"dr hab. Konrad Osajda, LLM Wydzia\u0142a Prawa i Administracji Uniwersytet Warszawski Dr hab. Konrad Osajda uko\u0144czy\u0142 z wyr&oacute;\u017cnieniem studia na WPiA UW oraz na Uniwersytecie w Ottawie (LL.M.). Aktualnie pracuje w Instytucie Prawa Cywilnego na WPiA UW oraz jest cz\u0142onkiem Biura Studi&oacute;w i Analiz S\u0105du Najwy\u017cszego. Prowadzi\u0142 zaj\u0119cia (comparative contract law) jako visiting professor na&hellip;&nbsp;Read More &raquo;Konrad Osajda\" \/>\n<meta property=\"og:url\" content=\"https:\/\/amu.pan.pl\/en\/konrad-osajda\/\" \/>\n<meta property=\"og:site_name\" content=\"Akademia M\u0142odych Uczonych\" \/>\n<meta property=\"article:publisher\" content=\"https:\/\/www.facebook.com\/AkademiaMlodychUczonych\/\" \/>\n<meta property=\"article:modified_time\" content=\"2020-10-02T21:57:45+00:00\" \/>\n<meta property=\"og:image\" content=\"https:\/\/amu.pan.pl\/wp-content\/uploads\/2016\/02\/Konrad_Osajda.jpg\" \/>\n\t<meta property=\"og:image:width\" content=\"300\" \/>\n\t<meta property=\"og:image:height\" content=\"450\" \/>\n\t<meta property=\"og:image:type\" content=\"image\/jpeg\" \/>\n<meta name=\"twitter:card\" content=\"summary_large_image\" \/>\n<meta name=\"twitter:site\" content=\"@AMUPAN1\" \/>\n<meta name=\"twitter:label1\" content=\"Estimated reading time\" \/>\n\t<meta name=\"twitter:data1\" content=\"2 minutes\" \/>\n<script type=\"application\/ld+json\" class=\"yoast-schema-graph\">{\"@context\":\"https:\/\/schema.org\",\"@graph\":[{\"@type\":\"WebPage\",\"@id\":\"https:\/\/amu.pan.pl\/en\/konrad-osajda\/\",\"url\":\"https:\/\/amu.pan.pl\/en\/konrad-osajda\/\",\"name\":\"Konrad Osajda - Akademia M\u0142odych Uczonych\",\"isPartOf\":{\"@id\":\"https:\/\/amu.pan.pl\/#website\"},\"primaryImageOfPage\":{\"@id\":\"https:\/\/amu.pan.pl\/en\/konrad-osajda\/#primaryimage\"},\"image\":{\"@id\":\"https:\/\/amu.pan.pl\/en\/konrad-osajda\/#primaryimage\"},\"thumbnailUrl\":\"https:\/\/amu.pan.pl\/wp-content\/uploads\/2016\/02\/Konrad_Osajda.jpg\",\"datePublished\":\"2016-02-26T12:19:40+00:00\",\"dateModified\":\"2020-10-02T21:57:45+00:00\",\"breadcrumb\":{\"@id\":\"https:\/\/amu.pan.pl\/en\/konrad-osajda\/#breadcrumb\"},\"inLanguage\":\"en-GB\",\"potentialAction\":[{\"@type\":\"ReadAction\",\"target\":[\"https:\/\/amu.pan.pl\/en\/konrad-osajda\/\"]}]},{\"@type\":\"ImageObject\",\"inLanguage\":\"en-GB\",\"@id\":\"https:\/\/amu.pan.pl\/en\/konrad-osajda\/#primaryimage\",\"url\":\"https:\/\/amu.pan.pl\/wp-content\/uploads\/2016\/02\/Konrad_Osajda.jpg\",\"contentUrl\":\"https:\/\/amu.pan.pl\/wp-content\/uploads\/2016\/02\/Konrad_Osajda.jpg\",\"width\":300,\"height\":450},{\"@type\":\"BreadcrumbList\",\"@id\":\"https:\/\/amu.pan.pl\/en\/konrad-osajda\/#breadcrumb\",\"itemListElement\":[{\"@type\":\"ListItem\",\"position\":1,\"name\":\"Strona g\u0142\u00f3wna\",\"item\":\"https:\/\/amu.pan.pl\/\"},{\"@type\":\"ListItem\",\"position\":2,\"name\":\"Konrad Osajda\"}]},{\"@type\":\"WebSite\",\"@id\":\"https:\/\/amu.pan.pl\/#website\",\"url\":\"https:\/\/amu.pan.pl\/\",\"name\":\"Akademia M\u0142odych Uczonych\",\"description\":\"Polska Akademia Nauk\",\"publisher\":{\"@id\":\"https:\/\/amu.pan.pl\/#organization\"},\"potentialAction\":[{\"@type\":\"SearchAction\",\"target\":{\"@type\":\"EntryPoint\",\"urlTemplate\":\"https:\/\/amu.pan.pl\/?s={search_term_string}\"},\"query-input\":{\"@type\":\"PropertyValueSpecification\",\"valueRequired\":true,\"valueName\":\"search_term_string\"}}],\"inLanguage\":\"en-GB\"},{\"@type\":\"Organization\",\"@id\":\"https:\/\/amu.pan.pl\/#organization\",\"name\":\"Akademia M\u0142odych Uczonych\",\"url\":\"https:\/\/amu.pan.pl\/\",\"logo\":{\"@type\":\"ImageObject\",\"inLanguage\":\"en-GB\",\"@id\":\"https:\/\/amu.pan.pl\/#\/schema\/logo\/image\/\",\"url\":\"https:\/\/amu.pan.pl\/wp-content\/uploads\/2020\/08\/zz_amu.png\",\"contentUrl\":\"https:\/\/amu.pan.pl\/wp-content\/uploads\/2020\/08\/zz_amu.png\",\"width\":2794,\"height\":1016,\"caption\":\"Akademia M\u0142odych Uczonych\"},\"image\":{\"@id\":\"https:\/\/amu.pan.pl\/#\/schema\/logo\/image\/\"},\"sameAs\":[\"https:\/\/www.facebook.com\/AkademiaMlodychUczonych\/\",\"https:\/\/x.com\/AMUPAN1\"]}]}<\/script>\n<!-- \/ Yoast SEO plugin. -->","yoast_head_json":{"title":"Konrad Osajda - Akademia M\u0142odych Uczonych","robots":{"index":"index","follow":"follow","max-snippet":"max-snippet:-1","max-image-preview":"max-image-preview:large","max-video-preview":"max-video-preview:-1"},"canonical":"https:\/\/amu.pan.pl\/en\/konrad-osajda\/","og_locale":"en_GB","og_type":"article","og_title":"Konrad Osajda - Akademia M\u0142odych Uczonych","og_description":"dr hab. Konrad Osajda, LLM Wydzia\u0142a Prawa i Administracji Uniwersytet Warszawski Dr hab. Konrad Osajda uko\u0144czy\u0142 z wyr&oacute;\u017cnieniem studia na WPiA UW oraz na Uniwersytecie w Ottawie (LL.M.). Aktualnie pracuje w Instytucie Prawa Cywilnego na WPiA UW oraz jest cz\u0142onkiem Biura Studi&oacute;w i Analiz S\u0105du Najwy\u017cszego. Prowadzi\u0142 zaj\u0119cia (comparative contract law) jako visiting professor na&hellip;&nbsp;Read More &raquo;Konrad Osajda","og_url":"https:\/\/amu.pan.pl\/en\/konrad-osajda\/","og_site_name":"Akademia M\u0142odych Uczonych","article_publisher":"https:\/\/www.facebook.com\/AkademiaMlodychUczonych\/","article_modified_time":"2020-10-02T21:57:45+00:00","og_image":[{"width":300,"height":450,"url":"https:\/\/amu.pan.pl\/wp-content\/uploads\/2016\/02\/Konrad_Osajda.jpg","type":"image\/jpeg"}],"twitter_card":"summary_large_image","twitter_site":"@AMUPAN1","twitter_misc":{"Estimated reading time":"2 minutes"},"schema":{"@context":"https:\/\/schema.org","@graph":[{"@type":"WebPage","@id":"https:\/\/amu.pan.pl\/en\/konrad-osajda\/","url":"https:\/\/amu.pan.pl\/en\/konrad-osajda\/","name":"Konrad Osajda - Akademia M\u0142odych Uczonych","isPartOf":{"@id":"https:\/\/amu.pan.pl\/#website"},"primaryImageOfPage":{"@id":"https:\/\/amu.pan.pl\/en\/konrad-osajda\/#primaryimage"},"image":{"@id":"https:\/\/amu.pan.pl\/en\/konrad-osajda\/#primaryimage"},"thumbnailUrl":"https:\/\/amu.pan.pl\/wp-content\/uploads\/2016\/02\/Konrad_Osajda.jpg","datePublished":"2016-02-26T12:19:40+00:00","dateModified":"2020-10-02T21:57:45+00:00","breadcrumb":{"@id":"https:\/\/amu.pan.pl\/en\/konrad-osajda\/#breadcrumb"},"inLanguage":"en-GB","potentialAction":[{"@type":"ReadAction","target":["https:\/\/amu.pan.pl\/en\/konrad-osajda\/"]}]},{"@type":"ImageObject","inLanguage":"en-GB","@id":"https:\/\/amu.pan.pl\/en\/konrad-osajda\/#primaryimage","url":"https:\/\/amu.pan.pl\/wp-content\/uploads\/2016\/02\/Konrad_Osajda.jpg","contentUrl":"https:\/\/amu.pan.pl\/wp-content\/uploads\/2016\/02\/Konrad_Osajda.jpg","width":300,"height":450},{"@type":"BreadcrumbList","@id":"https:\/\/amu.pan.pl\/en\/konrad-osajda\/#breadcrumb","itemListElement":[{"@type":"ListItem","position":1,"name":"Strona g\u0142\u00f3wna","item":"https:\/\/amu.pan.pl\/"},{"@type":"ListItem","position":2,"name":"Konrad Osajda"}]},{"@type":"WebSite","@id":"https:\/\/amu.pan.pl\/#website","url":"https:\/\/amu.pan.pl\/","name":"Akademia M\u0142odych Uczonych","description":"Polska Akademia Nauk","publisher":{"@id":"https:\/\/amu.pan.pl\/#organization"},"potentialAction":[{"@type":"SearchAction","target":{"@type":"EntryPoint","urlTemplate":"https:\/\/amu.pan.pl\/?s={search_term_string}"},"query-input":{"@type":"PropertyValueSpecification","valueRequired":true,"valueName":"search_term_string"}}],"inLanguage":"en-GB"},{"@type":"Organization","@id":"https:\/\/amu.pan.pl\/#organization","name":"Akademia M\u0142odych Uczonych","url":"https:\/\/amu.pan.pl\/","logo":{"@type":"ImageObject","inLanguage":"en-GB","@id":"https:\/\/amu.pan.pl\/#\/schema\/logo\/image\/","url":"https:\/\/amu.pan.pl\/wp-content\/uploads\/2020\/08\/zz_amu.png","contentUrl":"https:\/\/amu.pan.pl\/wp-content\/uploads\/2020\/08\/zz_amu.png","width":2794,"height":1016,"caption":"Akademia M\u0142odych Uczonych"},"image":{"@id":"https:\/\/amu.pan.pl\/#\/schema\/logo\/image\/"},"sameAs":["https:\/\/www.facebook.com\/AkademiaMlodychUczonych\/","https:\/\/x.com\/AMUPAN1"]}]}},"_links":{"self":[{"href":"https:\/\/amu.pan.pl\/en\/wp-json\/wp\/v2\/pages\/97","targetHints":{"allow":["GET"]}}],"collection":[{"href":"https:\/\/amu.pan.pl\/en\/wp-json\/wp\/v2\/pages"}],"about":[{"href":"https:\/\/amu.pan.pl\/en\/wp-json\/wp\/v2\/types\/page"}],"author":[{"embeddable":true,"href":"https:\/\/amu.pan.pl\/en\/wp-json\/wp\/v2\/users\/2"}],"replies":[{"embeddable":true,"href":"https:\/\/amu.pan.pl\/en\/wp-json\/wp\/v2\/comments?post=97"}],"version-history":[{"count":0,"href":"https:\/\/amu.pan.pl\/en\/wp-json\/wp\/v2\/pages\/97\/revisions"}],"wp:featuredmedia":[{"embeddable":true,"href":"https:\/\/amu.pan.pl\/en\/wp-json\/wp\/v2\/media\/96"}],"wp:attachment":[{"href":"https:\/\/amu.pan.pl\/en\/wp-json\/wp\/v2\/media?parent=97"}],"curies":[{"name":"wp","href":"https:\/\/api.w.org\/{rel}","templated":true}]}}