{"id":99,"date":"2016-02-26T13:43:43","date_gmt":"2016-02-26T12:43:43","guid":{"rendered":"https:\/\/amu.pan.pl\/test\/2016\/02\/26\/magdalena-rucka\/"},"modified":"2020-10-02T23:57:45","modified_gmt":"2020-10-02T21:57:45","slug":"magdalena-rucka","status":"publish","type":"page","link":"https:\/\/amu.pan.pl\/en\/magdalena-rucka\/","title":{"rendered":"Magdalena Rucka"},"content":{"rendered":"<p>&nbsp;<\/p>\n<p><img fetchpriority=\"high\" decoding=\"async\" class=\"size-full wp-image-98\" src=\"https:\/\/amu.pan.pl\/wp-content\/uploads\/2016\/02\/Magdalena_Rucka.jpg\" alt=\"\" style=\"margin-right: auto; margin-left: auto; display: block;\" width=\"300\" height=\"188\" \/><\/p>\n<p>Dr hab. in\u017c. Magdalena Rucka (ur. 1977) reprezentuje dyscyplin\u0119: budownictwo, specjalno\u015b\u0107 mechanika konstrukcji. Pracuje na stanowisku adiunkta w Katedrze Mechaniki Budowli i Most&oacute;w na Wydziale In\u017cynierii L\u0105dowej i \u015arodowiska Politechniki Gda\u0144skiej.<\/p>\n<p>Rozpraw\u0119 doktorsk\u0105 &bdquo;Wavelet analysis in detection and localization of damage in engineering structures&rdquo; obroni\u0142a z wyr&oacute;\u017cnieniem w 2005 roku. Rozprawa zosta\u0142a uhonorowana Nagrod\u0105 Prezesa Rady Ministr&oacute;w, a tak\u017ce Nagrod\u0105 Ministra Budownictwa. W 2011 roku uzyska\u0142a habilitacj\u0119 z wyr&oacute;\u017cnieniem. Rozprawa habilitacyjna &bdquo;Wave propagation in structures. Modelling, experimental studies and application to damage detection&rdquo; zosta\u0142a nagrodzona przez Gda\u0144skie Towarzystwo Naukowe.<\/p>\n<p>Jest laureatk\u0105 stypendium Fundacji na rzecz Nauki Polskiej dla m\u0142odych uczonych &bdquo;START&rdquo; (2007, 2008) oraz Stypendium Naukowego Ministra Nauki i Szkolnictwa Wy\u017cszego (2011-2014). G\u0142&oacute;wne tematy bada\u0144 naukowych to diagnostyka, identyfikacja i monitoring konstrukcji in\u017cynierskich. Dotycz\u0105 one teorii, bada\u0144 do\u015bwiadczalnych oraz tworzenia i zastosowa\u0144 system&oacute;w obliczeniowych i s\u0105 ukierunkowane na dynamiczn\u0105 analiz\u0119 konstrukcji oraz metody nieniszcz\u0105cej lokalizacji uszkodze\u0144.<\/p>\n<p>Dr hab. in\u017c. Rucka jest autorem kilkudziesi\u0119ciu prac naukowych, w tym dw&oacute;ch monografii, jednego podr\u0119cznika akademickiego oraz dziesi\u0119ciu artyku\u0142&oacute;w w czasopismach znajduj\u0105cych si\u0119 na li\u015bcie filadelfijskiej. Bra\u0142a r&oacute;wnie\u017c udzia\u0142 w kilkunastu pracach o charakterze ekspertyz i orzecze\u0144 naukowo-technicznych.<\/p>\n<p>Od 2007 roku jest opiekunem Ko\u0142a Naukowego Mechaniki Budowli KOMBO i organizatorem cyklicznego og&oacute;lnopolskiego konkursu &bdquo;wyKOMBinuj mOst&rdquo; maj\u0105cego na celu popularyzacj\u0119 wiedzy z mechaniki budowli i wytrzyma\u0142o\u015bci materia\u0142&oacute;w.<\/p>\n<p>More information: <a href=\"http:\/\/www.pg.gda.pl\/~mrucka\/\">http:\/\/www.pg.gda.pl\/~mrucka\/<\/a><\/p>","protected":false},"excerpt":{"rendered":"<p>&nbsp; Dr hab. in\u017c. Magdalena Rucka (ur. 1977) reprezentuje dyscyplin\u0119: budownictwo, specjalno\u015b\u0107 mechanika konstrukcji. Pracuje na stanowisku adiunkta w Katedrze Mechaniki Budowli i Most&oacute;w na Wydziale In\u017cynierii L\u0105dowej i \u015arodowiska Politechniki Gda\u0144skiej. Rozpraw\u0119 doktorsk\u0105 &bdquo;Wavelet analysis in detection and localization of damage in engineering structures&rdquo; obroni\u0142a z wyr&oacute;\u017cnieniem w 2005 roku. Rozprawa zosta\u0142a uhonorowana Nagrod\u0105&hellip;&nbsp;<a href=\"https:\/\/amu.pan.pl\/en\/magdalena-rucka\/\" rel=\"bookmark\">Read More &raquo;<span class=\"screen-reader-text\">Magdalena Rucka<\/span><\/a><\/p>","protected":false},"author":2,"featured_media":98,"parent":0,"menu_order":39,"comment_status":"open","ping_status":"open","template":"","meta":{"_monsterinsights_skip_tracking":false,"_monsterinsights_sitenote_active":false,"_monsterinsights_sitenote_note":"","_monsterinsights_sitenote_category":0,"neve_meta_sidebar":"","neve_meta_container":"","neve_meta_enable_content_width":"","neve_meta_content_width":0,"neve_meta_title_alignment":"","neve_meta_author_avatar":"","neve_post_elements_order":"","neve_meta_disable_header":"","neve_meta_disable_footer":"","neve_meta_disable_title":"","footnotes":""},"class_list":["post-99","page","type-page","status-publish","has-post-thumbnail","hentry"],"yoast_head":"<!-- This site is optimized with the Yoast SEO plugin v25.0 - https:\/\/yoast.com\/wordpress\/plugins\/seo\/ -->\n<title>Magdalena Rucka - Akademia M\u0142odych Uczonych<\/title>\n<meta name=\"robots\" content=\"index, follow, max-snippet:-1, max-image-preview:large, max-video-preview:-1\" \/>\n<link rel=\"canonical\" href=\"https:\/\/amu.pan.pl\/en\/magdalena-rucka\/\" \/>\n<meta property=\"og:locale\" content=\"en_GB\" \/>\n<meta property=\"og:type\" content=\"article\" \/>\n<meta property=\"og:title\" content=\"Magdalena Rucka - Akademia M\u0142odych Uczonych\" \/>\n<meta property=\"og:description\" content=\"&nbsp; Dr hab. in\u017c. Magdalena Rucka (ur. 1977) reprezentuje dyscyplin\u0119: budownictwo, specjalno\u015b\u0107 mechanika konstrukcji. Pracuje na stanowisku adiunkta w Katedrze Mechaniki Budowli i Most&oacute;w na Wydziale In\u017cynierii L\u0105dowej i \u015arodowiska Politechniki Gda\u0144skiej. Rozpraw\u0119 doktorsk\u0105 &bdquo;Wavelet analysis in detection and localization of damage in engineering structures&rdquo; obroni\u0142a z wyr&oacute;\u017cnieniem w 2005 roku. Rozprawa zosta\u0142a uhonorowana Nagrod\u0105&hellip;&nbsp;Read More &raquo;Magdalena Rucka\" \/>\n<meta property=\"og:url\" content=\"https:\/\/amu.pan.pl\/en\/magdalena-rucka\/\" \/>\n<meta property=\"og:site_name\" content=\"Akademia M\u0142odych Uczonych\" \/>\n<meta property=\"article:publisher\" content=\"https:\/\/www.facebook.com\/AkademiaMlodychUczonych\/\" \/>\n<meta property=\"article:modified_time\" content=\"2020-10-02T21:57:45+00:00\" \/>\n<meta property=\"og:image\" content=\"https:\/\/amu.pan.pl\/wp-content\/uploads\/2016\/02\/Magdalena_Rucka.jpg\" \/>\n\t<meta property=\"og:image:width\" content=\"300\" \/>\n\t<meta property=\"og:image:height\" content=\"188\" \/>\n\t<meta property=\"og:image:type\" content=\"image\/jpeg\" \/>\n<meta name=\"twitter:card\" content=\"summary_large_image\" \/>\n<meta name=\"twitter:site\" content=\"@AMUPAN1\" \/>\n<meta name=\"twitter:label1\" content=\"Estimated reading time\" \/>\n\t<meta name=\"twitter:data1\" content=\"1 minute\" \/>\n<script type=\"application\/ld+json\" class=\"yoast-schema-graph\">{\"@context\":\"https:\/\/schema.org\",\"@graph\":[{\"@type\":\"WebPage\",\"@id\":\"https:\/\/amu.pan.pl\/en\/magdalena-rucka\/\",\"url\":\"https:\/\/amu.pan.pl\/en\/magdalena-rucka\/\",\"name\":\"Magdalena Rucka - Akademia M\u0142odych Uczonych\",\"isPartOf\":{\"@id\":\"https:\/\/amu.pan.pl\/#website\"},\"primaryImageOfPage\":{\"@id\":\"https:\/\/amu.pan.pl\/en\/magdalena-rucka\/#primaryimage\"},\"image\":{\"@id\":\"https:\/\/amu.pan.pl\/en\/magdalena-rucka\/#primaryimage\"},\"thumbnailUrl\":\"https:\/\/amu.pan.pl\/wp-content\/uploads\/2016\/02\/Magdalena_Rucka.jpg\",\"datePublished\":\"2016-02-26T12:43:43+00:00\",\"dateModified\":\"2020-10-02T21:57:45+00:00\",\"breadcrumb\":{\"@id\":\"https:\/\/amu.pan.pl\/en\/magdalena-rucka\/#breadcrumb\"},\"inLanguage\":\"en-GB\",\"potentialAction\":[{\"@type\":\"ReadAction\",\"target\":[\"https:\/\/amu.pan.pl\/en\/magdalena-rucka\/\"]}]},{\"@type\":\"ImageObject\",\"inLanguage\":\"en-GB\",\"@id\":\"https:\/\/amu.pan.pl\/en\/magdalena-rucka\/#primaryimage\",\"url\":\"https:\/\/amu.pan.pl\/wp-content\/uploads\/2016\/02\/Magdalena_Rucka.jpg\",\"contentUrl\":\"https:\/\/amu.pan.pl\/wp-content\/uploads\/2016\/02\/Magdalena_Rucka.jpg\",\"width\":300,\"height\":188},{\"@type\":\"BreadcrumbList\",\"@id\":\"https:\/\/amu.pan.pl\/en\/magdalena-rucka\/#breadcrumb\",\"itemListElement\":[{\"@type\":\"ListItem\",\"position\":1,\"name\":\"Strona g\u0142\u00f3wna\",\"item\":\"https:\/\/amu.pan.pl\/\"},{\"@type\":\"ListItem\",\"position\":2,\"name\":\"Magdalena Rucka\"}]},{\"@type\":\"WebSite\",\"@id\":\"https:\/\/amu.pan.pl\/#website\",\"url\":\"https:\/\/amu.pan.pl\/\",\"name\":\"Akademia M\u0142odych Uczonych\",\"description\":\"Polska Akademia Nauk\",\"publisher\":{\"@id\":\"https:\/\/amu.pan.pl\/#organization\"},\"potentialAction\":[{\"@type\":\"SearchAction\",\"target\":{\"@type\":\"EntryPoint\",\"urlTemplate\":\"https:\/\/amu.pan.pl\/?s={search_term_string}\"},\"query-input\":{\"@type\":\"PropertyValueSpecification\",\"valueRequired\":true,\"valueName\":\"search_term_string\"}}],\"inLanguage\":\"en-GB\"},{\"@type\":\"Organization\",\"@id\":\"https:\/\/amu.pan.pl\/#organization\",\"name\":\"Akademia M\u0142odych Uczonych\",\"url\":\"https:\/\/amu.pan.pl\/\",\"logo\":{\"@type\":\"ImageObject\",\"inLanguage\":\"en-GB\",\"@id\":\"https:\/\/amu.pan.pl\/#\/schema\/logo\/image\/\",\"url\":\"https:\/\/amu.pan.pl\/wp-content\/uploads\/2020\/08\/zz_amu.png\",\"contentUrl\":\"https:\/\/amu.pan.pl\/wp-content\/uploads\/2020\/08\/zz_amu.png\",\"width\":2794,\"height\":1016,\"caption\":\"Akademia M\u0142odych Uczonych\"},\"image\":{\"@id\":\"https:\/\/amu.pan.pl\/#\/schema\/logo\/image\/\"},\"sameAs\":[\"https:\/\/www.facebook.com\/AkademiaMlodychUczonych\/\",\"https:\/\/x.com\/AMUPAN1\"]}]}<\/script>\n<!-- \/ Yoast SEO plugin. -->","yoast_head_json":{"title":"Magdalena Rucka - Akademia M\u0142odych Uczonych","robots":{"index":"index","follow":"follow","max-snippet":"max-snippet:-1","max-image-preview":"max-image-preview:large","max-video-preview":"max-video-preview:-1"},"canonical":"https:\/\/amu.pan.pl\/en\/magdalena-rucka\/","og_locale":"en_GB","og_type":"article","og_title":"Magdalena Rucka - Akademia M\u0142odych Uczonych","og_description":"&nbsp; Dr hab. in\u017c. Magdalena Rucka (ur. 1977) reprezentuje dyscyplin\u0119: budownictwo, specjalno\u015b\u0107 mechanika konstrukcji. Pracuje na stanowisku adiunkta w Katedrze Mechaniki Budowli i Most&oacute;w na Wydziale In\u017cynierii L\u0105dowej i \u015arodowiska Politechniki Gda\u0144skiej. Rozpraw\u0119 doktorsk\u0105 &bdquo;Wavelet analysis in detection and localization of damage in engineering structures&rdquo; obroni\u0142a z wyr&oacute;\u017cnieniem w 2005 roku. Rozprawa zosta\u0142a uhonorowana Nagrod\u0105&hellip;&nbsp;Read More &raquo;Magdalena Rucka","og_url":"https:\/\/amu.pan.pl\/en\/magdalena-rucka\/","og_site_name":"Akademia M\u0142odych Uczonych","article_publisher":"https:\/\/www.facebook.com\/AkademiaMlodychUczonych\/","article_modified_time":"2020-10-02T21:57:45+00:00","og_image":[{"width":300,"height":188,"url":"https:\/\/amu.pan.pl\/wp-content\/uploads\/2016\/02\/Magdalena_Rucka.jpg","type":"image\/jpeg"}],"twitter_card":"summary_large_image","twitter_site":"@AMUPAN1","twitter_misc":{"Estimated reading time":"1 minute"},"schema":{"@context":"https:\/\/schema.org","@graph":[{"@type":"WebPage","@id":"https:\/\/amu.pan.pl\/en\/magdalena-rucka\/","url":"https:\/\/amu.pan.pl\/en\/magdalena-rucka\/","name":"Magdalena Rucka - Akademia M\u0142odych Uczonych","isPartOf":{"@id":"https:\/\/amu.pan.pl\/#website"},"primaryImageOfPage":{"@id":"https:\/\/amu.pan.pl\/en\/magdalena-rucka\/#primaryimage"},"image":{"@id":"https:\/\/amu.pan.pl\/en\/magdalena-rucka\/#primaryimage"},"thumbnailUrl":"https:\/\/amu.pan.pl\/wp-content\/uploads\/2016\/02\/Magdalena_Rucka.jpg","datePublished":"2016-02-26T12:43:43+00:00","dateModified":"2020-10-02T21:57:45+00:00","breadcrumb":{"@id":"https:\/\/amu.pan.pl\/en\/magdalena-rucka\/#breadcrumb"},"inLanguage":"en-GB","potentialAction":[{"@type":"ReadAction","target":["https:\/\/amu.pan.pl\/en\/magdalena-rucka\/"]}]},{"@type":"ImageObject","inLanguage":"en-GB","@id":"https:\/\/amu.pan.pl\/en\/magdalena-rucka\/#primaryimage","url":"https:\/\/amu.pan.pl\/wp-content\/uploads\/2016\/02\/Magdalena_Rucka.jpg","contentUrl":"https:\/\/amu.pan.pl\/wp-content\/uploads\/2016\/02\/Magdalena_Rucka.jpg","width":300,"height":188},{"@type":"BreadcrumbList","@id":"https:\/\/amu.pan.pl\/en\/magdalena-rucka\/#breadcrumb","itemListElement":[{"@type":"ListItem","position":1,"name":"Strona g\u0142\u00f3wna","item":"https:\/\/amu.pan.pl\/"},{"@type":"ListItem","position":2,"name":"Magdalena Rucka"}]},{"@type":"WebSite","@id":"https:\/\/amu.pan.pl\/#website","url":"https:\/\/amu.pan.pl\/","name":"Akademia M\u0142odych Uczonych","description":"Polska Akademia Nauk","publisher":{"@id":"https:\/\/amu.pan.pl\/#organization"},"potentialAction":[{"@type":"SearchAction","target":{"@type":"EntryPoint","urlTemplate":"https:\/\/amu.pan.pl\/?s={search_term_string}"},"query-input":{"@type":"PropertyValueSpecification","valueRequired":true,"valueName":"search_term_string"}}],"inLanguage":"en-GB"},{"@type":"Organization","@id":"https:\/\/amu.pan.pl\/#organization","name":"Akademia M\u0142odych Uczonych","url":"https:\/\/amu.pan.pl\/","logo":{"@type":"ImageObject","inLanguage":"en-GB","@id":"https:\/\/amu.pan.pl\/#\/schema\/logo\/image\/","url":"https:\/\/amu.pan.pl\/wp-content\/uploads\/2020\/08\/zz_amu.png","contentUrl":"https:\/\/amu.pan.pl\/wp-content\/uploads\/2020\/08\/zz_amu.png","width":2794,"height":1016,"caption":"Akademia M\u0142odych Uczonych"},"image":{"@id":"https:\/\/amu.pan.pl\/#\/schema\/logo\/image\/"},"sameAs":["https:\/\/www.facebook.com\/AkademiaMlodychUczonych\/","https:\/\/x.com\/AMUPAN1"]}]}},"_links":{"self":[{"href":"https:\/\/amu.pan.pl\/en\/wp-json\/wp\/v2\/pages\/99","targetHints":{"allow":["GET"]}}],"collection":[{"href":"https:\/\/amu.pan.pl\/en\/wp-json\/wp\/v2\/pages"}],"about":[{"href":"https:\/\/amu.pan.pl\/en\/wp-json\/wp\/v2\/types\/page"}],"author":[{"embeddable":true,"href":"https:\/\/amu.pan.pl\/en\/wp-json\/wp\/v2\/users\/2"}],"replies":[{"embeddable":true,"href":"https:\/\/amu.pan.pl\/en\/wp-json\/wp\/v2\/comments?post=99"}],"version-history":[{"count":0,"href":"https:\/\/amu.pan.pl\/en\/wp-json\/wp\/v2\/pages\/99\/revisions"}],"wp:featuredmedia":[{"embeddable":true,"href":"https:\/\/amu.pan.pl\/en\/wp-json\/wp\/v2\/media\/98"}],"wp:attachment":[{"href":"https:\/\/amu.pan.pl\/en\/wp-json\/wp\/v2\/media?parent=99"}],"curies":[{"name":"wp","href":"https:\/\/api.w.org\/{rel}","templated":true}]}}