{"id":1518,"date":"2025-02-03T12:25:04","date_gmt":"2025-02-03T11:25:04","guid":{"rendered":"https:\/\/amu.pan.pl\/kmn\/?page_id=1518"},"modified":"2025-02-03T14:39:47","modified_gmt":"2025-02-03T13:39:47","slug":"harmonogram","status":"publish","type":"page","link":"https:\/\/amu.pan.pl\/kmn\/harmonogram\/","title":{"rendered":"Harmonogram"},"content":{"rendered":"\t\t<div data-elementor-type=\"wp-page\" data-elementor-id=\"1518\" class=\"elementor elementor-1518\">\n\t\t\t\t\t\t<section class=\"elementor-section elementor-top-section elementor-element elementor-element-28b8953f elementor-section-boxed elementor-section-height-default elementor-section-height-default\" data-id=\"28b8953f\" data-element_type=\"section\">\n\t\t\t\t\t\t<div class=\"elementor-container elementor-column-gap-default\">\n\t\t\t\t\t<div class=\"elementor-column elementor-col-100 elementor-top-column elementor-element elementor-element-77ecbaec\" data-id=\"77ecbaec\" data-element_type=\"column\">\n\t\t\t<div class=\"elementor-widget-wrap elementor-element-populated\">\n\t\t\t\t\t\t\t<\/div>\n\t\t<\/div>\n\t\t\t\t\t<\/div>\n\t\t<\/section>\n\t\t\t\t<section class=\"elementor-section elementor-top-section elementor-element elementor-element-42310f8 elementor-section-boxed elementor-section-height-default elementor-section-height-default\" data-id=\"42310f8\" data-element_type=\"section\">\n\t\t\t\t\t\t<div class=\"elementor-container elementor-column-gap-default\">\n\t\t\t\t\t<div class=\"elementor-column elementor-col-100 elementor-top-column elementor-element elementor-element-bacc915\" data-id=\"bacc915\" data-element_type=\"column\">\n\t\t\t<div class=\"elementor-widget-wrap elementor-element-populated\">\n\t\t\t\t\t\t<div class=\"elementor-element elementor-element-fb9fcb1 elementor-widget elementor-widget-heading\" data-id=\"fb9fcb1\" data-element_type=\"widget\" data-widget_type=\"heading.default\">\n\t\t\t\t<div class=\"elementor-widget-container\">\n\t\t\t\t\t<h2 class=\"elementor-heading-title elementor-size-default\"><p style=\"color: rgb(122, 122, 122); font-size: 14px; font-weight: 400; text-align: start; white-space-collapse: collapse;\"><strong>INAUGURACJA PROGRAMU<\/strong>&nbsp;(STACJONARNIE) - 2 dni szkolenia dla mentor\u00f3w i uczestnik\u00f3w przeprowadzone przez certyfikowanego mentora. Zaj\u0119cia integracyjne. Szkolenie nr 1 \"Doradztwo naukowe\" i Szkolenie nr 2 \"Autoprezentacja i sztuka wyst\u0105pie\u0144 publicznych\" [11-12 KWIETNIA 2025]<\/p><p style=\"color: rgb(122, 122, 122); font-size: 14px; font-weight: 400; text-align: start; white-space-collapse: collapse;\"><\/p><p style=\"color: rgb(122, 122, 122); font-size: 14px; font-weight: 400; text-align: start; white-space-collapse: collapse;\"><strong>CYKL SPOTKA\u0143 INDYWIDUALNYCH PAR MENTORSKICH<\/strong>&nbsp;(ON-LINE). Obejmuje prac\u0119 indywidualn\u0105 z mentorem - min. 3 spotkania ka\u017cdej pary mentorskiej, interwizje uczestniczek oraz mentor\u00f3w - spotkania z profesjonalnym trenerem. [KWIECIE\u0143-LIPIEC 2025]<\/p><p style=\"color: rgb(122, 122, 122); font-size: 14px; font-weight: 400; text-align: start; white-space-collapse: collapse;\"><\/p><p style=\"color: rgb(122, 122, 122); font-size: 14px; font-weight: 400; text-align: start; white-space-collapse: collapse;\"><strong>CYKL SZKOLE\u0143<\/strong>&nbsp;(ON-LINE) Szkolenie nr 3 \"Etyka naukowca\", Szkolenie nr 4 \"Budowanie marki m\u0142odego naukowca\/Naukowiec w sieci\" i Szkolenie nr 5 \"Networking w \u015brodowisku naukowym\". [KWIECIE\u0143-SIERPIE\u0143 2025]<\/p><p style=\"color: rgb(122, 122, 122); font-size: 14px; font-weight: 400; text-align: start; white-space-collapse: collapse;\"><\/p><p style=\"color: rgb(122, 122, 122); font-size: 14px; font-weight: 400; text-align: start; white-space-collapse: collapse;\"><strong>CYKL 5 WARSZTAT\u00d3W Z ZAPROSZONYMI EKSPERTAMI Z CZ\u0118\u015aCI\u0104 SEMINARYJN\u0104<\/strong>&nbsp;(ON-LINE) [LUTY-SIERPIE\u0143 2025]<\/p><p style=\"color: rgb(122, 122, 122); font-size: 14px; font-weight: 400; text-align: start; white-space-collapse: collapse;\"><\/p><ul class=\"wp-block-list\" style=\"color: rgb(122, 122, 122); font-size: 14px; font-weight: 400; text-align: start; white-space-collapse: collapse;\"><li style=\"list-style-type: none;\"><ul class=\"wp-block-list\"><\/ul><\/li><\/ul><ul class=\"wp-block-list\" style=\"color: rgb(122, 122, 122); font-size: 14px; font-weight: 400; text-align: start; white-space-collapse: collapse;\"><li style=\"list-style-type: none;\"><ul class=\"wp-block-list\"><li>W1 dot. nauk medycznych i nauk o zdrowiu<\/li><\/ul><\/li><\/ul><p style=\"color: rgb(122, 122, 122); font-size: 14px; font-weight: 400; text-align: start; white-space-collapse: collapse;\"><\/p><ul class=\"wp-block-list\" style=\"color: rgb(122, 122, 122); font-size: 14px; font-weight: 400; text-align: start; white-space-collapse: collapse;\"><li style=\"list-style-type: none;\"><ul class=\"wp-block-list\"><li>W2 dot. nauk rolniczych,&nbsp;nauk \u015bcis\u0142ych i przyrodniczych<\/li><\/ul><\/li><\/ul><p style=\"color: rgb(122, 122, 122); font-size: 14px; font-weight: 400; text-align: start; white-space-collapse: collapse;\"><\/p><ul class=\"wp-block-list\" style=\"color: rgb(122, 122, 122); font-size: 14px; font-weight: 400; text-align: start; white-space-collapse: collapse;\"><li style=\"list-style-type: none;\"><ul class=\"wp-block-list\"><li>W3 dot. nauk in\u017cynieryjno-technicznych<\/li><\/ul><\/li><\/ul><p style=\"color: rgb(122, 122, 122); font-size: 14px; font-weight: 400; text-align: start; white-space-collapse: collapse;\"><\/p><ul class=\"wp-block-list\" style=\"color: rgb(122, 122, 122); font-size: 14px; font-weight: 400; text-align: start; white-space-collapse: collapse;\"><li style=\"list-style-type: none;\"><ul class=\"wp-block-list\"><li>W4 dot.&nbsp;nauk spo\u0142ecznych<\/li><\/ul><\/li><\/ul><p style=\"color: rgb(122, 122, 122); font-size: 14px; font-weight: 400; text-align: start; white-space-collapse: collapse;\"><\/p><ul class=\"wp-block-list\" style=\"color: rgb(122, 122, 122); font-size: 14px; font-weight: 400; text-align: start; white-space-collapse: collapse;\"><li style=\"list-style-type: none;\"><ul class=\"wp-block-list\"><li>W5 dot. nauk humanistycznych i in.<\/li><\/ul><\/li><\/ul><p style=\"color: rgb(122, 122, 122); font-size: 14px; font-weight: 400; text-align: start; white-space-collapse: collapse;\"><\/p><p style=\"color: rgb(122, 122, 122); font-size: 14px; font-weight: 400; text-align: start; white-space-collapse: collapse;\"><\/p><p style=\"color: rgb(122, 122, 122); font-size: 14px; font-weight: 400; text-align: start; white-space-collapse: collapse;\"><strong>UROCZYSTE PODSUMOWANIE PROGRAMU<\/strong>&nbsp;(STACJONARNIE) Podsumowanie programu. Warsztat ewaluacji wsp\u00f3\u0142pracy mentorskiej. [SIERPIE\u0143 2025]<\/p><\/h2>\t\t\t\t<\/div>\n\t\t\t\t<\/div>\n\t\t\t\t\t<\/div>\n\t\t<\/div>\n\t\t\t\t\t<\/div>\n\t\t<\/section>\n\t\t\t\t<section class=\"elementor-section elementor-top-section elementor-element elementor-element-97af0d4 elementor-section-boxed elementor-section-height-default elementor-section-height-default\" data-id=\"97af0d4\" data-element_type=\"section\">\n\t\t\t\t\t\t<div class=\"elementor-container elementor-column-gap-default\">\n\t\t\t\t\t<div class=\"elementor-column elementor-col-100 elementor-top-column elementor-element elementor-element-3a39b4a\" data-id=\"3a39b4a\" data-element_type=\"column\">\n\t\t\t<div class=\"elementor-widget-wrap elementor-element-populated\">\n\t\t\t\t\t\t<div class=\"elementor-element elementor-element-994f9ec elementor-widget elementor-widget-image\" data-id=\"994f9ec\" data-element_type=\"widget\" data-widget_type=\"image.default\">\n\t\t\t\t<div class=\"elementor-widget-container\">\n\t\t\t\t\t\t\t\t\t\t\t\t\t\t\t<img fetchpriority=\"high\" decoding=\"async\" width=\"724\" height=\"1024\" src=\"https:\/\/amu.pan.pl\/kmn\/wp-content\/uploads\/sites\/8\/2025\/02\/Kopalnia-Ml-Naukowcow-724x1024.png\" class=\"attachment-large size-large wp-image-1542\" alt=\"\" srcset=\"https:\/\/amu.pan.pl\/kmn\/wp-content\/uploads\/sites\/8\/2025\/02\/Kopalnia-Ml-Naukowcow-724x1024.png 724w, https:\/\/amu.pan.pl\/kmn\/wp-content\/uploads\/sites\/8\/2025\/02\/Kopalnia-Ml-Naukowcow-212x300.png 212w, https:\/\/amu.pan.pl\/kmn\/wp-content\/uploads\/sites\/8\/2025\/02\/Kopalnia-Ml-Naukowcow-768x1086.png 768w, https:\/\/amu.pan.pl\/kmn\/wp-content\/uploads\/sites\/8\/2025\/02\/Kopalnia-Ml-Naukowcow-1086x1536.png 1086w, https:\/\/amu.pan.pl\/kmn\/wp-content\/uploads\/sites\/8\/2025\/02\/Kopalnia-Ml-Naukowcow-1448x2048.png 1448w, https:\/\/amu.pan.pl\/kmn\/wp-content\/uploads\/sites\/8\/2025\/02\/Kopalnia-Ml-Naukowcow-8x12.png 8w, https:\/\/amu.pan.pl\/kmn\/wp-content\/uploads\/sites\/8\/2025\/02\/Kopalnia-Ml-Naukowcow.png 1587w\" sizes=\"(max-width: 724px) 100vw, 724px\" \/>\t\t\t\t\t\t\t\t\t\t\t\t\t\t\t<\/div>\n\t\t\t\t<\/div>\n\t\t\t\t\t<\/div>\n\t\t<\/div>\n\t\t\t\t\t<\/div>\n\t\t<\/section>\n\t\t\t\t<section class=\"elementor-section elementor-top-section elementor-element elementor-element-c1535fb elementor-section-boxed elementor-section-height-default elementor-section-height-default\" data-id=\"c1535fb\" data-element_type=\"section\">\n\t\t\t\t\t\t<div class=\"elementor-container elementor-column-gap-default\">\n\t\t\t\t\t<div class=\"elementor-column elementor-col-100 elementor-top-column elementor-element elementor-element-bedb2f4\" data-id=\"bedb2f4\" data-element_type=\"column\" data-settings=\"{&quot;background_background&quot;:&quot;classic&quot;}\">\n\t\t\t<div class=\"elementor-widget-wrap elementor-element-populated\">\n\t\t\t\t\t\t<div class=\"elementor-element elementor-element-780a210 elementor-widget elementor-widget-spacer\" data-id=\"780a210\" data-element_type=\"widget\" data-widget_type=\"spacer.default\">\n\t\t\t\t<div class=\"elementor-widget-container\">\n\t\t\t\t\t\t\t<div class=\"elementor-spacer\">\n\t\t\t<div class=\"elementor-spacer-inner\"><\/div>\n\t\t<\/div>\n\t\t\t\t\t\t<\/div>\n\t\t\t\t<\/div>\n\t\t\t\t\t<\/div>\n\t\t<\/div>\n\t\t\t\t\t<\/div>\n\t\t<\/section>\n\t\t\t\t<\/div>\n\t\t","protected":false},"excerpt":{"rendered":"<p>INAUGURACJA PROGRAMU&nbsp;(STACJONARNIE) &#8211; 2 dni szkolenia dla mentor\u00f3w i uczestnik\u00f3w przeprowadzone przez certyfikowanego mentora. Zaj\u0119cia integracyjne. Szkolenie nr 1 &#8220;Doradztwo naukowe&#8221; i Szkolenie nr 2 &#8220;Autoprezentacja i sztuka wyst\u0105pie\u0144 publicznych&#8221; &#8230;<\/p>\n","protected":false},"author":2,"featured_media":0,"parent":0,"menu_order":0,"comment_status":"closed","ping_status":"closed","template":"template-fullwidth-stretched.php","meta":{"_monsterinsights_skip_tracking":false,"_monsterinsights_sitenote_active":false,"_monsterinsights_sitenote_note":"","_monsterinsights_sitenote_category":0,"footnotes":""},"class_list":["post-1518","page","type-page","status-publish","hentry"],"yoast_head":"<!-- This site is optimized with the Yoast SEO plugin v25.0 - https:\/\/yoast.com\/wordpress\/plugins\/seo\/ -->\n<title>Harmonogram - Kopalnia M\u0142odych Naukowc\u00f3w<\/title>\n<meta name=\"robots\" content=\"index, follow, max-snippet:-1, max-image-preview:large, max-video-preview:-1\" \/>\n<link rel=\"canonical\" href=\"https:\/\/amu.pan.pl\/kmn\/harmonogram\/\" \/>\n<meta property=\"og:locale\" content=\"pl_PL\" \/>\n<meta property=\"og:type\" content=\"article\" \/>\n<meta property=\"og:title\" content=\"Harmonogram - Kopalnia M\u0142odych Naukowc\u00f3w\" \/>\n<meta property=\"og:description\" content=\"INAUGURACJA PROGRAMU&nbsp;(STACJONARNIE) &#8211; 2 dni szkolenia dla mentor\u00f3w i uczestnik\u00f3w przeprowadzone przez certyfikowanego mentora. Zaj\u0119cia integracyjne. Szkolenie nr 1 &#8220;Doradztwo naukowe&#8221; i Szkolenie nr 2 &#8220;Autoprezentacja i sztuka wyst\u0105pie\u0144 publicznych&#8221; ...\" \/>\n<meta property=\"og:url\" content=\"https:\/\/amu.pan.pl\/kmn\/harmonogram\/\" \/>\n<meta property=\"og:site_name\" content=\"Kopalnia M\u0142odych Naukowc\u00f3w\" \/>\n<meta property=\"article:publisher\" content=\"https:\/\/www.facebook.com\/AkademiaMlodychUczonych\/\" \/>\n<meta property=\"article:modified_time\" content=\"2025-02-03T13:39:47+00:00\" \/>\n<meta property=\"og:image\" content=\"https:\/\/amu.pan.pl\/kmn\/wp-content\/uploads\/sites\/8\/2025\/02\/Kopalnia-Ml-Naukowcow-724x1024.png\" \/>\n<meta name=\"twitter:card\" content=\"summary_large_image\" \/>\n<meta name=\"twitter:site\" content=\"@AMUPAN1\" \/>\n<meta name=\"twitter:label1\" content=\"Szacowany czas czytania\" \/>\n\t<meta name=\"twitter:data1\" content=\"1 minuta\" \/>\n<script type=\"application\/ld+json\" class=\"yoast-schema-graph\">{\"@context\":\"https:\/\/schema.org\",\"@graph\":[{\"@type\":\"WebPage\",\"@id\":\"https:\/\/amu.pan.pl\/kmn\/harmonogram\/\",\"url\":\"https:\/\/amu.pan.pl\/kmn\/harmonogram\/\",\"name\":\"Harmonogram - Kopalnia M\u0142odych Naukowc\u00f3w\",\"isPartOf\":{\"@id\":\"https:\/\/amu.pan.pl\/kmn\/#website\"},\"primaryImageOfPage\":{\"@id\":\"https:\/\/amu.pan.pl\/kmn\/harmonogram\/#primaryimage\"},\"image\":{\"@id\":\"https:\/\/amu.pan.pl\/kmn\/harmonogram\/#primaryimage\"},\"thumbnailUrl\":\"https:\/\/amu.pan.pl\/kmn\/wp-content\/uploads\/sites\/8\/2025\/02\/Kopalnia-Ml-Naukowcow-724x1024.png\",\"datePublished\":\"2025-02-03T11:25:04+00:00\",\"dateModified\":\"2025-02-03T13:39:47+00:00\",\"breadcrumb\":{\"@id\":\"https:\/\/amu.pan.pl\/kmn\/harmonogram\/#breadcrumb\"},\"inLanguage\":\"pl-PL\",\"potentialAction\":[{\"@type\":\"ReadAction\",\"target\":[\"https:\/\/amu.pan.pl\/kmn\/harmonogram\/\"]}]},{\"@type\":\"ImageObject\",\"inLanguage\":\"pl-PL\",\"@id\":\"https:\/\/amu.pan.pl\/kmn\/harmonogram\/#primaryimage\",\"url\":\"https:\/\/amu.pan.pl\/kmn\/wp-content\/uploads\/sites\/8\/2025\/02\/Kopalnia-Ml-Naukowcow.png\",\"contentUrl\":\"https:\/\/amu.pan.pl\/kmn\/wp-content\/uploads\/sites\/8\/2025\/02\/Kopalnia-Ml-Naukowcow.png\",\"width\":1587,\"height\":2245},{\"@type\":\"BreadcrumbList\",\"@id\":\"https:\/\/amu.pan.pl\/kmn\/harmonogram\/#breadcrumb\",\"itemListElement\":[{\"@type\":\"ListItem\",\"position\":1,\"name\":\"Strona g\u0142\u00f3wna\",\"item\":\"https:\/\/amu.pan.pl\/kmn\/\"},{\"@type\":\"ListItem\",\"position\":2,\"name\":\"Harmonogram\"}]},{\"@type\":\"WebSite\",\"@id\":\"https:\/\/amu.pan.pl\/kmn\/#website\",\"url\":\"https:\/\/amu.pan.pl\/kmn\/\",\"name\":\"Kopalnia M\u0142odych Naukowc\u00f3w\",\"description\":\"\",\"publisher\":{\"@id\":\"https:\/\/amu.pan.pl\/kmn\/#organization\"},\"potentialAction\":[{\"@type\":\"SearchAction\",\"target\":{\"@type\":\"EntryPoint\",\"urlTemplate\":\"https:\/\/amu.pan.pl\/kmn\/?s={search_term_string}\"},\"query-input\":{\"@type\":\"PropertyValueSpecification\",\"valueRequired\":true,\"valueName\":\"search_term_string\"}}],\"inLanguage\":\"pl-PL\"},{\"@type\":\"Organization\",\"@id\":\"https:\/\/amu.pan.pl\/kmn\/#organization\",\"name\":\"Kopalnia M\u0142odych Naukowc\u00f3w\",\"url\":\"https:\/\/amu.pan.pl\/kmn\/\",\"logo\":{\"@type\":\"ImageObject\",\"inLanguage\":\"pl-PL\",\"@id\":\"https:\/\/amu.pan.pl\/kmn\/#\/schema\/logo\/image\/\",\"url\":\"https:\/\/amu.pan.pl\/kmn\/wp-content\/uploads\/sites\/8\/2024\/03\/cropped-kopalnia_wide.png\",\"contentUrl\":\"https:\/\/amu.pan.pl\/kmn\/wp-content\/uploads\/sites\/8\/2024\/03\/cropped-kopalnia_wide.png\",\"width\":839,\"height\":189,\"caption\":\"Kopalnia M\u0142odych Naukowc\u00f3w\"},\"image\":{\"@id\":\"https:\/\/amu.pan.pl\/kmn\/#\/schema\/logo\/image\/\"},\"sameAs\":[\"https:\/\/www.facebook.com\/AkademiaMlodychUczonych\/\",\"https:\/\/x.com\/AMUPAN1\"]}]}<\/script>\n<!-- \/ Yoast SEO plugin. -->","yoast_head_json":{"title":"Harmonogram - Kopalnia M\u0142odych Naukowc\u00f3w","robots":{"index":"index","follow":"follow","max-snippet":"max-snippet:-1","max-image-preview":"max-image-preview:large","max-video-preview":"max-video-preview:-1"},"canonical":"https:\/\/amu.pan.pl\/kmn\/harmonogram\/","og_locale":"pl_PL","og_type":"article","og_title":"Harmonogram - Kopalnia M\u0142odych Naukowc\u00f3w","og_description":"INAUGURACJA PROGRAMU&nbsp;(STACJONARNIE) &#8211; 2 dni szkolenia dla mentor\u00f3w i uczestnik\u00f3w przeprowadzone przez certyfikowanego mentora. Zaj\u0119cia integracyjne. Szkolenie nr 1 &#8220;Doradztwo naukowe&#8221; i Szkolenie nr 2 &#8220;Autoprezentacja i sztuka wyst\u0105pie\u0144 publicznych&#8221; ...","og_url":"https:\/\/amu.pan.pl\/kmn\/harmonogram\/","og_site_name":"Kopalnia M\u0142odych Naukowc\u00f3w","article_publisher":"https:\/\/www.facebook.com\/AkademiaMlodychUczonych\/","article_modified_time":"2025-02-03T13:39:47+00:00","og_image":[{"url":"https:\/\/amu.pan.pl\/kmn\/wp-content\/uploads\/sites\/8\/2025\/02\/Kopalnia-Ml-Naukowcow-724x1024.png","type":"","width":"","height":""}],"twitter_card":"summary_large_image","twitter_site":"@AMUPAN1","twitter_misc":{"Szacowany czas czytania":"1 minuta"},"schema":{"@context":"https:\/\/schema.org","@graph":[{"@type":"WebPage","@id":"https:\/\/amu.pan.pl\/kmn\/harmonogram\/","url":"https:\/\/amu.pan.pl\/kmn\/harmonogram\/","name":"Harmonogram - Kopalnia M\u0142odych Naukowc\u00f3w","isPartOf":{"@id":"https:\/\/amu.pan.pl\/kmn\/#website"},"primaryImageOfPage":{"@id":"https:\/\/amu.pan.pl\/kmn\/harmonogram\/#primaryimage"},"image":{"@id":"https:\/\/amu.pan.pl\/kmn\/harmonogram\/#primaryimage"},"thumbnailUrl":"https:\/\/amu.pan.pl\/kmn\/wp-content\/uploads\/sites\/8\/2025\/02\/Kopalnia-Ml-Naukowcow-724x1024.png","datePublished":"2025-02-03T11:25:04+00:00","dateModified":"2025-02-03T13:39:47+00:00","breadcrumb":{"@id":"https:\/\/amu.pan.pl\/kmn\/harmonogram\/#breadcrumb"},"inLanguage":"pl-PL","potentialAction":[{"@type":"ReadAction","target":["https:\/\/amu.pan.pl\/kmn\/harmonogram\/"]}]},{"@type":"ImageObject","inLanguage":"pl-PL","@id":"https:\/\/amu.pan.pl\/kmn\/harmonogram\/#primaryimage","url":"https:\/\/amu.pan.pl\/kmn\/wp-content\/uploads\/sites\/8\/2025\/02\/Kopalnia-Ml-Naukowcow.png","contentUrl":"https:\/\/amu.pan.pl\/kmn\/wp-content\/uploads\/sites\/8\/2025\/02\/Kopalnia-Ml-Naukowcow.png","width":1587,"height":2245},{"@type":"BreadcrumbList","@id":"https:\/\/amu.pan.pl\/kmn\/harmonogram\/#breadcrumb","itemListElement":[{"@type":"ListItem","position":1,"name":"Strona g\u0142\u00f3wna","item":"https:\/\/amu.pan.pl\/kmn\/"},{"@type":"ListItem","position":2,"name":"Harmonogram"}]},{"@type":"WebSite","@id":"https:\/\/amu.pan.pl\/kmn\/#website","url":"https:\/\/amu.pan.pl\/kmn\/","name":"Kopalnia M\u0142odych Naukowc\u00f3w","description":"","publisher":{"@id":"https:\/\/amu.pan.pl\/kmn\/#organization"},"potentialAction":[{"@type":"SearchAction","target":{"@type":"EntryPoint","urlTemplate":"https:\/\/amu.pan.pl\/kmn\/?s={search_term_string}"},"query-input":{"@type":"PropertyValueSpecification","valueRequired":true,"valueName":"search_term_string"}}],"inLanguage":"pl-PL"},{"@type":"Organization","@id":"https:\/\/amu.pan.pl\/kmn\/#organization","name":"Kopalnia M\u0142odych Naukowc\u00f3w","url":"https:\/\/amu.pan.pl\/kmn\/","logo":{"@type":"ImageObject","inLanguage":"pl-PL","@id":"https:\/\/amu.pan.pl\/kmn\/#\/schema\/logo\/image\/","url":"https:\/\/amu.pan.pl\/kmn\/wp-content\/uploads\/sites\/8\/2024\/03\/cropped-kopalnia_wide.png","contentUrl":"https:\/\/amu.pan.pl\/kmn\/wp-content\/uploads\/sites\/8\/2024\/03\/cropped-kopalnia_wide.png","width":839,"height":189,"caption":"Kopalnia M\u0142odych Naukowc\u00f3w"},"image":{"@id":"https:\/\/amu.pan.pl\/kmn\/#\/schema\/logo\/image\/"},"sameAs":["https:\/\/www.facebook.com\/AkademiaMlodychUczonych\/","https:\/\/x.com\/AMUPAN1"]}]}},"_links":{"self":[{"href":"https:\/\/amu.pan.pl\/kmn\/wp-json\/wp\/v2\/pages\/1518","targetHints":{"allow":["GET"]}}],"collection":[{"href":"https:\/\/amu.pan.pl\/kmn\/wp-json\/wp\/v2\/pages"}],"about":[{"href":"https:\/\/amu.pan.pl\/kmn\/wp-json\/wp\/v2\/types\/page"}],"author":[{"embeddable":true,"href":"https:\/\/amu.pan.pl\/kmn\/wp-json\/wp\/v2\/users\/2"}],"replies":[{"embeddable":true,"href":"https:\/\/amu.pan.pl\/kmn\/wp-json\/wp\/v2\/comments?post=1518"}],"version-history":[{"count":13,"href":"https:\/\/amu.pan.pl\/kmn\/wp-json\/wp\/v2\/pages\/1518\/revisions"}],"predecessor-version":[{"id":1545,"href":"https:\/\/amu.pan.pl\/kmn\/wp-json\/wp\/v2\/pages\/1518\/revisions\/1545"}],"wp:attachment":[{"href":"https:\/\/amu.pan.pl\/kmn\/wp-json\/wp\/v2\/media?parent=1518"}],"curies":[{"name":"wp","href":"https:\/\/api.w.org\/{rel}","templated":true}]}}