{"id":1652,"date":"2025-05-07T16:17:44","date_gmt":"2025-05-07T14:17:44","guid":{"rendered":"https:\/\/amu.pan.pl\/kmn\/?page_id=1652"},"modified":"2025-05-20T10:59:45","modified_gmt":"2025-05-20T08:59:45","slug":"nabor-warsztaty","status":"publish","type":"page","link":"https:\/\/amu.pan.pl\/kmn\/nabor-warsztaty\/","title":{"rendered":"Nab\u00f3r na warsztaty"},"content":{"rendered":"\t\t<div data-elementor-type=\"wp-page\" data-elementor-id=\"1652\" class=\"elementor elementor-1652\">\n\t\t\t\t\t\t<section class=\"elementor-section elementor-top-section elementor-element elementor-element-036ea4a elementor-section-boxed elementor-section-height-default elementor-section-height-default\" data-id=\"036ea4a\" data-element_type=\"section\">\n\t\t\t\t\t\t<div class=\"elementor-container elementor-column-gap-default\">\n\t\t\t\t\t<div class=\"elementor-column elementor-col-100 elementor-top-column elementor-element elementor-element-4a40906\" data-id=\"4a40906\" data-element_type=\"column\">\n\t\t\t<div class=\"elementor-widget-wrap elementor-element-populated\">\n\t\t\t\t\t\t<div class=\"elementor-element elementor-element-64ec093 elementor-widget elementor-widget-text-editor\" data-id=\"64ec093\" data-element_type=\"widget\" data-widget_type=\"text-editor.default\">\n\t\t\t\t<div class=\"elementor-widget-container\">\n\t\t\t\t\t\t\t\t\t<p style=\"text-align: center;\">Drodzy Uczniowie szk\u00f3\u0142 ponadpodstawowych!<\/p><p style=\"text-align: center;\">Rozpoczynamy zapisy na bezp\u0142atne warsztaty.\u00a0<\/p><p style=\"text-align: center;\">Je\u015bli:<br \/>\ud83c\udf3f nie wiesz jaki kierunek studi\u00f3w wybra\u0107,<br \/>\ud83c\udf3f poszukujesz ciekawej i dobrej uczelni,<br \/>\ud83c\udf3fchcia\u0142by\u015b dowiedzie\u0107 si\u0119 jak wygl\u0105da praca w Nauce,<br \/>\ud83c\udf3f interesuje Ci\u0119 Nauka,<br \/>te wydarzenia s\u0105 dla Ciebie!<\/p>\t\t\t\t\t\t\t\t<\/div>\n\t\t\t\t<\/div>\n\t\t\t\t\t<\/div>\n\t\t<\/div>\n\t\t\t\t\t<\/div>\n\t\t<\/section>\n\t\t\t\t<section class=\"elementor-section elementor-top-section elementor-element elementor-element-ba389aa elementor-section-boxed elementor-section-height-default elementor-section-height-default\" data-id=\"ba389aa\" data-element_type=\"section\">\n\t\t\t\t\t\t<div class=\"elementor-container elementor-column-gap-default\">\n\t\t\t\t\t<div class=\"elementor-column elementor-col-50 elementor-top-column elementor-element elementor-element-eb0bb6a\" data-id=\"eb0bb6a\" data-element_type=\"column\">\n\t\t\t<div class=\"elementor-widget-wrap elementor-element-populated\">\n\t\t\t\t\t\t<div class=\"elementor-element elementor-element-67290c2 elementor-widget elementor-widget-image\" data-id=\"67290c2\" data-element_type=\"widget\" data-widget_type=\"image.default\">\n\t\t\t\t<div class=\"elementor-widget-container\">\n\t\t\t\t\t\t\t\t\t\t\t\t\t\t\t<img fetchpriority=\"high\" decoding=\"async\" width=\"768\" height=\"432\" src=\"https:\/\/amu.pan.pl\/kmn\/wp-content\/uploads\/sites\/8\/2025\/05\/Kopalnia-Mlodych-Naukowcow-5-768x432.jpg\" class=\"attachment-medium_large size-medium_large wp-image-1654\" alt=\"\" srcset=\"https:\/\/amu.pan.pl\/kmn\/wp-content\/uploads\/sites\/8\/2025\/05\/Kopalnia-Mlodych-Naukowcow-5-768x432.jpg 768w, https:\/\/amu.pan.pl\/kmn\/wp-content\/uploads\/sites\/8\/2025\/05\/Kopalnia-Mlodych-Naukowcow-5-300x169.jpg 300w, https:\/\/amu.pan.pl\/kmn\/wp-content\/uploads\/sites\/8\/2025\/05\/Kopalnia-Mlodych-Naukowcow-5-1024x576.jpg 1024w, https:\/\/amu.pan.pl\/kmn\/wp-content\/uploads\/sites\/8\/2025\/05\/Kopalnia-Mlodych-Naukowcow-5-1536x864.jpg 1536w, https:\/\/amu.pan.pl\/kmn\/wp-content\/uploads\/sites\/8\/2025\/05\/Kopalnia-Mlodych-Naukowcow-5-18x10.jpg 18w, https:\/\/amu.pan.pl\/kmn\/wp-content\/uploads\/sites\/8\/2025\/05\/Kopalnia-Mlodych-Naukowcow-5.jpg 1920w\" sizes=\"(max-width: 768px) 100vw, 768px\" \/>\t\t\t\t\t\t\t\t\t\t\t\t\t\t\t<\/div>\n\t\t\t\t<\/div>\n\t\t\t\t\t<\/div>\n\t\t<\/div>\n\t\t\t\t<div class=\"elementor-column elementor-col-50 elementor-top-column elementor-element elementor-element-9ccfdd7\" data-id=\"9ccfdd7\" data-element_type=\"column\">\n\t\t\t<div class=\"elementor-widget-wrap elementor-element-populated\">\n\t\t\t\t\t\t<div class=\"elementor-element elementor-element-0d42e30 elementor-widget elementor-widget-image\" data-id=\"0d42e30\" data-element_type=\"widget\" data-widget_type=\"image.default\">\n\t\t\t\t<div class=\"elementor-widget-container\">\n\t\t\t\t\t\t\t\t\t\t\t\t\t\t\t<img decoding=\"async\" width=\"800\" height=\"450\" src=\"https:\/\/amu.pan.pl\/kmn\/wp-content\/uploads\/sites\/8\/2025\/05\/Kopalnia-Mlodych-Naukowcow-7-1024x576.jpg\" class=\"attachment-large size-large wp-image-1661\" alt=\"\" srcset=\"https:\/\/amu.pan.pl\/kmn\/wp-content\/uploads\/sites\/8\/2025\/05\/Kopalnia-Mlodych-Naukowcow-7-1024x576.jpg 1024w, https:\/\/amu.pan.pl\/kmn\/wp-content\/uploads\/sites\/8\/2025\/05\/Kopalnia-Mlodych-Naukowcow-7-300x169.jpg 300w, https:\/\/amu.pan.pl\/kmn\/wp-content\/uploads\/sites\/8\/2025\/05\/Kopalnia-Mlodych-Naukowcow-7-768x432.jpg 768w, https:\/\/amu.pan.pl\/kmn\/wp-content\/uploads\/sites\/8\/2025\/05\/Kopalnia-Mlodych-Naukowcow-7-1536x864.jpg 1536w, https:\/\/amu.pan.pl\/kmn\/wp-content\/uploads\/sites\/8\/2025\/05\/Kopalnia-Mlodych-Naukowcow-7-18x10.jpg 18w, https:\/\/amu.pan.pl\/kmn\/wp-content\/uploads\/sites\/8\/2025\/05\/Kopalnia-Mlodych-Naukowcow-7.jpg 1920w\" sizes=\"(max-width: 800px) 100vw, 800px\" \/>\t\t\t\t\t\t\t\t\t\t\t\t\t\t\t<\/div>\n\t\t\t\t<\/div>\n\t\t\t\t\t<\/div>\n\t\t<\/div>\n\t\t\t\t\t<\/div>\n\t\t<\/section>\n\t\t\t\t<section class=\"elementor-section elementor-top-section elementor-element elementor-element-53d5f47 elementor-section-boxed elementor-section-height-default elementor-section-height-default\" data-id=\"53d5f47\" data-element_type=\"section\">\n\t\t\t\t\t\t<div class=\"elementor-container elementor-column-gap-default\">\n\t\t\t\t\t<div class=\"elementor-column elementor-col-50 elementor-top-column elementor-element elementor-element-f39888a\" data-id=\"f39888a\" data-element_type=\"column\">\n\t\t\t<div class=\"elementor-widget-wrap elementor-element-populated\">\n\t\t\t\t\t\t<div class=\"elementor-element elementor-element-0f4c469 elementor-widget elementor-widget-text-editor\" data-id=\"0f4c469\" data-element_type=\"widget\" data-widget_type=\"text-editor.default\">\n\t\t\t\t<div class=\"elementor-widget-container\">\n\t\t\t\t\t\t\t\t\t<p>\ud83d\udca1 Kiedy? 10 czerwca 2025, godz. 16.00-18.00<br \/>\ud83d\udca1 Gdzie? online<br \/>\ud83d\udca1 Koszt? bezp\u0142atnie<br \/>\ud83d\udca1 Kogo szukamy? uczni\u00f3w i uczennic szk\u00f3\u0142 ponadpodstawowych<\/p><p>W programie wydarzenia:<br \/><span style=\"text-decoration: underline;\">I cz\u0119\u015b\u0107:<\/span> Prezentacje wybitnego polskiego Naukowca: prof. <a href=\"https:\/\/www.linkedin.com\/in\/jemielniak\/\">Dariusz Jemielniak<\/a> &#8211; Wiceprezes <a href=\"https:\/\/www.linkedin.com\/company\/polskaakademianauk\/\" data-test-app-aware-link=\"\">Polska Akademia Nauk<\/a> (od 2023r.). Kierownik Katedry Management in Networked and Digital Societies (MINDS) w <a href=\"https:\/\/www.linkedin.com\/company\/akademialeonakozminskiego\/\" data-test-app-aware-link=\"\">Akademia Leona Ko\u017ami\u0144skiego (Kozminski University)<\/a>, by\u0142y cz\u0142onek i zast\u0119pca przewodnicz\u0105cego <a href=\"https:\/\/www.linkedin.com\/company\/akademia-m-odych-uczonych-pan\/\" data-test-app-aware-link=\"\">Akademia M\u0142odych Uczonych Polska Akademia Nauk<\/a> &#8211; AMU<\/p><p><span style=\"text-decoration: underline;\">II cz\u0119\u015b\u0107:<\/span> Interaktywne warsztaty z uczestnikami z nauk spo\u0142ecznych: Dr <a href=\"https:\/\/www.linkedin.com\/in\/anna-maria-gorska\/\">Anna Maria Gorska<\/a>, adiunktka w <a href=\"https:\/\/www.linkedin.com\/company\/akademialeonakozminskiego\/\" data-test-app-aware-link=\"\">Akademia Leona Ko\u017ami\u0144skiego (Kozminski University)<\/a>, cz\u0142onkini <a href=\"https:\/\/www.linkedin.com\/company\/akademia-m-odych-uczonych-pan\/\" data-test-app-aware-link=\"\">Akademia M\u0142odych Uczonych Polska Akademia Nauk<\/a>\u00a0&#8211; AMU w kadencji 2024-2028<\/p>\t\t\t\t\t\t\t\t<\/div>\n\t\t\t\t<\/div>\n\t\t\t\t\t<\/div>\n\t\t<\/div>\n\t\t\t\t<div class=\"elementor-column elementor-col-50 elementor-top-column elementor-element elementor-element-448916b\" data-id=\"448916b\" data-element_type=\"column\">\n\t\t\t<div class=\"elementor-widget-wrap elementor-element-populated\">\n\t\t\t\t\t\t<div class=\"elementor-element elementor-element-de86838 elementor-widget elementor-widget-text-editor\" data-id=\"de86838\" data-element_type=\"widget\" data-widget_type=\"text-editor.default\">\n\t\t\t\t<div class=\"elementor-widget-container\">\n\t\t\t\t\t\t\t\t\t<p>\ud83d\udca1 Kiedy? 23 czerwca 2025, godz. 16.00-18.00<br \/>\ud83d\udca1 Gdzie? online<br \/>\ud83d\udca1 Koszt? bezp\u0142atnie<br \/>\ud83d\udca1 Kogo szukamy? uczni\u00f3w i uczennic szk\u00f3\u0142 ponadpodstawowych<\/p><p>Prowadz\u0105cy: Prof. Micha\u0142 Tomza, laureat ERC, Micha\u0142 Suchorowski \u2013 Uniwersytet Warszawski<\/p>\t\t\t\t\t\t\t\t<\/div>\n\t\t\t\t<\/div>\n\t\t\t\t\t<\/div>\n\t\t<\/div>\n\t\t\t\t\t<\/div>\n\t\t<\/section>\n\t\t\t\t<section class=\"elementor-section elementor-top-section elementor-element elementor-element-683cf60 elementor-section-boxed elementor-section-height-default elementor-section-height-default\" data-id=\"683cf60\" data-element_type=\"section\">\n\t\t\t\t\t\t<div class=\"elementor-container elementor-column-gap-default\">\n\t\t\t\t\t<div class=\"elementor-column elementor-col-50 elementor-top-column elementor-element elementor-element-929285e\" data-id=\"929285e\" data-element_type=\"column\">\n\t\t\t<div class=\"elementor-widget-wrap elementor-element-populated\">\n\t\t\t\t\t\t<div class=\"elementor-element elementor-element-423519f elementor-widget elementor-widget-text-editor\" data-id=\"423519f\" data-element_type=\"widget\" data-widget_type=\"text-editor.default\">\n\t\t\t\t<div class=\"elementor-widget-container\">\n\t\t\t\t\t\t\t\t\t<h2 style=\"text-align: center;\"><a href=\"https:\/\/docs.google.com\/forms\/d\/1alSzX4S7sHWzu7PZ0yTlwjJUGNBw_9z9o1eqAOi2DUY\/edit\"><span style=\"color: #00ccff;\"><strong><span style=\"text-decoration: underline;\">KLIKNIJ TUTAJ, ABY SI\u0118 ZG\u0141OSI\u0106\u00a0<\/span><\/strong><\/span><\/a><\/h2>\t\t\t\t\t\t\t\t<\/div>\n\t\t\t\t<\/div>\n\t\t\t\t\t<\/div>\n\t\t<\/div>\n\t\t\t\t<div class=\"elementor-column elementor-col-50 elementor-top-column elementor-element elementor-element-a340155\" data-id=\"a340155\" data-element_type=\"column\">\n\t\t\t<div class=\"elementor-widget-wrap elementor-element-populated\">\n\t\t\t\t\t\t<div class=\"elementor-element elementor-element-6c1297d elementor-widget elementor-widget-text-editor\" data-id=\"6c1297d\" data-element_type=\"widget\" data-widget_type=\"text-editor.default\">\n\t\t\t\t<div class=\"elementor-widget-container\">\n\t\t\t\t\t\t\t\t\t<h2 style=\"text-align: center;\"><a href=\"https:\/\/docs.google.com\/forms\/d\/e\/1FAIpQLScCHMMVXsIvytS-__eXFWkWPmALbpHxS8ABLWu8SuteCM1ikQ\/viewform\"><span style=\"color: #00ccff;\"><strong><span style=\"text-decoration: underline;\">KLIKNIJ TUTAJ, ABY SI\u0118 ZG\u0141OSI\u0106\u00a0<\/span><\/strong><\/span><\/a><\/h2>\t\t\t\t\t\t\t\t<\/div>\n\t\t\t\t<\/div>\n\t\t\t\t\t<\/div>\n\t\t<\/div>\n\t\t\t\t\t<\/div>\n\t\t<\/section>\n\t\t\t\t<\/div>\n\t\t","protected":false},"excerpt":{"rendered":"<p>Drodzy Uczniowie szk\u00f3\u0142 ponadpodstawowych! Rozpoczynamy zapisy na bezp\u0142atne warsztaty.\u00a0 Je\u015bli:\ud83c\udf3f nie wiesz jaki kierunek studi\u00f3w wybra\u0107,\ud83c\udf3f poszukujesz ciekawej i dobrej uczelni,\ud83c\udf3fchcia\u0142by\u015b dowiedzie\u0107 si\u0119 jak wygl\u0105da praca w Nauce,\ud83c\udf3f interesuje Ci\u0119 &#8230;<\/p>\n","protected":false},"author":2,"featured_media":0,"parent":0,"menu_order":0,"comment_status":"closed","ping_status":"closed","template":"template-fullwidth-stretched.php","meta":{"_monsterinsights_skip_tracking":false,"_monsterinsights_sitenote_active":false,"_monsterinsights_sitenote_note":"","_monsterinsights_sitenote_category":0,"footnotes":""},"class_list":["post-1652","page","type-page","status-publish","hentry"],"yoast_head":"<!-- This site is optimized with the Yoast SEO plugin v25.0 - https:\/\/yoast.com\/wordpress\/plugins\/seo\/ -->\n<title>Nab\u00f3r na warsztaty - Kopalnia M\u0142odych Naukowc\u00f3w<\/title>\n<meta name=\"robots\" content=\"index, follow, max-snippet:-1, max-image-preview:large, max-video-preview:-1\" \/>\n<link rel=\"canonical\" href=\"https:\/\/amu.pan.pl\/kmn\/nabor-warsztaty\/\" \/>\n<meta property=\"og:locale\" content=\"pl_PL\" \/>\n<meta property=\"og:type\" content=\"article\" \/>\n<meta property=\"og:title\" content=\"Nab\u00f3r na warsztaty - Kopalnia M\u0142odych Naukowc\u00f3w\" \/>\n<meta property=\"og:description\" content=\"Drodzy Uczniowie szk\u00f3\u0142 ponadpodstawowych! Rozpoczynamy zapisy na bezp\u0142atne warsztaty.\u00a0 Je\u015bli:\ud83c\udf3f nie wiesz jaki kierunek studi\u00f3w wybra\u0107,\ud83c\udf3f poszukujesz ciekawej i dobrej uczelni,\ud83c\udf3fchcia\u0142by\u015b dowiedzie\u0107 si\u0119 jak wygl\u0105da praca w Nauce,\ud83c\udf3f interesuje Ci\u0119 ...\" \/>\n<meta property=\"og:url\" content=\"https:\/\/amu.pan.pl\/kmn\/nabor-warsztaty\/\" \/>\n<meta property=\"og:site_name\" content=\"Kopalnia M\u0142odych Naukowc\u00f3w\" \/>\n<meta property=\"article:publisher\" content=\"https:\/\/www.facebook.com\/AkademiaMlodychUczonych\/\" \/>\n<meta property=\"article:modified_time\" content=\"2025-05-20T08:59:45+00:00\" \/>\n<meta property=\"og:image\" content=\"https:\/\/amu.pan.pl\/kmn\/wp-content\/uploads\/sites\/8\/2025\/05\/Kopalnia-Mlodych-Naukowcow-5-768x432.jpg\" \/>\n<meta name=\"twitter:card\" content=\"summary_large_image\" \/>\n<meta name=\"twitter:site\" content=\"@AMUPAN1\" \/>\n<meta name=\"twitter:label1\" content=\"Szacowany czas czytania\" \/>\n\t<meta name=\"twitter:data1\" content=\"2 minuty\" \/>\n<script type=\"application\/ld+json\" class=\"yoast-schema-graph\">{\"@context\":\"https:\/\/schema.org\",\"@graph\":[{\"@type\":\"WebPage\",\"@id\":\"https:\/\/amu.pan.pl\/kmn\/nabor-warsztaty\/\",\"url\":\"https:\/\/amu.pan.pl\/kmn\/nabor-warsztaty\/\",\"name\":\"Nab\u00f3r na warsztaty - Kopalnia M\u0142odych Naukowc\u00f3w\",\"isPartOf\":{\"@id\":\"https:\/\/amu.pan.pl\/kmn\/#website\"},\"primaryImageOfPage\":{\"@id\":\"https:\/\/amu.pan.pl\/kmn\/nabor-warsztaty\/#primaryimage\"},\"image\":{\"@id\":\"https:\/\/amu.pan.pl\/kmn\/nabor-warsztaty\/#primaryimage\"},\"thumbnailUrl\":\"https:\/\/amu.pan.pl\/kmn\/wp-content\/uploads\/sites\/8\/2025\/05\/Kopalnia-Mlodych-Naukowcow-5-768x432.jpg\",\"datePublished\":\"2025-05-07T14:17:44+00:00\",\"dateModified\":\"2025-05-20T08:59:45+00:00\",\"breadcrumb\":{\"@id\":\"https:\/\/amu.pan.pl\/kmn\/nabor-warsztaty\/#breadcrumb\"},\"inLanguage\":\"pl-PL\",\"potentialAction\":[{\"@type\":\"ReadAction\",\"target\":[\"https:\/\/amu.pan.pl\/kmn\/nabor-warsztaty\/\"]}]},{\"@type\":\"ImageObject\",\"inLanguage\":\"pl-PL\",\"@id\":\"https:\/\/amu.pan.pl\/kmn\/nabor-warsztaty\/#primaryimage\",\"url\":\"https:\/\/amu.pan.pl\/kmn\/wp-content\/uploads\/sites\/8\/2025\/05\/Kopalnia-Mlodych-Naukowcow-5.jpg\",\"contentUrl\":\"https:\/\/amu.pan.pl\/kmn\/wp-content\/uploads\/sites\/8\/2025\/05\/Kopalnia-Mlodych-Naukowcow-5.jpg\",\"width\":1920,\"height\":1080},{\"@type\":\"BreadcrumbList\",\"@id\":\"https:\/\/amu.pan.pl\/kmn\/nabor-warsztaty\/#breadcrumb\",\"itemListElement\":[{\"@type\":\"ListItem\",\"position\":1,\"name\":\"Strona g\u0142\u00f3wna\",\"item\":\"https:\/\/amu.pan.pl\/kmn\/\"},{\"@type\":\"ListItem\",\"position\":2,\"name\":\"Nab\u00f3r na warsztaty\"}]},{\"@type\":\"WebSite\",\"@id\":\"https:\/\/amu.pan.pl\/kmn\/#website\",\"url\":\"https:\/\/amu.pan.pl\/kmn\/\",\"name\":\"Kopalnia M\u0142odych Naukowc\u00f3w\",\"description\":\"\",\"publisher\":{\"@id\":\"https:\/\/amu.pan.pl\/kmn\/#organization\"},\"potentialAction\":[{\"@type\":\"SearchAction\",\"target\":{\"@type\":\"EntryPoint\",\"urlTemplate\":\"https:\/\/amu.pan.pl\/kmn\/?s={search_term_string}\"},\"query-input\":{\"@type\":\"PropertyValueSpecification\",\"valueRequired\":true,\"valueName\":\"search_term_string\"}}],\"inLanguage\":\"pl-PL\"},{\"@type\":\"Organization\",\"@id\":\"https:\/\/amu.pan.pl\/kmn\/#organization\",\"name\":\"Kopalnia M\u0142odych Naukowc\u00f3w\",\"url\":\"https:\/\/amu.pan.pl\/kmn\/\",\"logo\":{\"@type\":\"ImageObject\",\"inLanguage\":\"pl-PL\",\"@id\":\"https:\/\/amu.pan.pl\/kmn\/#\/schema\/logo\/image\/\",\"url\":\"https:\/\/amu.pan.pl\/kmn\/wp-content\/uploads\/sites\/8\/2024\/03\/cropped-kopalnia_wide.png\",\"contentUrl\":\"https:\/\/amu.pan.pl\/kmn\/wp-content\/uploads\/sites\/8\/2024\/03\/cropped-kopalnia_wide.png\",\"width\":839,\"height\":189,\"caption\":\"Kopalnia M\u0142odych Naukowc\u00f3w\"},\"image\":{\"@id\":\"https:\/\/amu.pan.pl\/kmn\/#\/schema\/logo\/image\/\"},\"sameAs\":[\"https:\/\/www.facebook.com\/AkademiaMlodychUczonych\/\",\"https:\/\/x.com\/AMUPAN1\"]}]}<\/script>\n<!-- \/ Yoast SEO plugin. -->","yoast_head_json":{"title":"Nab\u00f3r na warsztaty - Kopalnia M\u0142odych Naukowc\u00f3w","robots":{"index":"index","follow":"follow","max-snippet":"max-snippet:-1","max-image-preview":"max-image-preview:large","max-video-preview":"max-video-preview:-1"},"canonical":"https:\/\/amu.pan.pl\/kmn\/nabor-warsztaty\/","og_locale":"pl_PL","og_type":"article","og_title":"Nab\u00f3r na warsztaty - Kopalnia M\u0142odych Naukowc\u00f3w","og_description":"Drodzy Uczniowie szk\u00f3\u0142 ponadpodstawowych! Rozpoczynamy zapisy na bezp\u0142atne warsztaty.\u00a0 Je\u015bli:\ud83c\udf3f nie wiesz jaki kierunek studi\u00f3w wybra\u0107,\ud83c\udf3f poszukujesz ciekawej i dobrej uczelni,\ud83c\udf3fchcia\u0142by\u015b dowiedzie\u0107 si\u0119 jak wygl\u0105da praca w Nauce,\ud83c\udf3f interesuje Ci\u0119 ...","og_url":"https:\/\/amu.pan.pl\/kmn\/nabor-warsztaty\/","og_site_name":"Kopalnia M\u0142odych Naukowc\u00f3w","article_publisher":"https:\/\/www.facebook.com\/AkademiaMlodychUczonych\/","article_modified_time":"2025-05-20T08:59:45+00:00","og_image":[{"url":"https:\/\/amu.pan.pl\/kmn\/wp-content\/uploads\/sites\/8\/2025\/05\/Kopalnia-Mlodych-Naukowcow-5-768x432.jpg","type":"","width":"","height":""}],"twitter_card":"summary_large_image","twitter_site":"@AMUPAN1","twitter_misc":{"Szacowany czas czytania":"2 minuty"},"schema":{"@context":"https:\/\/schema.org","@graph":[{"@type":"WebPage","@id":"https:\/\/amu.pan.pl\/kmn\/nabor-warsztaty\/","url":"https:\/\/amu.pan.pl\/kmn\/nabor-warsztaty\/","name":"Nab\u00f3r na warsztaty - Kopalnia M\u0142odych Naukowc\u00f3w","isPartOf":{"@id":"https:\/\/amu.pan.pl\/kmn\/#website"},"primaryImageOfPage":{"@id":"https:\/\/amu.pan.pl\/kmn\/nabor-warsztaty\/#primaryimage"},"image":{"@id":"https:\/\/amu.pan.pl\/kmn\/nabor-warsztaty\/#primaryimage"},"thumbnailUrl":"https:\/\/amu.pan.pl\/kmn\/wp-content\/uploads\/sites\/8\/2025\/05\/Kopalnia-Mlodych-Naukowcow-5-768x432.jpg","datePublished":"2025-05-07T14:17:44+00:00","dateModified":"2025-05-20T08:59:45+00:00","breadcrumb":{"@id":"https:\/\/amu.pan.pl\/kmn\/nabor-warsztaty\/#breadcrumb"},"inLanguage":"pl-PL","potentialAction":[{"@type":"ReadAction","target":["https:\/\/amu.pan.pl\/kmn\/nabor-warsztaty\/"]}]},{"@type":"ImageObject","inLanguage":"pl-PL","@id":"https:\/\/amu.pan.pl\/kmn\/nabor-warsztaty\/#primaryimage","url":"https:\/\/amu.pan.pl\/kmn\/wp-content\/uploads\/sites\/8\/2025\/05\/Kopalnia-Mlodych-Naukowcow-5.jpg","contentUrl":"https:\/\/amu.pan.pl\/kmn\/wp-content\/uploads\/sites\/8\/2025\/05\/Kopalnia-Mlodych-Naukowcow-5.jpg","width":1920,"height":1080},{"@type":"BreadcrumbList","@id":"https:\/\/amu.pan.pl\/kmn\/nabor-warsztaty\/#breadcrumb","itemListElement":[{"@type":"ListItem","position":1,"name":"Strona g\u0142\u00f3wna","item":"https:\/\/amu.pan.pl\/kmn\/"},{"@type":"ListItem","position":2,"name":"Nab\u00f3r na warsztaty"}]},{"@type":"WebSite","@id":"https:\/\/amu.pan.pl\/kmn\/#website","url":"https:\/\/amu.pan.pl\/kmn\/","name":"Kopalnia M\u0142odych Naukowc\u00f3w","description":"","publisher":{"@id":"https:\/\/amu.pan.pl\/kmn\/#organization"},"potentialAction":[{"@type":"SearchAction","target":{"@type":"EntryPoint","urlTemplate":"https:\/\/amu.pan.pl\/kmn\/?s={search_term_string}"},"query-input":{"@type":"PropertyValueSpecification","valueRequired":true,"valueName":"search_term_string"}}],"inLanguage":"pl-PL"},{"@type":"Organization","@id":"https:\/\/amu.pan.pl\/kmn\/#organization","name":"Kopalnia M\u0142odych Naukowc\u00f3w","url":"https:\/\/amu.pan.pl\/kmn\/","logo":{"@type":"ImageObject","inLanguage":"pl-PL","@id":"https:\/\/amu.pan.pl\/kmn\/#\/schema\/logo\/image\/","url":"https:\/\/amu.pan.pl\/kmn\/wp-content\/uploads\/sites\/8\/2024\/03\/cropped-kopalnia_wide.png","contentUrl":"https:\/\/amu.pan.pl\/kmn\/wp-content\/uploads\/sites\/8\/2024\/03\/cropped-kopalnia_wide.png","width":839,"height":189,"caption":"Kopalnia M\u0142odych Naukowc\u00f3w"},"image":{"@id":"https:\/\/amu.pan.pl\/kmn\/#\/schema\/logo\/image\/"},"sameAs":["https:\/\/www.facebook.com\/AkademiaMlodychUczonych\/","https:\/\/x.com\/AMUPAN1"]}]}},"_links":{"self":[{"href":"https:\/\/amu.pan.pl\/kmn\/wp-json\/wp\/v2\/pages\/1652","targetHints":{"allow":["GET"]}}],"collection":[{"href":"https:\/\/amu.pan.pl\/kmn\/wp-json\/wp\/v2\/pages"}],"about":[{"href":"https:\/\/amu.pan.pl\/kmn\/wp-json\/wp\/v2\/types\/page"}],"author":[{"embeddable":true,"href":"https:\/\/amu.pan.pl\/kmn\/wp-json\/wp\/v2\/users\/2"}],"replies":[{"embeddable":true,"href":"https:\/\/amu.pan.pl\/kmn\/wp-json\/wp\/v2\/comments?post=1652"}],"version-history":[{"count":10,"href":"https:\/\/amu.pan.pl\/kmn\/wp-json\/wp\/v2\/pages\/1652\/revisions"}],"predecessor-version":[{"id":1669,"href":"https:\/\/amu.pan.pl\/kmn\/wp-json\/wp\/v2\/pages\/1652\/revisions\/1669"}],"wp:attachment":[{"href":"https:\/\/amu.pan.pl\/kmn\/wp-json\/wp\/v2\/media?parent=1652"}],"curies":[{"name":"wp","href":"https:\/\/api.w.org\/{rel}","templated":true}]}}