{"id":1705,"date":"2025-07-10T10:28:22","date_gmt":"2025-07-10T08:28:22","guid":{"rendered":"https:\/\/amu.pan.pl\/kmn\/?page_id=1705"},"modified":"2025-08-26T12:48:14","modified_gmt":"2025-08-26T10:48:14","slug":"warsztaty","status":"publish","type":"page","link":"https:\/\/amu.pan.pl\/kmn\/warsztaty\/","title":{"rendered":"Warsztaty"},"content":{"rendered":"\t\t<div data-elementor-type=\"wp-page\" data-elementor-id=\"1705\" class=\"elementor elementor-1705\">\n\t\t\t\t\t\t<section class=\"elementor-section elementor-top-section elementor-element elementor-element-3570f11f elementor-section-boxed elementor-section-height-default elementor-section-height-default\" data-id=\"3570f11f\" data-element_type=\"section\">\n\t\t\t\t\t\t<div class=\"elementor-container elementor-column-gap-default\">\n\t\t\t\t\t<div class=\"elementor-column elementor-col-100 elementor-top-column elementor-element elementor-element-6b71cb84\" data-id=\"6b71cb84\" data-element_type=\"column\">\n\t\t\t<div class=\"elementor-widget-wrap elementor-element-populated\">\n\t\t\t\t\t\t<div class=\"elementor-element elementor-element-63537c21 elementor-widget elementor-widget-text-editor\" data-id=\"63537c21\" data-element_type=\"widget\" data-widget_type=\"text-editor.default\">\n\t\t\t\t<div class=\"elementor-widget-container\">\n\t\t\t\t\t\t\t\t\t<p>Projekt Kopalnia M\u0142odych Naukowc\u00f3w uwzgl\u0119dnia cz\u0119\u015b\u0107 warsztatow\u0105 pt. \u201cNauka \u2013 to dla mnie\u201d podczas kt\u00f3rej uczniowie i uczennice bior\u0105 udzia\u0142u w interaktywnych warsztatach, podczas kt\u00f3rych eksperci reprezentuj\u0105cy r\u00f3\u017cne dyscypliny nauki prezentuj\u0105 swoje osi\u0105gni\u0119cia naukowe oraz prowadza kr\u00f3tkie zaj\u0119cia praktyczne. Poni\u017cej przedstawiamy sylwetki Naukowc\u00f3w zaanga\u017cowanych w t\u0105 cz\u0119\u015b\u0107 projektu:<\/p>\t\t\t\t\t\t\t\t<\/div>\n\t\t\t\t<\/div>\n\t\t\t\t\t<\/div>\n\t\t<\/div>\n\t\t\t\t\t<\/div>\n\t\t<\/section>\n\t\t\t\t<section class=\"elementor-section elementor-top-section elementor-element elementor-element-2dbbb4f elementor-section-boxed elementor-section-height-default elementor-section-height-default\" data-id=\"2dbbb4f\" data-element_type=\"section\">\n\t\t\t\t\t\t<div class=\"elementor-container elementor-column-gap-default\">\n\t\t\t\t\t<div class=\"elementor-column elementor-col-100 elementor-top-column elementor-element elementor-element-3ce20cf\" data-id=\"3ce20cf\" data-element_type=\"column\">\n\t\t\t<div class=\"elementor-widget-wrap\">\n\t\t\t\t\t\t\t<\/div>\n\t\t<\/div>\n\t\t\t\t\t<\/div>\n\t\t<\/section>\n\t\t\t\t<section class=\"elementor-section elementor-top-section elementor-element elementor-element-6af2465 elementor-section-boxed elementor-section-height-default elementor-section-height-default\" data-id=\"6af2465\" data-element_type=\"section\">\n\t\t\t\t\t\t<div class=\"elementor-container elementor-column-gap-default\">\n\t\t\t\t\t<div class=\"elementor-column elementor-col-100 elementor-top-column elementor-element elementor-element-354a783\" data-id=\"354a783\" data-element_type=\"column\">\n\t\t\t<div class=\"elementor-widget-wrap elementor-element-populated\">\n\t\t\t\t\t\t<div class=\"elementor-element elementor-element-45009e7 elementor-widget elementor-widget-image\" data-id=\"45009e7\" data-element_type=\"widget\" data-widget_type=\"image.default\">\n\t\t\t\t<div class=\"elementor-widget-container\">\n\t\t\t\t\t\t\t\t\t\t\t\t\t\t\t<img fetchpriority=\"high\" decoding=\"async\" width=\"800\" height=\"450\" src=\"https:\/\/amu.pan.pl\/kmn\/wp-content\/uploads\/sites\/8\/2025\/07\/18-1024x576.jpg\" class=\"attachment-large size-large wp-image-1707\" alt=\"\" srcset=\"https:\/\/amu.pan.pl\/kmn\/wp-content\/uploads\/sites\/8\/2025\/07\/18-1024x576.jpg 1024w, https:\/\/amu.pan.pl\/kmn\/wp-content\/uploads\/sites\/8\/2025\/07\/18-300x169.jpg 300w, https:\/\/amu.pan.pl\/kmn\/wp-content\/uploads\/sites\/8\/2025\/07\/18-768x432.jpg 768w, https:\/\/amu.pan.pl\/kmn\/wp-content\/uploads\/sites\/8\/2025\/07\/18-1536x864.jpg 1536w, https:\/\/amu.pan.pl\/kmn\/wp-content\/uploads\/sites\/8\/2025\/07\/18-18x10.jpg 18w, https:\/\/amu.pan.pl\/kmn\/wp-content\/uploads\/sites\/8\/2025\/07\/18.jpg 1920w\" sizes=\"(max-width: 800px) 100vw, 800px\" \/>\t\t\t\t\t\t\t\t\t\t\t\t\t\t\t<\/div>\n\t\t\t\t<\/div>\n\t\t\t\t\t<\/div>\n\t\t<\/div>\n\t\t\t\t\t<\/div>\n\t\t<\/section>\n\t\t\t\t<section class=\"elementor-section elementor-top-section elementor-element elementor-element-529e2f1 elementor-section-boxed elementor-section-height-default elementor-section-height-default\" data-id=\"529e2f1\" data-element_type=\"section\">\n\t\t\t\t\t\t<div class=\"elementor-container elementor-column-gap-default\">\n\t\t\t\t\t<div class=\"elementor-column elementor-col-100 elementor-top-column elementor-element elementor-element-fc2de59\" data-id=\"fc2de59\" data-element_type=\"column\">\n\t\t\t<div class=\"elementor-widget-wrap elementor-element-populated\">\n\t\t\t\t\t\t<div class=\"elementor-element elementor-element-061810b elementor-widget elementor-widget-image\" data-id=\"061810b\" data-element_type=\"widget\" data-widget_type=\"image.default\">\n\t\t\t\t<div class=\"elementor-widget-container\">\n\t\t\t\t\t\t\t\t\t\t\t\t\t\t\t<img decoding=\"async\" width=\"800\" height=\"450\" src=\"https:\/\/amu.pan.pl\/kmn\/wp-content\/uploads\/sites\/8\/2025\/07\/19-1024x576.jpg\" class=\"attachment-large size-large wp-image-1708\" alt=\"\" srcset=\"https:\/\/amu.pan.pl\/kmn\/wp-content\/uploads\/sites\/8\/2025\/07\/19-1024x576.jpg 1024w, https:\/\/amu.pan.pl\/kmn\/wp-content\/uploads\/sites\/8\/2025\/07\/19-300x169.jpg 300w, https:\/\/amu.pan.pl\/kmn\/wp-content\/uploads\/sites\/8\/2025\/07\/19-768x432.jpg 768w, https:\/\/amu.pan.pl\/kmn\/wp-content\/uploads\/sites\/8\/2025\/07\/19-1536x864.jpg 1536w, https:\/\/amu.pan.pl\/kmn\/wp-content\/uploads\/sites\/8\/2025\/07\/19-18x10.jpg 18w, https:\/\/amu.pan.pl\/kmn\/wp-content\/uploads\/sites\/8\/2025\/07\/19.jpg 1920w\" sizes=\"(max-width: 800px) 100vw, 800px\" \/>\t\t\t\t\t\t\t\t\t\t\t\t\t\t\t<\/div>\n\t\t\t\t<\/div>\n\t\t\t\t\t<\/div>\n\t\t<\/div>\n\t\t\t\t\t<\/div>\n\t\t<\/section>\n\t\t\t\t<section class=\"elementor-section elementor-top-section elementor-element elementor-element-a837114 elementor-section-boxed elementor-section-height-default elementor-section-height-default\" data-id=\"a837114\" data-element_type=\"section\">\n\t\t\t\t\t\t<div class=\"elementor-container elementor-column-gap-default\">\n\t\t\t\t\t<div class=\"elementor-column elementor-col-100 elementor-top-column elementor-element elementor-element-fc78271\" data-id=\"fc78271\" data-element_type=\"column\">\n\t\t\t<div class=\"elementor-widget-wrap elementor-element-populated\">\n\t\t\t\t\t\t<div class=\"elementor-element elementor-element-046c376 elementor-widget elementor-widget-image\" data-id=\"046c376\" data-element_type=\"widget\" data-widget_type=\"image.default\">\n\t\t\t\t<div class=\"elementor-widget-container\">\n\t\t\t\t\t\t\t\t\t\t\t\t\t\t\t<img decoding=\"async\" width=\"800\" height=\"450\" src=\"https:\/\/amu.pan.pl\/kmn\/wp-content\/uploads\/sites\/8\/2025\/07\/20-1024x576.jpg\" class=\"attachment-large size-large wp-image-1709\" alt=\"\" srcset=\"https:\/\/amu.pan.pl\/kmn\/wp-content\/uploads\/sites\/8\/2025\/07\/20-1024x576.jpg 1024w, https:\/\/amu.pan.pl\/kmn\/wp-content\/uploads\/sites\/8\/2025\/07\/20-300x169.jpg 300w, https:\/\/amu.pan.pl\/kmn\/wp-content\/uploads\/sites\/8\/2025\/07\/20-768x432.jpg 768w, https:\/\/amu.pan.pl\/kmn\/wp-content\/uploads\/sites\/8\/2025\/07\/20-1536x864.jpg 1536w, https:\/\/amu.pan.pl\/kmn\/wp-content\/uploads\/sites\/8\/2025\/07\/20-18x10.jpg 18w, https:\/\/amu.pan.pl\/kmn\/wp-content\/uploads\/sites\/8\/2025\/07\/20.jpg 1920w\" sizes=\"(max-width: 800px) 100vw, 800px\" \/>\t\t\t\t\t\t\t\t\t\t\t\t\t\t\t<\/div>\n\t\t\t\t<\/div>\n\t\t\t\t\t<\/div>\n\t\t<\/div>\n\t\t\t\t\t<\/div>\n\t\t<\/section>\n\t\t\t\t<section class=\"elementor-section elementor-top-section elementor-element elementor-element-51c5068 elementor-section-boxed elementor-section-height-default elementor-section-height-default\" data-id=\"51c5068\" data-element_type=\"section\">\n\t\t\t\t\t\t<div class=\"elementor-container elementor-column-gap-default\">\n\t\t\t\t\t<div class=\"elementor-column elementor-col-100 elementor-top-column elementor-element elementor-element-db07677\" data-id=\"db07677\" data-element_type=\"column\">\n\t\t\t<div class=\"elementor-widget-wrap elementor-element-populated\">\n\t\t\t\t\t\t<div class=\"elementor-element elementor-element-46368a1 elementor-widget elementor-widget-image\" data-id=\"46368a1\" data-element_type=\"widget\" data-widget_type=\"image.default\">\n\t\t\t\t<div class=\"elementor-widget-container\">\n\t\t\t\t\t\t\t\t\t\t\t\t\t\t\t<img loading=\"lazy\" decoding=\"async\" width=\"800\" height=\"450\" src=\"https:\/\/amu.pan.pl\/kmn\/wp-content\/uploads\/sites\/8\/2025\/07\/22-1024x576.jpg\" class=\"attachment-large size-large wp-image-1711\" alt=\"\" srcset=\"https:\/\/amu.pan.pl\/kmn\/wp-content\/uploads\/sites\/8\/2025\/07\/22-1024x576.jpg 1024w, https:\/\/amu.pan.pl\/kmn\/wp-content\/uploads\/sites\/8\/2025\/07\/22-300x169.jpg 300w, https:\/\/amu.pan.pl\/kmn\/wp-content\/uploads\/sites\/8\/2025\/07\/22-768x432.jpg 768w, https:\/\/amu.pan.pl\/kmn\/wp-content\/uploads\/sites\/8\/2025\/07\/22-1536x864.jpg 1536w, https:\/\/amu.pan.pl\/kmn\/wp-content\/uploads\/sites\/8\/2025\/07\/22-18x10.jpg 18w, https:\/\/amu.pan.pl\/kmn\/wp-content\/uploads\/sites\/8\/2025\/07\/22.jpg 1920w\" sizes=\"(max-width: 800px) 100vw, 800px\" \/>\t\t\t\t\t\t\t\t\t\t\t\t\t\t\t<\/div>\n\t\t\t\t<\/div>\n\t\t\t\t<div class=\"elementor-element elementor-element-7709e0e elementor-widget elementor-widget-image\" data-id=\"7709e0e\" data-element_type=\"widget\" data-widget_type=\"image.default\">\n\t\t\t\t<div class=\"elementor-widget-container\">\n\t\t\t\t\t\t\t\t\t\t\t\t\t\t\t<img loading=\"lazy\" decoding=\"async\" width=\"800\" height=\"450\" src=\"https:\/\/amu.pan.pl\/kmn\/wp-content\/uploads\/sites\/8\/2025\/07\/21-1024x576.jpg\" class=\"attachment-large size-large wp-image-1710\" alt=\"\" srcset=\"https:\/\/amu.pan.pl\/kmn\/wp-content\/uploads\/sites\/8\/2025\/07\/21-1024x576.jpg 1024w, https:\/\/amu.pan.pl\/kmn\/wp-content\/uploads\/sites\/8\/2025\/07\/21-300x169.jpg 300w, https:\/\/amu.pan.pl\/kmn\/wp-content\/uploads\/sites\/8\/2025\/07\/21-768x432.jpg 768w, https:\/\/amu.pan.pl\/kmn\/wp-content\/uploads\/sites\/8\/2025\/07\/21-1536x864.jpg 1536w, https:\/\/amu.pan.pl\/kmn\/wp-content\/uploads\/sites\/8\/2025\/07\/21-18x10.jpg 18w, https:\/\/amu.pan.pl\/kmn\/wp-content\/uploads\/sites\/8\/2025\/07\/21.jpg 1920w\" sizes=\"(max-width: 800px) 100vw, 800px\" \/>\t\t\t\t\t\t\t\t\t\t\t\t\t\t\t<\/div>\n\t\t\t\t<\/div>\n\t\t\t\t\t<\/div>\n\t\t<\/div>\n\t\t\t\t\t<\/div>\n\t\t<\/section>\n\t\t\t\t<section class=\"elementor-section elementor-top-section elementor-element elementor-element-4133267 elementor-section-boxed elementor-section-height-default elementor-section-height-default\" data-id=\"4133267\" data-element_type=\"section\">\n\t\t\t\t\t\t<div class=\"elementor-container elementor-column-gap-default\">\n\t\t\t\t\t<div class=\"elementor-column elementor-col-100 elementor-top-column elementor-element elementor-element-8968efc\" data-id=\"8968efc\" data-element_type=\"column\">\n\t\t\t<div class=\"elementor-widget-wrap elementor-element-populated\">\n\t\t\t\t\t\t<div class=\"elementor-element elementor-element-ceb9ee1 elementor-widget elementor-widget-spacer\" data-id=\"ceb9ee1\" data-element_type=\"widget\" data-widget_type=\"spacer.default\">\n\t\t\t\t<div class=\"elementor-widget-container\">\n\t\t\t\t\t\t\t<div class=\"elementor-spacer\">\n\t\t\t<div class=\"elementor-spacer-inner\"><\/div>\n\t\t<\/div>\n\t\t\t\t\t\t<\/div>\n\t\t\t\t<\/div>\n\t\t\t\t\t<\/div>\n\t\t<\/div>\n\t\t\t\t\t<\/div>\n\t\t<\/section>\n\t\t\t\t<section class=\"elementor-section elementor-top-section elementor-element elementor-element-9ec4e33 elementor-section-boxed elementor-section-height-default elementor-section-height-default\" data-id=\"9ec4e33\" data-element_type=\"section\">\n\t\t\t\t\t\t<div class=\"elementor-container elementor-column-gap-default\">\n\t\t\t\t\t<div class=\"elementor-column elementor-col-100 elementor-top-column elementor-element elementor-element-f088c74\" data-id=\"f088c74\" data-element_type=\"column\">\n\t\t\t<div class=\"elementor-widget-wrap elementor-element-populated\">\n\t\t\t\t\t\t<div class=\"elementor-element elementor-element-d61158c elementor-widget elementor-widget-heading\" data-id=\"d61158c\" data-element_type=\"widget\" data-widget_type=\"heading.default\">\n\t\t\t\t<div class=\"elementor-widget-container\">\n\t\t\t\t\t<h2 class=\"elementor-heading-title elementor-size-default\">Warsztaty<\/h2>\t\t\t\t<\/div>\n\t\t\t\t<\/div>\n\t\t\t\t\t<\/div>\n\t\t<\/div>\n\t\t\t\t\t<\/div>\n\t\t<\/section>\n\t\t\t\t<section class=\"elementor-section elementor-top-section elementor-element elementor-element-0da0599 elementor-section-boxed elementor-section-height-default elementor-section-height-default\" data-id=\"0da0599\" data-element_type=\"section\">\n\t\t\t\t\t\t<div class=\"elementor-container elementor-column-gap-default\">\n\t\t\t\t\t<div class=\"elementor-column elementor-col-100 elementor-top-column elementor-element elementor-element-c50bd3d\" data-id=\"c50bd3d\" data-element_type=\"column\">\n\t\t\t<div class=\"elementor-widget-wrap elementor-element-populated\">\n\t\t\t\t\t\t<div class=\"elementor-element elementor-element-e7dd4ec elementor-widget elementor-widget-text-editor\" data-id=\"e7dd4ec\" data-element_type=\"widget\" data-widget_type=\"text-editor.default\">\n\t\t\t\t<div class=\"elementor-widget-container\">\n\t\t\t\t\t\t\t\t\t<p>Poni\u017cej lista warsztat\u00f3w, kt\u00f3re odby\u0142y si\u0119 w ramach programu Kopalnia M\u0142odych Naukowc\u00f3w, wraz z prowadz\u0105cymi.<\/p><p>\u00a0<\/p><p><strong>Nauki in\u017cynieryjno-techniczne\u00a0 &#8211; 11 lutego 2025<\/strong><\/p><ul><li>Prof. Marta Gmurek<\/li><li>Dr hab. Marzena Smol<\/li><li>Dr in\u017c. Magdalena Andrunik<\/li><li>Mgr in\u017c. Paulina Marcinek<\/li><\/ul><p>\u00a0<\/p><p><strong>Nauki spo\u0142eczne &#8211;\u00a0 10 czerwca 2025<\/strong><\/p><ul><li>Prof. Dariusz Jemielniak<\/li><li>Dr Anna G\u00f3rska<\/li><\/ul><p>\u00a0<\/p><p><strong>Nauki \u015bcis\u0142e \u2013 23 czerwca 2025<\/strong><\/p><ul><li>Prof. Micha\u0142 Tomza<\/li><li>Micha\u0142 Suchorowski<\/li><\/ul><p>\u00a0<\/p><p><strong>Nauki humanistyczne \u2013 25 czerwca 2025<\/strong><\/p><ul><li>Prof. Katarzyna Marciniak<\/li><\/ul><p>\u00a0<\/p><p><strong>Nauki medyczne\u00a0 &#8211; 25 lipca 2025<\/strong><\/p><ul><li>Prof. Maciej Sa\u0142aga<\/li><li>Mgr in\u017c. Dagmara S\u0142ota<\/li><\/ul>\t\t\t\t\t\t\t\t<\/div>\n\t\t\t\t<\/div>\n\t\t\t\t\t<\/div>\n\t\t<\/div>\n\t\t\t\t\t<\/div>\n\t\t<\/section>\n\t\t\t\t<section class=\"elementor-section elementor-top-section elementor-element elementor-element-011ba98 elementor-section-boxed elementor-section-height-default elementor-section-height-default\" data-id=\"011ba98\" data-element_type=\"section\">\n\t\t\t\t\t\t<div class=\"elementor-container elementor-column-gap-default\">\n\t\t\t\t\t<div class=\"elementor-column elementor-col-100 elementor-top-column elementor-element elementor-element-8a0f1a7\" data-id=\"8a0f1a7\" data-element_type=\"column\">\n\t\t\t<div class=\"elementor-widget-wrap elementor-element-populated\">\n\t\t\t\t\t\t<div class=\"elementor-element elementor-element-d40bc67 elementor-widget elementor-widget-spacer\" data-id=\"d40bc67\" data-element_type=\"widget\" data-widget_type=\"spacer.default\">\n\t\t\t\t<div class=\"elementor-widget-container\">\n\t\t\t\t\t\t\t<div class=\"elementor-spacer\">\n\t\t\t<div class=\"elementor-spacer-inner\"><\/div>\n\t\t<\/div>\n\t\t\t\t\t\t<\/div>\n\t\t\t\t<\/div>\n\t\t\t\t\t<\/div>\n\t\t<\/div>\n\t\t\t\t\t<\/div>\n\t\t<\/section>\n\t\t\t\t<\/div>\n\t\t","protected":false},"excerpt":{"rendered":"<p>Morbi in sem quis dui placerat ornare. Pellentesque odio nisi euismod in pharetra a ultricies.<\/p>\n","protected":false},"author":2,"featured_media":0,"parent":0,"menu_order":0,"comment_status":"closed","ping_status":"closed","template":"","meta":{"_monsterinsights_skip_tracking":false,"_monsterinsights_sitenote_active":false,"_monsterinsights_sitenote_note":"","_monsterinsights_sitenote_category":0,"footnotes":""},"class_list":["post-1705","page","type-page","status-publish","hentry"],"yoast_head":"<!-- This site is optimized with the Yoast SEO plugin v25.0 - https:\/\/yoast.com\/wordpress\/plugins\/seo\/ -->\n<title>Warsztaty - Kopalnia M\u0142odych Naukowc\u00f3w<\/title>\n<meta name=\"robots\" content=\"index, follow, max-snippet:-1, max-image-preview:large, max-video-preview:-1\" \/>\n<link rel=\"canonical\" href=\"https:\/\/amu.pan.pl\/kmn\/warsztaty\/\" \/>\n<meta property=\"og:locale\" content=\"pl_PL\" \/>\n<meta property=\"og:type\" content=\"article\" \/>\n<meta property=\"og:title\" content=\"Warsztaty - Kopalnia M\u0142odych Naukowc\u00f3w\" \/>\n<meta property=\"og:description\" content=\"Morbi in sem quis dui placerat ornare. Pellentesque odio nisi euismod in pharetra a ultricies.\" \/>\n<meta property=\"og:url\" content=\"https:\/\/amu.pan.pl\/kmn\/warsztaty\/\" \/>\n<meta property=\"og:site_name\" content=\"Kopalnia M\u0142odych Naukowc\u00f3w\" \/>\n<meta property=\"article:publisher\" content=\"https:\/\/www.facebook.com\/AkademiaMlodychUczonych\/\" \/>\n<meta property=\"article:modified_time\" content=\"2025-08-26T10:48:14+00:00\" \/>\n<meta property=\"og:image\" content=\"https:\/\/amu.pan.pl\/kmn\/wp-content\/uploads\/sites\/8\/2025\/07\/18.jpg\" \/>\n\t<meta property=\"og:image:width\" content=\"1920\" \/>\n\t<meta property=\"og:image:height\" content=\"1080\" \/>\n\t<meta property=\"og:image:type\" content=\"image\/jpeg\" \/>\n<meta name=\"twitter:card\" content=\"summary_large_image\" \/>\n<meta name=\"twitter:site\" content=\"@AMUPAN1\" \/>\n<meta name=\"twitter:label1\" content=\"Szacowany czas czytania\" \/>\n\t<meta name=\"twitter:data1\" content=\"2 minuty\" \/>\n<script type=\"application\/ld+json\" class=\"yoast-schema-graph\">{\"@context\":\"https:\/\/schema.org\",\"@graph\":[{\"@type\":\"WebPage\",\"@id\":\"https:\/\/amu.pan.pl\/kmn\/warsztaty\/\",\"url\":\"https:\/\/amu.pan.pl\/kmn\/warsztaty\/\",\"name\":\"Warsztaty - Kopalnia M\u0142odych Naukowc\u00f3w\",\"isPartOf\":{\"@id\":\"https:\/\/amu.pan.pl\/kmn\/#website\"},\"primaryImageOfPage\":{\"@id\":\"https:\/\/amu.pan.pl\/kmn\/warsztaty\/#primaryimage\"},\"image\":{\"@id\":\"https:\/\/amu.pan.pl\/kmn\/warsztaty\/#primaryimage\"},\"thumbnailUrl\":\"https:\/\/amu.pan.pl\/kmn\/wp-content\/uploads\/sites\/8\/2025\/07\/18-1024x576.jpg\",\"datePublished\":\"2025-07-10T08:28:22+00:00\",\"dateModified\":\"2025-08-26T10:48:14+00:00\",\"breadcrumb\":{\"@id\":\"https:\/\/amu.pan.pl\/kmn\/warsztaty\/#breadcrumb\"},\"inLanguage\":\"pl-PL\",\"potentialAction\":[{\"@type\":\"ReadAction\",\"target\":[\"https:\/\/amu.pan.pl\/kmn\/warsztaty\/\"]}]},{\"@type\":\"ImageObject\",\"inLanguage\":\"pl-PL\",\"@id\":\"https:\/\/amu.pan.pl\/kmn\/warsztaty\/#primaryimage\",\"url\":\"https:\/\/amu.pan.pl\/kmn\/wp-content\/uploads\/sites\/8\/2025\/07\/18.jpg\",\"contentUrl\":\"https:\/\/amu.pan.pl\/kmn\/wp-content\/uploads\/sites\/8\/2025\/07\/18.jpg\",\"width\":1920,\"height\":1080},{\"@type\":\"BreadcrumbList\",\"@id\":\"https:\/\/amu.pan.pl\/kmn\/warsztaty\/#breadcrumb\",\"itemListElement\":[{\"@type\":\"ListItem\",\"position\":1,\"name\":\"Strona g\u0142\u00f3wna\",\"item\":\"https:\/\/amu.pan.pl\/kmn\/\"},{\"@type\":\"ListItem\",\"position\":2,\"name\":\"Warsztaty\"}]},{\"@type\":\"WebSite\",\"@id\":\"https:\/\/amu.pan.pl\/kmn\/#website\",\"url\":\"https:\/\/amu.pan.pl\/kmn\/\",\"name\":\"Kopalnia M\u0142odych Naukowc\u00f3w\",\"description\":\"\",\"publisher\":{\"@id\":\"https:\/\/amu.pan.pl\/kmn\/#organization\"},\"potentialAction\":[{\"@type\":\"SearchAction\",\"target\":{\"@type\":\"EntryPoint\",\"urlTemplate\":\"https:\/\/amu.pan.pl\/kmn\/?s={search_term_string}\"},\"query-input\":{\"@type\":\"PropertyValueSpecification\",\"valueRequired\":true,\"valueName\":\"search_term_string\"}}],\"inLanguage\":\"pl-PL\"},{\"@type\":\"Organization\",\"@id\":\"https:\/\/amu.pan.pl\/kmn\/#organization\",\"name\":\"Kopalnia M\u0142odych Naukowc\u00f3w\",\"url\":\"https:\/\/amu.pan.pl\/kmn\/\",\"logo\":{\"@type\":\"ImageObject\",\"inLanguage\":\"pl-PL\",\"@id\":\"https:\/\/amu.pan.pl\/kmn\/#\/schema\/logo\/image\/\",\"url\":\"https:\/\/amu.pan.pl\/kmn\/wp-content\/uploads\/sites\/8\/2024\/03\/cropped-kopalnia_wide.png\",\"contentUrl\":\"https:\/\/amu.pan.pl\/kmn\/wp-content\/uploads\/sites\/8\/2024\/03\/cropped-kopalnia_wide.png\",\"width\":839,\"height\":189,\"caption\":\"Kopalnia M\u0142odych Naukowc\u00f3w\"},\"image\":{\"@id\":\"https:\/\/amu.pan.pl\/kmn\/#\/schema\/logo\/image\/\"},\"sameAs\":[\"https:\/\/www.facebook.com\/AkademiaMlodychUczonych\/\",\"https:\/\/x.com\/AMUPAN1\"]}]}<\/script>\n<!-- \/ Yoast SEO plugin. -->","yoast_head_json":{"title":"Warsztaty - Kopalnia M\u0142odych Naukowc\u00f3w","robots":{"index":"index","follow":"follow","max-snippet":"max-snippet:-1","max-image-preview":"max-image-preview:large","max-video-preview":"max-video-preview:-1"},"canonical":"https:\/\/amu.pan.pl\/kmn\/warsztaty\/","og_locale":"pl_PL","og_type":"article","og_title":"Warsztaty - Kopalnia M\u0142odych Naukowc\u00f3w","og_description":"Morbi in sem quis dui placerat ornare. Pellentesque odio nisi euismod in pharetra a ultricies.","og_url":"https:\/\/amu.pan.pl\/kmn\/warsztaty\/","og_site_name":"Kopalnia M\u0142odych Naukowc\u00f3w","article_publisher":"https:\/\/www.facebook.com\/AkademiaMlodychUczonych\/","article_modified_time":"2025-08-26T10:48:14+00:00","og_image":[{"width":1920,"height":1080,"url":"https:\/\/amu.pan.pl\/kmn\/wp-content\/uploads\/sites\/8\/2025\/07\/18.jpg","type":"image\/jpeg"}],"twitter_card":"summary_large_image","twitter_site":"@AMUPAN1","twitter_misc":{"Szacowany czas czytania":"2 minuty"},"schema":{"@context":"https:\/\/schema.org","@graph":[{"@type":"WebPage","@id":"https:\/\/amu.pan.pl\/kmn\/warsztaty\/","url":"https:\/\/amu.pan.pl\/kmn\/warsztaty\/","name":"Warsztaty - Kopalnia M\u0142odych Naukowc\u00f3w","isPartOf":{"@id":"https:\/\/amu.pan.pl\/kmn\/#website"},"primaryImageOfPage":{"@id":"https:\/\/amu.pan.pl\/kmn\/warsztaty\/#primaryimage"},"image":{"@id":"https:\/\/amu.pan.pl\/kmn\/warsztaty\/#primaryimage"},"thumbnailUrl":"https:\/\/amu.pan.pl\/kmn\/wp-content\/uploads\/sites\/8\/2025\/07\/18-1024x576.jpg","datePublished":"2025-07-10T08:28:22+00:00","dateModified":"2025-08-26T10:48:14+00:00","breadcrumb":{"@id":"https:\/\/amu.pan.pl\/kmn\/warsztaty\/#breadcrumb"},"inLanguage":"pl-PL","potentialAction":[{"@type":"ReadAction","target":["https:\/\/amu.pan.pl\/kmn\/warsztaty\/"]}]},{"@type":"ImageObject","inLanguage":"pl-PL","@id":"https:\/\/amu.pan.pl\/kmn\/warsztaty\/#primaryimage","url":"https:\/\/amu.pan.pl\/kmn\/wp-content\/uploads\/sites\/8\/2025\/07\/18.jpg","contentUrl":"https:\/\/amu.pan.pl\/kmn\/wp-content\/uploads\/sites\/8\/2025\/07\/18.jpg","width":1920,"height":1080},{"@type":"BreadcrumbList","@id":"https:\/\/amu.pan.pl\/kmn\/warsztaty\/#breadcrumb","itemListElement":[{"@type":"ListItem","position":1,"name":"Strona g\u0142\u00f3wna","item":"https:\/\/amu.pan.pl\/kmn\/"},{"@type":"ListItem","position":2,"name":"Warsztaty"}]},{"@type":"WebSite","@id":"https:\/\/amu.pan.pl\/kmn\/#website","url":"https:\/\/amu.pan.pl\/kmn\/","name":"Kopalnia M\u0142odych Naukowc\u00f3w","description":"","publisher":{"@id":"https:\/\/amu.pan.pl\/kmn\/#organization"},"potentialAction":[{"@type":"SearchAction","target":{"@type":"EntryPoint","urlTemplate":"https:\/\/amu.pan.pl\/kmn\/?s={search_term_string}"},"query-input":{"@type":"PropertyValueSpecification","valueRequired":true,"valueName":"search_term_string"}}],"inLanguage":"pl-PL"},{"@type":"Organization","@id":"https:\/\/amu.pan.pl\/kmn\/#organization","name":"Kopalnia M\u0142odych Naukowc\u00f3w","url":"https:\/\/amu.pan.pl\/kmn\/","logo":{"@type":"ImageObject","inLanguage":"pl-PL","@id":"https:\/\/amu.pan.pl\/kmn\/#\/schema\/logo\/image\/","url":"https:\/\/amu.pan.pl\/kmn\/wp-content\/uploads\/sites\/8\/2024\/03\/cropped-kopalnia_wide.png","contentUrl":"https:\/\/amu.pan.pl\/kmn\/wp-content\/uploads\/sites\/8\/2024\/03\/cropped-kopalnia_wide.png","width":839,"height":189,"caption":"Kopalnia M\u0142odych Naukowc\u00f3w"},"image":{"@id":"https:\/\/amu.pan.pl\/kmn\/#\/schema\/logo\/image\/"},"sameAs":["https:\/\/www.facebook.com\/AkademiaMlodychUczonych\/","https:\/\/x.com\/AMUPAN1"]}]}},"_links":{"self":[{"href":"https:\/\/amu.pan.pl\/kmn\/wp-json\/wp\/v2\/pages\/1705","targetHints":{"allow":["GET"]}}],"collection":[{"href":"https:\/\/amu.pan.pl\/kmn\/wp-json\/wp\/v2\/pages"}],"about":[{"href":"https:\/\/amu.pan.pl\/kmn\/wp-json\/wp\/v2\/types\/page"}],"author":[{"embeddable":true,"href":"https:\/\/amu.pan.pl\/kmn\/wp-json\/wp\/v2\/users\/2"}],"replies":[{"embeddable":true,"href":"https:\/\/amu.pan.pl\/kmn\/wp-json\/wp\/v2\/comments?post=1705"}],"version-history":[{"count":10,"href":"https:\/\/amu.pan.pl\/kmn\/wp-json\/wp\/v2\/pages\/1705\/revisions"}],"predecessor-version":[{"id":1752,"href":"https:\/\/amu.pan.pl\/kmn\/wp-json\/wp\/v2\/pages\/1705\/revisions\/1752"}],"wp:attachment":[{"href":"https:\/\/amu.pan.pl\/kmn\/wp-json\/wp\/v2\/media?parent=1705"}],"curies":[{"name":"wp","href":"https:\/\/api.w.org\/{rel}","templated":true}]}}