{"id":1724,"date":"2025-08-26T11:44:04","date_gmt":"2025-08-26T09:44:04","guid":{"rendered":"https:\/\/amu.pan.pl\/kmn\/?page_id=1724"},"modified":"2025-08-26T12:45:48","modified_gmt":"2025-08-26T10:45:48","slug":"fotorelacja","status":"publish","type":"page","link":"https:\/\/amu.pan.pl\/kmn\/fotorelacja\/","title":{"rendered":"Fotorelacja"},"content":{"rendered":"\t\t<div data-elementor-type=\"wp-page\" data-elementor-id=\"1724\" class=\"elementor elementor-1724\">\n\t\t\t\t\t\t<section class=\"elementor-section elementor-top-section elementor-element elementor-element-470c061 elementor-section-boxed elementor-section-height-default elementor-section-height-default\" data-id=\"470c061\" data-element_type=\"section\">\n\t\t\t\t\t\t<div class=\"elementor-container elementor-column-gap-default\">\n\t\t\t\t\t<div class=\"elementor-column elementor-col-100 elementor-top-column elementor-element elementor-element-46af2ba\" data-id=\"46af2ba\" data-element_type=\"column\">\n\t\t\t<div class=\"elementor-widget-wrap elementor-element-populated\">\n\t\t\t\t\t\t<div class=\"elementor-element elementor-element-9590778 elementor-widget elementor-widget-text-editor\" data-id=\"9590778\" data-element_type=\"widget\" data-widget_type=\"text-editor.default\">\n\t\t\t\t<div class=\"elementor-widget-container\">\n\t\t\t\t\t\t\t\t\t<h4><span style=\"font-size: 10.0pt; font-family: 'Verdana',sans-serif;\">Poni\u017cej przedstawiamy fotorelacj\u0119 z wybranych wydarze\u0144 zorganizowanych w ramach projektu Kopalnia M\u0142odych Naukowc\u00f3w<\/span><\/h4>\t\t\t\t\t\t\t\t<\/div>\n\t\t\t\t<\/div>\n\t\t\t\t\t<\/div>\n\t\t<\/div>\n\t\t\t\t\t<\/div>\n\t\t<\/section>\n\t\t\t\t<section class=\"elementor-section elementor-top-section elementor-element elementor-element-19b4572 elementor-section-boxed elementor-section-height-default elementor-section-height-default\" data-id=\"19b4572\" data-element_type=\"section\">\n\t\t\t\t\t\t<div class=\"elementor-container elementor-column-gap-default\">\n\t\t\t\t\t<div class=\"elementor-column elementor-col-100 elementor-top-column elementor-element elementor-element-ec6612c\" data-id=\"ec6612c\" data-element_type=\"column\">\n\t\t\t<div class=\"elementor-widget-wrap elementor-element-populated\">\n\t\t\t\t\t\t<div class=\"elementor-element elementor-element-14af43d elementor-widget elementor-widget-image-gallery\" data-id=\"14af43d\" data-element_type=\"widget\" data-widget_type=\"image-gallery.default\">\n\t\t\t\t<div class=\"elementor-widget-container\">\n\t\t\t\t\t\t\t<div class=\"elementor-image-gallery\">\n\t\t\t<div id='gallery-1' class='gallery galleryid-1724 gallery-columns-3 gallery-size-medium_large'><figure class='gallery-item'>\n\t\t\t<div class='gallery-icon landscape'>\n\t\t\t\t<a data-elementor-open-lightbox=\"yes\" data-elementor-lightbox-slideshow=\"14af43d\" data-elementor-lightbox-title=\"3\" data-e-action-hash=\"#elementor-action%3Aaction%3Dlightbox%26settings%3DeyJpZCI6MTczMywidXJsIjoiaHR0cHM6XC9cL2FtdS5wYW4ucGxcL2ttblwvd3AtY29udGVudFwvdXBsb2Fkc1wvc2l0ZXNcLzhcLzIwMjVcLzA4XC8zLTEuanBnIiwic2xpZGVzaG93IjoiMTRhZjQzZCJ9\" href='https:\/\/amu.pan.pl\/kmn\/wp-content\/uploads\/sites\/8\/2025\/08\/3-1.jpg'><img fetchpriority=\"high\" decoding=\"async\" width=\"768\" height=\"538\" src=\"https:\/\/amu.pan.pl\/kmn\/wp-content\/uploads\/sites\/8\/2025\/08\/3-1-768x538.jpg\" class=\"attachment-medium_large size-medium_large\" alt=\"\" srcset=\"https:\/\/amu.pan.pl\/kmn\/wp-content\/uploads\/sites\/8\/2025\/08\/3-1-768x538.jpg 768w, https:\/\/amu.pan.pl\/kmn\/wp-content\/uploads\/sites\/8\/2025\/08\/3-1-300x210.jpg 300w, https:\/\/amu.pan.pl\/kmn\/wp-content\/uploads\/sites\/8\/2025\/08\/3-1-1024x717.jpg 1024w, https:\/\/amu.pan.pl\/kmn\/wp-content\/uploads\/sites\/8\/2025\/08\/3-1-18x12.jpg 18w, https:\/\/amu.pan.pl\/kmn\/wp-content\/uploads\/sites\/8\/2025\/08\/3-1.jpg 1181w\" sizes=\"(max-width: 768px) 100vw, 768px\" \/><\/a>\n\t\t\t<\/div><\/figure><figure class='gallery-item'>\n\t\t\t<div class='gallery-icon landscape'>\n\t\t\t\t<a data-elementor-open-lightbox=\"yes\" data-elementor-lightbox-slideshow=\"14af43d\" data-elementor-lightbox-title=\"2\" data-e-action-hash=\"#elementor-action%3Aaction%3Dlightbox%26settings%3DeyJpZCI6MTcyNywidXJsIjoiaHR0cHM6XC9cL2FtdS5wYW4ucGxcL2ttblwvd3AtY29udGVudFwvdXBsb2Fkc1wvc2l0ZXNcLzhcLzIwMjVcLzA4XC8yLmpwZyIsInNsaWRlc2hvdyI6IjE0YWY0M2QifQ%3D%3D\" href='https:\/\/amu.pan.pl\/kmn\/wp-content\/uploads\/sites\/8\/2025\/08\/2.jpg'><img decoding=\"async\" width=\"768\" height=\"576\" src=\"https:\/\/amu.pan.pl\/kmn\/wp-content\/uploads\/sites\/8\/2025\/08\/2-768x576.jpg\" class=\"attachment-medium_large size-medium_large\" alt=\"\" srcset=\"https:\/\/amu.pan.pl\/kmn\/wp-content\/uploads\/sites\/8\/2025\/08\/2-768x576.jpg 768w, https:\/\/amu.pan.pl\/kmn\/wp-content\/uploads\/sites\/8\/2025\/08\/2-300x225.jpg 300w, https:\/\/amu.pan.pl\/kmn\/wp-content\/uploads\/sites\/8\/2025\/08\/2-1024x768.jpg 1024w, https:\/\/amu.pan.pl\/kmn\/wp-content\/uploads\/sites\/8\/2025\/08\/2-1536x1152.jpg 1536w, https:\/\/amu.pan.pl\/kmn\/wp-content\/uploads\/sites\/8\/2025\/08\/2-16x12.jpg 16w, https:\/\/amu.pan.pl\/kmn\/wp-content\/uploads\/sites\/8\/2025\/08\/2.jpg 2048w\" sizes=\"(max-width: 768px) 100vw, 768px\" \/><\/a>\n\t\t\t<\/div><\/figure><figure class='gallery-item'>\n\t\t\t<div class='gallery-icon portrait'>\n\t\t\t\t<a data-elementor-open-lightbox=\"yes\" data-elementor-lightbox-slideshow=\"14af43d\" data-elementor-lightbox-title=\"5\" data-e-action-hash=\"#elementor-action%3Aaction%3Dlightbox%26settings%3DeyJpZCI6MTczMCwidXJsIjoiaHR0cHM6XC9cL2FtdS5wYW4ucGxcL2ttblwvd3AtY29udGVudFwvdXBsb2Fkc1wvc2l0ZXNcLzhcLzIwMjVcLzA4XC81LmpwZyIsInNsaWRlc2hvdyI6IjE0YWY0M2QifQ%3D%3D\" href='https:\/\/amu.pan.pl\/kmn\/wp-content\/uploads\/sites\/8\/2025\/08\/5.jpg'><img decoding=\"async\" width=\"768\" height=\"1024\" src=\"https:\/\/amu.pan.pl\/kmn\/wp-content\/uploads\/sites\/8\/2025\/08\/5-768x1024.jpg\" class=\"attachment-medium_large size-medium_large\" alt=\"\" srcset=\"https:\/\/amu.pan.pl\/kmn\/wp-content\/uploads\/sites\/8\/2025\/08\/5-768x1024.jpg 768w, https:\/\/amu.pan.pl\/kmn\/wp-content\/uploads\/sites\/8\/2025\/08\/5-225x300.jpg 225w, https:\/\/amu.pan.pl\/kmn\/wp-content\/uploads\/sites\/8\/2025\/08\/5-1152x1536.jpg 1152w, https:\/\/amu.pan.pl\/kmn\/wp-content\/uploads\/sites\/8\/2025\/08\/5-9x12.jpg 9w, https:\/\/amu.pan.pl\/kmn\/wp-content\/uploads\/sites\/8\/2025\/08\/5.jpg 1536w\" sizes=\"(max-width: 768px) 100vw, 768px\" \/><\/a>\n\t\t\t<\/div><\/figure><figure class='gallery-item'>\n\t\t\t<div class='gallery-icon landscape'>\n\t\t\t\t<a data-elementor-open-lightbox=\"yes\" data-elementor-lightbox-slideshow=\"14af43d\" data-elementor-lightbox-title=\"2\" data-e-action-hash=\"#elementor-action%3Aaction%3Dlightbox%26settings%3DeyJpZCI6MTczMiwidXJsIjoiaHR0cHM6XC9cL2FtdS5wYW4ucGxcL2ttblwvd3AtY29udGVudFwvdXBsb2Fkc1wvc2l0ZXNcLzhcLzIwMjVcLzA4XC8yLTEuanBnIiwic2xpZGVzaG93IjoiMTRhZjQzZCJ9\" href='https:\/\/amu.pan.pl\/kmn\/wp-content\/uploads\/sites\/8\/2025\/08\/2-1.jpg'><img loading=\"lazy\" decoding=\"async\" width=\"768\" height=\"538\" src=\"https:\/\/amu.pan.pl\/kmn\/wp-content\/uploads\/sites\/8\/2025\/08\/2-1-768x538.jpg\" class=\"attachment-medium_large size-medium_large\" alt=\"\" srcset=\"https:\/\/amu.pan.pl\/kmn\/wp-content\/uploads\/sites\/8\/2025\/08\/2-1-768x538.jpg 768w, https:\/\/amu.pan.pl\/kmn\/wp-content\/uploads\/sites\/8\/2025\/08\/2-1-300x210.jpg 300w, https:\/\/amu.pan.pl\/kmn\/wp-content\/uploads\/sites\/8\/2025\/08\/2-1-1024x717.jpg 1024w, https:\/\/amu.pan.pl\/kmn\/wp-content\/uploads\/sites\/8\/2025\/08\/2-1-18x12.jpg 18w, https:\/\/amu.pan.pl\/kmn\/wp-content\/uploads\/sites\/8\/2025\/08\/2-1.jpg 1181w\" sizes=\"(max-width: 768px) 100vw, 768px\" \/><\/a>\n\t\t\t<\/div><\/figure><figure class='gallery-item'>\n\t\t\t<div class='gallery-icon portrait'>\n\t\t\t\t<a data-elementor-open-lightbox=\"yes\" data-elementor-lightbox-slideshow=\"14af43d\" data-elementor-lightbox-title=\"3\" data-e-action-hash=\"#elementor-action%3Aaction%3Dlightbox%26settings%3DeyJpZCI6MTcyOCwidXJsIjoiaHR0cHM6XC9cL2FtdS5wYW4ucGxcL2ttblwvd3AtY29udGVudFwvdXBsb2Fkc1wvc2l0ZXNcLzhcLzIwMjVcLzA4XC8zLmpwZyIsInNsaWRlc2hvdyI6IjE0YWY0M2QifQ%3D%3D\" href='https:\/\/amu.pan.pl\/kmn\/wp-content\/uploads\/sites\/8\/2025\/08\/3.jpg'><img loading=\"lazy\" decoding=\"async\" width=\"768\" height=\"1024\" src=\"https:\/\/amu.pan.pl\/kmn\/wp-content\/uploads\/sites\/8\/2025\/08\/3-768x1024.jpg\" class=\"attachment-medium_large size-medium_large\" alt=\"\" srcset=\"https:\/\/amu.pan.pl\/kmn\/wp-content\/uploads\/sites\/8\/2025\/08\/3-768x1024.jpg 768w, https:\/\/amu.pan.pl\/kmn\/wp-content\/uploads\/sites\/8\/2025\/08\/3-225x300.jpg 225w, https:\/\/amu.pan.pl\/kmn\/wp-content\/uploads\/sites\/8\/2025\/08\/3-1152x1536.jpg 1152w, https:\/\/amu.pan.pl\/kmn\/wp-content\/uploads\/sites\/8\/2025\/08\/3-9x12.jpg 9w, https:\/\/amu.pan.pl\/kmn\/wp-content\/uploads\/sites\/8\/2025\/08\/3.jpg 1536w\" sizes=\"(max-width: 768px) 100vw, 768px\" \/><\/a>\n\t\t\t<\/div><\/figure><figure class='gallery-item'>\n\t\t\t<div class='gallery-icon landscape'>\n\t\t\t\t<a data-elementor-open-lightbox=\"yes\" data-elementor-lightbox-slideshow=\"14af43d\" data-elementor-lightbox-title=\"1\" data-e-action-hash=\"#elementor-action%3Aaction%3Dlightbox%26settings%3DeyJpZCI6MTczMSwidXJsIjoiaHR0cHM6XC9cL2FtdS5wYW4ucGxcL2ttblwvd3AtY29udGVudFwvdXBsb2Fkc1wvc2l0ZXNcLzhcLzIwMjVcLzA4XC8xLTEuanBnIiwic2xpZGVzaG93IjoiMTRhZjQzZCJ9\" href='https:\/\/amu.pan.pl\/kmn\/wp-content\/uploads\/sites\/8\/2025\/08\/1-1.jpg'><img loading=\"lazy\" decoding=\"async\" width=\"768\" height=\"538\" src=\"https:\/\/amu.pan.pl\/kmn\/wp-content\/uploads\/sites\/8\/2025\/08\/1-1-768x538.jpg\" class=\"attachment-medium_large size-medium_large\" alt=\"\" srcset=\"https:\/\/amu.pan.pl\/kmn\/wp-content\/uploads\/sites\/8\/2025\/08\/1-1-768x538.jpg 768w, https:\/\/amu.pan.pl\/kmn\/wp-content\/uploads\/sites\/8\/2025\/08\/1-1-300x210.jpg 300w, https:\/\/amu.pan.pl\/kmn\/wp-content\/uploads\/sites\/8\/2025\/08\/1-1-1024x717.jpg 1024w, https:\/\/amu.pan.pl\/kmn\/wp-content\/uploads\/sites\/8\/2025\/08\/1-1-18x12.jpg 18w, https:\/\/amu.pan.pl\/kmn\/wp-content\/uploads\/sites\/8\/2025\/08\/1-1.jpg 1181w\" sizes=\"(max-width: 768px) 100vw, 768px\" \/><\/a>\n\t\t\t<\/div><\/figure><figure class='gallery-item'>\n\t\t\t<div class='gallery-icon landscape'>\n\t\t\t\t<a data-elementor-open-lightbox=\"yes\" data-elementor-lightbox-slideshow=\"14af43d\" data-elementor-lightbox-title=\"1\" data-e-action-hash=\"#elementor-action%3Aaction%3Dlightbox%26settings%3DeyJpZCI6MTcyNiwidXJsIjoiaHR0cHM6XC9cL2FtdS5wYW4ucGxcL2ttblwvd3AtY29udGVudFwvdXBsb2Fkc1wvc2l0ZXNcLzhcLzIwMjVcLzA4XC8xLmpwZyIsInNsaWRlc2hvdyI6IjE0YWY0M2QifQ%3D%3D\" href='https:\/\/amu.pan.pl\/kmn\/wp-content\/uploads\/sites\/8\/2025\/08\/1.jpg'><img loading=\"lazy\" decoding=\"async\" width=\"768\" height=\"576\" src=\"https:\/\/amu.pan.pl\/kmn\/wp-content\/uploads\/sites\/8\/2025\/08\/1-768x576.jpg\" class=\"attachment-medium_large size-medium_large\" alt=\"\" srcset=\"https:\/\/amu.pan.pl\/kmn\/wp-content\/uploads\/sites\/8\/2025\/08\/1-768x576.jpg 768w, https:\/\/amu.pan.pl\/kmn\/wp-content\/uploads\/sites\/8\/2025\/08\/1-300x225.jpg 300w, https:\/\/amu.pan.pl\/kmn\/wp-content\/uploads\/sites\/8\/2025\/08\/1-1024x768.jpg 1024w, https:\/\/amu.pan.pl\/kmn\/wp-content\/uploads\/sites\/8\/2025\/08\/1-1536x1152.jpg 1536w, https:\/\/amu.pan.pl\/kmn\/wp-content\/uploads\/sites\/8\/2025\/08\/1-16x12.jpg 16w, https:\/\/amu.pan.pl\/kmn\/wp-content\/uploads\/sites\/8\/2025\/08\/1.jpg 1600w\" sizes=\"(max-width: 768px) 100vw, 768px\" \/><\/a>\n\t\t\t<\/div><\/figure><figure class='gallery-item'>\n\t\t\t<div class='gallery-icon landscape'>\n\t\t\t\t<a data-elementor-open-lightbox=\"yes\" data-elementor-lightbox-slideshow=\"14af43d\" data-elementor-lightbox-title=\"4\" data-e-action-hash=\"#elementor-action%3Aaction%3Dlightbox%26settings%3DeyJpZCI6MTczNCwidXJsIjoiaHR0cHM6XC9cL2FtdS5wYW4ucGxcL2ttblwvd3AtY29udGVudFwvdXBsb2Fkc1wvc2l0ZXNcLzhcLzIwMjVcLzA4XC80LTEuanBnIiwic2xpZGVzaG93IjoiMTRhZjQzZCJ9\" href='https:\/\/amu.pan.pl\/kmn\/wp-content\/uploads\/sites\/8\/2025\/08\/4-1.jpg'><img loading=\"lazy\" decoding=\"async\" width=\"768\" height=\"538\" src=\"https:\/\/amu.pan.pl\/kmn\/wp-content\/uploads\/sites\/8\/2025\/08\/4-1-768x538.jpg\" class=\"attachment-medium_large size-medium_large\" alt=\"\" srcset=\"https:\/\/amu.pan.pl\/kmn\/wp-content\/uploads\/sites\/8\/2025\/08\/4-1-768x538.jpg 768w, https:\/\/amu.pan.pl\/kmn\/wp-content\/uploads\/sites\/8\/2025\/08\/4-1-300x210.jpg 300w, https:\/\/amu.pan.pl\/kmn\/wp-content\/uploads\/sites\/8\/2025\/08\/4-1-1024x717.jpg 1024w, https:\/\/amu.pan.pl\/kmn\/wp-content\/uploads\/sites\/8\/2025\/08\/4-1-18x12.jpg 18w, https:\/\/amu.pan.pl\/kmn\/wp-content\/uploads\/sites\/8\/2025\/08\/4-1.jpg 1181w\" sizes=\"(max-width: 768px) 100vw, 768px\" \/><\/a>\n\t\t\t<\/div><\/figure><figure class='gallery-item'>\n\t\t\t<div class='gallery-icon portrait'>\n\t\t\t\t<a data-elementor-open-lightbox=\"yes\" data-elementor-lightbox-slideshow=\"14af43d\" data-elementor-lightbox-title=\"4\" data-e-action-hash=\"#elementor-action%3Aaction%3Dlightbox%26settings%3DeyJpZCI6MTcyOSwidXJsIjoiaHR0cHM6XC9cL2FtdS5wYW4ucGxcL2ttblwvd3AtY29udGVudFwvdXBsb2Fkc1wvc2l0ZXNcLzhcLzIwMjVcLzA4XC80LmpwZyIsInNsaWRlc2hvdyI6IjE0YWY0M2QifQ%3D%3D\" href='https:\/\/amu.pan.pl\/kmn\/wp-content\/uploads\/sites\/8\/2025\/08\/4.jpg'><img loading=\"lazy\" decoding=\"async\" width=\"768\" height=\"1024\" src=\"https:\/\/amu.pan.pl\/kmn\/wp-content\/uploads\/sites\/8\/2025\/08\/4-768x1024.jpg\" class=\"attachment-medium_large size-medium_large\" alt=\"\" srcset=\"https:\/\/amu.pan.pl\/kmn\/wp-content\/uploads\/sites\/8\/2025\/08\/4-768x1024.jpg 768w, https:\/\/amu.pan.pl\/kmn\/wp-content\/uploads\/sites\/8\/2025\/08\/4-225x300.jpg 225w, https:\/\/amu.pan.pl\/kmn\/wp-content\/uploads\/sites\/8\/2025\/08\/4-1152x1536.jpg 1152w, https:\/\/amu.pan.pl\/kmn\/wp-content\/uploads\/sites\/8\/2025\/08\/4-9x12.jpg 9w, https:\/\/amu.pan.pl\/kmn\/wp-content\/uploads\/sites\/8\/2025\/08\/4.jpg 1536w\" sizes=\"(max-width: 768px) 100vw, 768px\" \/><\/a>\n\t\t\t<\/div><\/figure><figure class='gallery-item'>\n\t\t\t<div class='gallery-icon landscape'>\n\t\t\t\t<a data-elementor-open-lightbox=\"yes\" data-elementor-lightbox-slideshow=\"14af43d\" data-elementor-lightbox-title=\"5\" data-e-action-hash=\"#elementor-action%3Aaction%3Dlightbox%26settings%3DeyJpZCI6MTczNSwidXJsIjoiaHR0cHM6XC9cL2FtdS5wYW4ucGxcL2ttblwvd3AtY29udGVudFwvdXBsb2Fkc1wvc2l0ZXNcLzhcLzIwMjVcLzA4XC81LTEuanBnIiwic2xpZGVzaG93IjoiMTRhZjQzZCJ9\" href='https:\/\/amu.pan.pl\/kmn\/wp-content\/uploads\/sites\/8\/2025\/08\/5-1.jpg'><img loading=\"lazy\" decoding=\"async\" width=\"768\" height=\"538\" src=\"https:\/\/amu.pan.pl\/kmn\/wp-content\/uploads\/sites\/8\/2025\/08\/5-1-768x538.jpg\" class=\"attachment-medium_large size-medium_large\" alt=\"\" srcset=\"https:\/\/amu.pan.pl\/kmn\/wp-content\/uploads\/sites\/8\/2025\/08\/5-1-768x538.jpg 768w, https:\/\/amu.pan.pl\/kmn\/wp-content\/uploads\/sites\/8\/2025\/08\/5-1-300x210.jpg 300w, https:\/\/amu.pan.pl\/kmn\/wp-content\/uploads\/sites\/8\/2025\/08\/5-1-1024x717.jpg 1024w, https:\/\/amu.pan.pl\/kmn\/wp-content\/uploads\/sites\/8\/2025\/08\/5-1-18x12.jpg 18w, https:\/\/amu.pan.pl\/kmn\/wp-content\/uploads\/sites\/8\/2025\/08\/5-1.jpg 1181w\" sizes=\"(max-width: 768px) 100vw, 768px\" \/><\/a>\n\t\t\t<\/div><\/figure>\n\t\t<\/div>\n\t\t<\/div>\n\t\t\t\t\t\t<\/div>\n\t\t\t\t<\/div>\n\t\t\t\t\t<\/div>\n\t\t<\/div>\n\t\t\t\t\t<\/div>\n\t\t<\/section>\n\t\t\t\t<\/div>\n\t\t","protected":false},"excerpt":{"rendered":"<p>Morbi in sem quis dui placerat ornare. Pellentesque odio nisi euismod in pharetra a ultricies.<\/p>\n","protected":false},"author":2,"featured_media":0,"parent":0,"menu_order":0,"comment_status":"closed","ping_status":"closed","template":"","meta":{"_monsterinsights_skip_tracking":false,"_monsterinsights_sitenote_active":false,"_monsterinsights_sitenote_note":"","_monsterinsights_sitenote_category":0,"footnotes":""},"class_list":["post-1724","page","type-page","status-publish","hentry"],"yoast_head":"<!-- This site is optimized with the Yoast SEO plugin v25.0 - https:\/\/yoast.com\/wordpress\/plugins\/seo\/ -->\n<title>Fotorelacja - Kopalnia M\u0142odych Naukowc\u00f3w<\/title>\n<meta name=\"robots\" content=\"index, follow, max-snippet:-1, max-image-preview:large, max-video-preview:-1\" \/>\n<link rel=\"canonical\" href=\"https:\/\/amu.pan.pl\/kmn\/fotorelacja\/\" \/>\n<meta property=\"og:locale\" content=\"pl_PL\" \/>\n<meta property=\"og:type\" content=\"article\" \/>\n<meta property=\"og:title\" content=\"Fotorelacja - Kopalnia M\u0142odych Naukowc\u00f3w\" \/>\n<meta property=\"og:description\" content=\"Morbi in sem quis dui placerat ornare. Pellentesque odio nisi euismod in pharetra a ultricies.\" \/>\n<meta property=\"og:url\" content=\"https:\/\/amu.pan.pl\/kmn\/fotorelacja\/\" \/>\n<meta property=\"og:site_name\" content=\"Kopalnia M\u0142odych Naukowc\u00f3w\" \/>\n<meta property=\"article:publisher\" content=\"https:\/\/www.facebook.com\/AkademiaMlodychUczonych\/\" \/>\n<meta property=\"article:modified_time\" content=\"2025-08-26T10:45:48+00:00\" \/>\n<meta property=\"og:image\" content=\"https:\/\/amu.pan.pl\/kmn\/wp-content\/uploads\/sites\/8\/2025\/08\/4-1-768x538.jpg\" \/>\n<meta name=\"twitter:card\" content=\"summary_large_image\" \/>\n<meta name=\"twitter:site\" content=\"@AMUPAN1\" \/>\n<meta name=\"twitter:label1\" content=\"Szacowany czas czytania\" \/>\n\t<meta name=\"twitter:data1\" content=\"3 minuty\" \/>\n<script type=\"application\/ld+json\" class=\"yoast-schema-graph\">{\"@context\":\"https:\/\/schema.org\",\"@graph\":[{\"@type\":\"WebPage\",\"@id\":\"https:\/\/amu.pan.pl\/kmn\/fotorelacja\/\",\"url\":\"https:\/\/amu.pan.pl\/kmn\/fotorelacja\/\",\"name\":\"Fotorelacja - Kopalnia M\u0142odych Naukowc\u00f3w\",\"isPartOf\":{\"@id\":\"https:\/\/amu.pan.pl\/kmn\/#website\"},\"primaryImageOfPage\":{\"@id\":\"https:\/\/amu.pan.pl\/kmn\/fotorelacja\/#primaryimage\"},\"image\":{\"@id\":\"https:\/\/amu.pan.pl\/kmn\/fotorelacja\/#primaryimage\"},\"thumbnailUrl\":\"https:\/\/amu.pan.pl\/kmn\/wp-content\/uploads\/sites\/8\/2025\/08\/4-1-768x538.jpg\",\"datePublished\":\"2025-08-26T09:44:04+00:00\",\"dateModified\":\"2025-08-26T10:45:48+00:00\",\"breadcrumb\":{\"@id\":\"https:\/\/amu.pan.pl\/kmn\/fotorelacja\/#breadcrumb\"},\"inLanguage\":\"pl-PL\",\"potentialAction\":[{\"@type\":\"ReadAction\",\"target\":[\"https:\/\/amu.pan.pl\/kmn\/fotorelacja\/\"]}]},{\"@type\":\"ImageObject\",\"inLanguage\":\"pl-PL\",\"@id\":\"https:\/\/amu.pan.pl\/kmn\/fotorelacja\/#primaryimage\",\"url\":\"https:\/\/amu.pan.pl\/kmn\/wp-content\/uploads\/sites\/8\/2025\/08\/4-1.jpg\",\"contentUrl\":\"https:\/\/amu.pan.pl\/kmn\/wp-content\/uploads\/sites\/8\/2025\/08\/4-1.jpg\",\"width\":1181,\"height\":827},{\"@type\":\"BreadcrumbList\",\"@id\":\"https:\/\/amu.pan.pl\/kmn\/fotorelacja\/#breadcrumb\",\"itemListElement\":[{\"@type\":\"ListItem\",\"position\":1,\"name\":\"Strona g\u0142\u00f3wna\",\"item\":\"https:\/\/amu.pan.pl\/kmn\/\"},{\"@type\":\"ListItem\",\"position\":2,\"name\":\"Fotorelacja\"}]},{\"@type\":\"WebSite\",\"@id\":\"https:\/\/amu.pan.pl\/kmn\/#website\",\"url\":\"https:\/\/amu.pan.pl\/kmn\/\",\"name\":\"Kopalnia M\u0142odych Naukowc\u00f3w\",\"description\":\"\",\"publisher\":{\"@id\":\"https:\/\/amu.pan.pl\/kmn\/#organization\"},\"potentialAction\":[{\"@type\":\"SearchAction\",\"target\":{\"@type\":\"EntryPoint\",\"urlTemplate\":\"https:\/\/amu.pan.pl\/kmn\/?s={search_term_string}\"},\"query-input\":{\"@type\":\"PropertyValueSpecification\",\"valueRequired\":true,\"valueName\":\"search_term_string\"}}],\"inLanguage\":\"pl-PL\"},{\"@type\":\"Organization\",\"@id\":\"https:\/\/amu.pan.pl\/kmn\/#organization\",\"name\":\"Kopalnia M\u0142odych Naukowc\u00f3w\",\"url\":\"https:\/\/amu.pan.pl\/kmn\/\",\"logo\":{\"@type\":\"ImageObject\",\"inLanguage\":\"pl-PL\",\"@id\":\"https:\/\/amu.pan.pl\/kmn\/#\/schema\/logo\/image\/\",\"url\":\"https:\/\/amu.pan.pl\/kmn\/wp-content\/uploads\/sites\/8\/2024\/03\/cropped-kopalnia_wide.png\",\"contentUrl\":\"https:\/\/amu.pan.pl\/kmn\/wp-content\/uploads\/sites\/8\/2024\/03\/cropped-kopalnia_wide.png\",\"width\":839,\"height\":189,\"caption\":\"Kopalnia M\u0142odych Naukowc\u00f3w\"},\"image\":{\"@id\":\"https:\/\/amu.pan.pl\/kmn\/#\/schema\/logo\/image\/\"},\"sameAs\":[\"https:\/\/www.facebook.com\/AkademiaMlodychUczonych\/\",\"https:\/\/x.com\/AMUPAN1\"]}]}<\/script>\n<!-- \/ Yoast SEO plugin. -->","yoast_head_json":{"title":"Fotorelacja - Kopalnia M\u0142odych Naukowc\u00f3w","robots":{"index":"index","follow":"follow","max-snippet":"max-snippet:-1","max-image-preview":"max-image-preview:large","max-video-preview":"max-video-preview:-1"},"canonical":"https:\/\/amu.pan.pl\/kmn\/fotorelacja\/","og_locale":"pl_PL","og_type":"article","og_title":"Fotorelacja - Kopalnia M\u0142odych Naukowc\u00f3w","og_description":"Morbi in sem quis dui placerat ornare. Pellentesque odio nisi euismod in pharetra a ultricies.","og_url":"https:\/\/amu.pan.pl\/kmn\/fotorelacja\/","og_site_name":"Kopalnia M\u0142odych Naukowc\u00f3w","article_publisher":"https:\/\/www.facebook.com\/AkademiaMlodychUczonych\/","article_modified_time":"2025-08-26T10:45:48+00:00","og_image":[{"url":"https:\/\/amu.pan.pl\/kmn\/wp-content\/uploads\/sites\/8\/2025\/08\/4-1-768x538.jpg","type":"","width":"","height":""}],"twitter_card":"summary_large_image","twitter_site":"@AMUPAN1","twitter_misc":{"Szacowany czas czytania":"3 minuty"},"schema":{"@context":"https:\/\/schema.org","@graph":[{"@type":"WebPage","@id":"https:\/\/amu.pan.pl\/kmn\/fotorelacja\/","url":"https:\/\/amu.pan.pl\/kmn\/fotorelacja\/","name":"Fotorelacja - Kopalnia M\u0142odych Naukowc\u00f3w","isPartOf":{"@id":"https:\/\/amu.pan.pl\/kmn\/#website"},"primaryImageOfPage":{"@id":"https:\/\/amu.pan.pl\/kmn\/fotorelacja\/#primaryimage"},"image":{"@id":"https:\/\/amu.pan.pl\/kmn\/fotorelacja\/#primaryimage"},"thumbnailUrl":"https:\/\/amu.pan.pl\/kmn\/wp-content\/uploads\/sites\/8\/2025\/08\/4-1-768x538.jpg","datePublished":"2025-08-26T09:44:04+00:00","dateModified":"2025-08-26T10:45:48+00:00","breadcrumb":{"@id":"https:\/\/amu.pan.pl\/kmn\/fotorelacja\/#breadcrumb"},"inLanguage":"pl-PL","potentialAction":[{"@type":"ReadAction","target":["https:\/\/amu.pan.pl\/kmn\/fotorelacja\/"]}]},{"@type":"ImageObject","inLanguage":"pl-PL","@id":"https:\/\/amu.pan.pl\/kmn\/fotorelacja\/#primaryimage","url":"https:\/\/amu.pan.pl\/kmn\/wp-content\/uploads\/sites\/8\/2025\/08\/4-1.jpg","contentUrl":"https:\/\/amu.pan.pl\/kmn\/wp-content\/uploads\/sites\/8\/2025\/08\/4-1.jpg","width":1181,"height":827},{"@type":"BreadcrumbList","@id":"https:\/\/amu.pan.pl\/kmn\/fotorelacja\/#breadcrumb","itemListElement":[{"@type":"ListItem","position":1,"name":"Strona g\u0142\u00f3wna","item":"https:\/\/amu.pan.pl\/kmn\/"},{"@type":"ListItem","position":2,"name":"Fotorelacja"}]},{"@type":"WebSite","@id":"https:\/\/amu.pan.pl\/kmn\/#website","url":"https:\/\/amu.pan.pl\/kmn\/","name":"Kopalnia M\u0142odych Naukowc\u00f3w","description":"","publisher":{"@id":"https:\/\/amu.pan.pl\/kmn\/#organization"},"potentialAction":[{"@type":"SearchAction","target":{"@type":"EntryPoint","urlTemplate":"https:\/\/amu.pan.pl\/kmn\/?s={search_term_string}"},"query-input":{"@type":"PropertyValueSpecification","valueRequired":true,"valueName":"search_term_string"}}],"inLanguage":"pl-PL"},{"@type":"Organization","@id":"https:\/\/amu.pan.pl\/kmn\/#organization","name":"Kopalnia M\u0142odych Naukowc\u00f3w","url":"https:\/\/amu.pan.pl\/kmn\/","logo":{"@type":"ImageObject","inLanguage":"pl-PL","@id":"https:\/\/amu.pan.pl\/kmn\/#\/schema\/logo\/image\/","url":"https:\/\/amu.pan.pl\/kmn\/wp-content\/uploads\/sites\/8\/2024\/03\/cropped-kopalnia_wide.png","contentUrl":"https:\/\/amu.pan.pl\/kmn\/wp-content\/uploads\/sites\/8\/2024\/03\/cropped-kopalnia_wide.png","width":839,"height":189,"caption":"Kopalnia M\u0142odych Naukowc\u00f3w"},"image":{"@id":"https:\/\/amu.pan.pl\/kmn\/#\/schema\/logo\/image\/"},"sameAs":["https:\/\/www.facebook.com\/AkademiaMlodychUczonych\/","https:\/\/x.com\/AMUPAN1"]}]}},"_links":{"self":[{"href":"https:\/\/amu.pan.pl\/kmn\/wp-json\/wp\/v2\/pages\/1724","targetHints":{"allow":["GET"]}}],"collection":[{"href":"https:\/\/amu.pan.pl\/kmn\/wp-json\/wp\/v2\/pages"}],"about":[{"href":"https:\/\/amu.pan.pl\/kmn\/wp-json\/wp\/v2\/types\/page"}],"author":[{"embeddable":true,"href":"https:\/\/amu.pan.pl\/kmn\/wp-json\/wp\/v2\/users\/2"}],"replies":[{"embeddable":true,"href":"https:\/\/amu.pan.pl\/kmn\/wp-json\/wp\/v2\/comments?post=1724"}],"version-history":[{"count":10,"href":"https:\/\/amu.pan.pl\/kmn\/wp-json\/wp\/v2\/pages\/1724\/revisions"}],"predecessor-version":[{"id":1749,"href":"https:\/\/amu.pan.pl\/kmn\/wp-json\/wp\/v2\/pages\/1724\/revisions\/1749"}],"wp:attachment":[{"href":"https:\/\/amu.pan.pl\/kmn\/wp-json\/wp\/v2\/media?parent=1724"}],"curies":[{"name":"wp","href":"https:\/\/api.w.org\/{rel}","templated":true}]}}