{"id":12,"date":"2023-05-17T13:30:58","date_gmt":"2023-05-17T11:30:58","guid":{"rendered":"https:\/\/amu.pan.pl\/kmtamu\/?page_id=12"},"modified":"2024-03-28T20:03:59","modified_gmt":"2024-03-28T19:03:59","slug":"o-kmt","status":"publish","type":"page","link":"https:\/\/amu.pan.pl\/kmtamu\/o-kmt\/","title":{"rendered":"O KMT"},"content":{"rendered":"\t\t<div data-elementor-type=\"wp-page\" data-elementor-id=\"12\" class=\"elementor elementor-12\">\n\t\t\t\t\t\t<section class=\"elementor-section elementor-top-section elementor-element elementor-element-7ce411a elementor-section-boxed elementor-section-height-default elementor-section-height-default\" data-id=\"7ce411a\" data-element_type=\"section\">\n\t\t\t\t\t\t<div class=\"elementor-container elementor-column-gap-default\">\n\t\t\t\t\t<div class=\"elementor-column elementor-col-100 elementor-top-column elementor-element elementor-element-c52a2b4\" data-id=\"c52a2b4\" data-element_type=\"column\">\n\t\t\t<div class=\"elementor-widget-wrap elementor-element-populated\">\n\t\t\t\t\t\t<div class=\"elementor-element elementor-element-9e4f684 elementor-widget elementor-widget-text-editor\" data-id=\"9e4f684\" data-element_type=\"widget\" data-widget_type=\"text-editor.default\">\n\t\t\t\t<div class=\"elementor-widget-container\">\n\t\t\t\t\t\t\t\t\t<p>Ku\u017ania M\u0142odych Talent\u00f3w Akademii M\u0142odych Uczonych (KMT AMU) jest inicjatyw\u0105 AMU, a tak\u017ce pierwszym w Polsce wydarzeniem, kt\u00f3re umo\u017cliwi nawi\u0105zanie kontakt\u00f3w i wsp\u00f3\u0142pracy naukowej osobom na bardzo wczesnym etapie kariery, jakim s\u0105 studia doktoranckie.&nbsp;<\/p>\n<p>Niezwykle wa\u017cnym elementem KMT AMU s\u0105 warsztaty praktyczne. Proponowana tematyka warsztat\u00f3w pozwoli na rozwini\u0119cie u doktorant\u00f3w umiej\u0119tno\u015bci, potrzebnych do osi\u0105gni\u0119cia dobrego startu w nauce. Zaj\u0119cia, kt\u00f3re b\u0119d\u0105 prowadzone przez do\u015bwiadczonych specjalist\u00f3w b\u0119d\u0105 obejmowa\u0107 zagadnienia z zakresu przygotowania wniosk\u00f3w o granty na badania, statystyki i analizy danych w praktyce badawczej, a tak\u017ce scientific storytelling. Wszystkie z wymienionych temat\u00f3w stanowi\u0105 w wielu przypadkach wyzwanie dla m\u0142odych os\u00f3b, kt\u00f3re rozpoczynaj\u0105 karier\u0119 naukow\u0105. Jednocze\u015bnie macierzyste jednostki w wi\u0119kszo\u015bci przypadk\u00f3w nie szkol\u0105 swoich doktorant\u00f3w w zakresie wymienionych wy\u017cej temat\u00f3w.<\/p>\n<p>KMT AMU to r\u00f3wnie\u017c mo\u017cliwo\u015b\u0107 udzia\u0142u w ciekawej dyskusji panelowej dotycz\u0105cej mobilno\u015bci naukowc\u00f3w oraz wys\u0142uchania wyk\u0142ad\u00f3w popularnonaukowych poprowadzonych przez najlepszych polskich uczonych. Dob\u00f3r uczestnik\u00f3w nakierowany b\u0119dzie na utworzenie grupy interdyscyplinarnej, tak aby umo\u017cliwi\u0107 inicjowanie kontakt\u00f3w pomi\u0119dzy doktorantami zajmuj\u0105cymi si\u0119 r\u00f3\u017cnymi dziedzinami nauki. Podczas wsp\u00f3lnych wyk\u0142ad\u00f3w prowadz\u0105cy zwr\u00f3c\u0105 uwag\u0119 na potrzeb\u0119 nawi\u0105zywania wsp\u00f3\u0142pracy pomi\u0119dzy naukowcami zajmuj\u0105cymi si\u0119 mi\u0119dzy innymi biostatystyk\u0105 i biologi\u0105 czy biologi\u0105 i fizyk\u0105.<\/p>\n<p>Wydarzenie organizowane jest w&nbsp;<a href=\"https:\/\/www.palacjablonna.pl\" target=\"_blank\">Pa\u0142acu w Jab\u0142onnie<\/a>&nbsp;pod Warszaw\u0105.<br><\/p>\t\t\t\t\t\t\t\t<\/div>\n\t\t\t\t<\/div>\n\t\t\t\t\t<\/div>\n\t\t<\/div>\n\t\t\t\t\t<\/div>\n\t\t<\/section>\n\t\t\t\t<section class=\"elementor-section elementor-top-section elementor-element elementor-element-6dc9d3e elementor-section-boxed elementor-section-height-default elementor-section-height-default\" data-id=\"6dc9d3e\" data-element_type=\"section\">\n\t\t\t\t\t\t<div class=\"elementor-container elementor-column-gap-default\">\n\t\t\t\t\t<div class=\"elementor-column elementor-col-100 elementor-top-column elementor-element elementor-element-ed77717\" data-id=\"ed77717\" data-element_type=\"column\">\n\t\t\t<div class=\"elementor-widget-wrap elementor-element-populated\">\n\t\t\t\t\t\t<div class=\"elementor-element elementor-element-657fab4 elementor-widget elementor-widget-google_maps\" data-id=\"657fab4\" data-element_type=\"widget\" data-widget_type=\"google_maps.default\">\n\t\t\t\t<div class=\"elementor-widget-container\">\n\t\t\t\t\t\t\t<div class=\"elementor-custom-embed\">\n\t\t\t<iframe loading=\"lazy\"\n\t\t\t\t\tsrc=\"https:\/\/maps.google.com\/maps?q=Jab%C5%82onna%20palace&#038;t=m&#038;z=9&#038;output=embed&#038;iwloc=near\"\n\t\t\t\t\ttitle=\"Jab\u0142onna palace\"\n\t\t\t\t\taria-label=\"Jab\u0142onna palace\"\n\t\t\t><\/iframe>\n\t\t<\/div>\n\t\t\t\t\t\t<\/div>\n\t\t\t\t<\/div>\n\t\t\t\t\t<\/div>\n\t\t<\/div>\n\t\t\t\t\t<\/div>\n\t\t<\/section>\n\t\t\t\t<\/div>\n\t\t","protected":false},"excerpt":{"rendered":"<p>Ku\u017ania M\u0142odych Talent\u00f3w Akademii M\u0142odych Uczonych (KMT AMU) jest inicjatyw\u0105 AMU, a tak\u017ce pierwszym w Polsce wydarzeniem, kt\u00f3re umo\u017cliwi nawi\u0105zanie kontakt\u00f3w i wsp\u00f3\u0142pracy naukowej osobom na bardzo wczesnym etapie kariery, jakim s\u0105 studia doktoranckie.&nbsp; Niezwykle wa\u017cnym elementem KMT AMU s\u0105 warsztaty praktyczne. Proponowana tematyka warsztat\u00f3w pozwoli na rozwini\u0119cie u doktorant\u00f3w umiej\u0119tno\u015bci, potrzebnych do osi\u0105gni\u0119cia dobrego &#8230; <a title=\"O KMT\" class=\"read-more\" href=\"https:\/\/amu.pan.pl\/kmtamu\/o-kmt\/\" aria-label=\"Read more about O KMT\">Dowiedz si\u0119 wi\u0119cej<\/a><\/p>\n","protected":false},"author":2,"featured_media":0,"parent":0,"menu_order":0,"comment_status":"closed","ping_status":"closed","template":"","meta":{"_monsterinsights_skip_tracking":false,"_monsterinsights_sitenote_active":false,"_monsterinsights_sitenote_note":"","_monsterinsights_sitenote_category":0,"footnotes":""},"class_list":["post-12","page","type-page","status-publish"],"yoast_head":"<!-- This site is optimized with the Yoast SEO plugin v25.0 - https:\/\/yoast.com\/wordpress\/plugins\/seo\/ -->\n<title>O KMT - Ku\u017ania M\u0142odych Talent\u00f3w<\/title>\n<meta name=\"robots\" content=\"index, follow, max-snippet:-1, max-image-preview:large, max-video-preview:-1\" \/>\n<link rel=\"canonical\" href=\"https:\/\/amu.pan.pl\/kmtamu\/o-kmt\/\" \/>\n<meta property=\"og:locale\" content=\"pl_PL\" \/>\n<meta property=\"og:type\" content=\"article\" \/>\n<meta property=\"og:title\" content=\"O KMT - Ku\u017ania M\u0142odych Talent\u00f3w\" \/>\n<meta property=\"og:description\" content=\"Ku\u017ania M\u0142odych Talent\u00f3w Akademii M\u0142odych Uczonych (KMT AMU) jest inicjatyw\u0105 AMU, a tak\u017ce pierwszym w Polsce wydarzeniem, kt\u00f3re umo\u017cliwi nawi\u0105zanie kontakt\u00f3w i wsp\u00f3\u0142pracy naukowej osobom na bardzo wczesnym etapie kariery, jakim s\u0105 studia doktoranckie.&nbsp; Niezwykle wa\u017cnym elementem KMT AMU s\u0105 warsztaty praktyczne. Proponowana tematyka warsztat\u00f3w pozwoli na rozwini\u0119cie u doktorant\u00f3w umiej\u0119tno\u015bci, potrzebnych do osi\u0105gni\u0119cia dobrego ... Dowiedz si\u0119 wi\u0119cej\" \/>\n<meta property=\"og:url\" content=\"https:\/\/amu.pan.pl\/kmtamu\/o-kmt\/\" \/>\n<meta property=\"og:site_name\" content=\"Ku\u017ania M\u0142odych Talent\u00f3w\" \/>\n<meta property=\"article:publisher\" content=\"https:\/\/www.facebook.com\/AkademiaMlodychUczonych\/\" \/>\n<meta property=\"article:modified_time\" content=\"2024-03-28T19:03:59+00:00\" \/>\n<meta name=\"twitter:card\" content=\"summary_large_image\" \/>\n<meta name=\"twitter:site\" content=\"@AMUPAN1\" \/>\n<meta name=\"twitter:label1\" content=\"Szacowany czas czytania\" \/>\n\t<meta name=\"twitter:data1\" content=\"1 minuta\" \/>\n<script type=\"application\/ld+json\" class=\"yoast-schema-graph\">{\"@context\":\"https:\/\/schema.org\",\"@graph\":[{\"@type\":\"WebPage\",\"@id\":\"https:\/\/amu.pan.pl\/kmtamu\/o-kmt\/\",\"url\":\"https:\/\/amu.pan.pl\/kmtamu\/o-kmt\/\",\"name\":\"O KMT - Ku\u017ania M\u0142odych Talent\u00f3w\",\"isPartOf\":{\"@id\":\"https:\/\/amu.pan.pl\/kmtamu\/#website\"},\"datePublished\":\"2023-05-17T11:30:58+00:00\",\"dateModified\":\"2024-03-28T19:03:59+00:00\",\"breadcrumb\":{\"@id\":\"https:\/\/amu.pan.pl\/kmtamu\/o-kmt\/#breadcrumb\"},\"inLanguage\":\"pl-PL\",\"potentialAction\":[{\"@type\":\"ReadAction\",\"target\":[\"https:\/\/amu.pan.pl\/kmtamu\/o-kmt\/\"]}]},{\"@type\":\"BreadcrumbList\",\"@id\":\"https:\/\/amu.pan.pl\/kmtamu\/o-kmt\/#breadcrumb\",\"itemListElement\":[{\"@type\":\"ListItem\",\"position\":1,\"name\":\"Strona g\u0142\u00f3wna\",\"item\":\"https:\/\/amu.pan.pl\/kmtamu\/\"},{\"@type\":\"ListItem\",\"position\":2,\"name\":\"O KMT\"}]},{\"@type\":\"WebSite\",\"@id\":\"https:\/\/amu.pan.pl\/kmtamu\/#website\",\"url\":\"https:\/\/amu.pan.pl\/kmtamu\/\",\"name\":\"Ku\u017ania M\u0142odych Talent\u00f3w\",\"description\":\"Kolejna witryna sieci &#8222;Akademia M\u0142odych Uczonych&#8221;\",\"publisher\":{\"@id\":\"https:\/\/amu.pan.pl\/kmtamu\/#organization\"},\"potentialAction\":[{\"@type\":\"SearchAction\",\"target\":{\"@type\":\"EntryPoint\",\"urlTemplate\":\"https:\/\/amu.pan.pl\/kmtamu\/?s={search_term_string}\"},\"query-input\":{\"@type\":\"PropertyValueSpecification\",\"valueRequired\":true,\"valueName\":\"search_term_string\"}}],\"inLanguage\":\"pl-PL\"},{\"@type\":\"Organization\",\"@id\":\"https:\/\/amu.pan.pl\/kmtamu\/#organization\",\"name\":\"Ku\u017ania M\u0142odych Talent\u00f3w\",\"url\":\"https:\/\/amu.pan.pl\/kmtamu\/\",\"logo\":{\"@type\":\"ImageObject\",\"inLanguage\":\"pl-PL\",\"@id\":\"https:\/\/amu.pan.pl\/kmtamu\/#\/schema\/logo\/image\/\",\"url\":\"https:\/\/amu.pan.pl\/kmtamu\/wp-content\/uploads\/sites\/5\/2024\/03\/cropped-KMT_logo.jpg\",\"contentUrl\":\"https:\/\/amu.pan.pl\/kmtamu\/wp-content\/uploads\/sites\/5\/2024\/03\/cropped-KMT_logo.jpg\",\"width\":1031,\"height\":421,\"caption\":\"Ku\u017ania M\u0142odych Talent\u00f3w\"},\"image\":{\"@id\":\"https:\/\/amu.pan.pl\/kmtamu\/#\/schema\/logo\/image\/\"},\"sameAs\":[\"https:\/\/www.facebook.com\/AkademiaMlodychUczonych\/\",\"https:\/\/x.com\/AMUPAN1\"]}]}<\/script>\n<!-- \/ Yoast SEO plugin. -->","yoast_head_json":{"title":"O KMT - Ku\u017ania M\u0142odych Talent\u00f3w","robots":{"index":"index","follow":"follow","max-snippet":"max-snippet:-1","max-image-preview":"max-image-preview:large","max-video-preview":"max-video-preview:-1"},"canonical":"https:\/\/amu.pan.pl\/kmtamu\/o-kmt\/","og_locale":"pl_PL","og_type":"article","og_title":"O KMT - Ku\u017ania M\u0142odych Talent\u00f3w","og_description":"Ku\u017ania M\u0142odych Talent\u00f3w Akademii M\u0142odych Uczonych (KMT AMU) jest inicjatyw\u0105 AMU, a tak\u017ce pierwszym w Polsce wydarzeniem, kt\u00f3re umo\u017cliwi nawi\u0105zanie kontakt\u00f3w i wsp\u00f3\u0142pracy naukowej osobom na bardzo wczesnym etapie kariery, jakim s\u0105 studia doktoranckie.&nbsp; Niezwykle wa\u017cnym elementem KMT AMU s\u0105 warsztaty praktyczne. Proponowana tematyka warsztat\u00f3w pozwoli na rozwini\u0119cie u doktorant\u00f3w umiej\u0119tno\u015bci, potrzebnych do osi\u0105gni\u0119cia dobrego ... Dowiedz si\u0119 wi\u0119cej","og_url":"https:\/\/amu.pan.pl\/kmtamu\/o-kmt\/","og_site_name":"Ku\u017ania M\u0142odych Talent\u00f3w","article_publisher":"https:\/\/www.facebook.com\/AkademiaMlodychUczonych\/","article_modified_time":"2024-03-28T19:03:59+00:00","twitter_card":"summary_large_image","twitter_site":"@AMUPAN1","twitter_misc":{"Szacowany czas czytania":"1 minuta"},"schema":{"@context":"https:\/\/schema.org","@graph":[{"@type":"WebPage","@id":"https:\/\/amu.pan.pl\/kmtamu\/o-kmt\/","url":"https:\/\/amu.pan.pl\/kmtamu\/o-kmt\/","name":"O KMT - Ku\u017ania M\u0142odych Talent\u00f3w","isPartOf":{"@id":"https:\/\/amu.pan.pl\/kmtamu\/#website"},"datePublished":"2023-05-17T11:30:58+00:00","dateModified":"2024-03-28T19:03:59+00:00","breadcrumb":{"@id":"https:\/\/amu.pan.pl\/kmtamu\/o-kmt\/#breadcrumb"},"inLanguage":"pl-PL","potentialAction":[{"@type":"ReadAction","target":["https:\/\/amu.pan.pl\/kmtamu\/o-kmt\/"]}]},{"@type":"BreadcrumbList","@id":"https:\/\/amu.pan.pl\/kmtamu\/o-kmt\/#breadcrumb","itemListElement":[{"@type":"ListItem","position":1,"name":"Strona g\u0142\u00f3wna","item":"https:\/\/amu.pan.pl\/kmtamu\/"},{"@type":"ListItem","position":2,"name":"O KMT"}]},{"@type":"WebSite","@id":"https:\/\/amu.pan.pl\/kmtamu\/#website","url":"https:\/\/amu.pan.pl\/kmtamu\/","name":"Ku\u017ania M\u0142odych Talent\u00f3w","description":"Kolejna witryna sieci &#8222;Akademia M\u0142odych Uczonych&#8221;","publisher":{"@id":"https:\/\/amu.pan.pl\/kmtamu\/#organization"},"potentialAction":[{"@type":"SearchAction","target":{"@type":"EntryPoint","urlTemplate":"https:\/\/amu.pan.pl\/kmtamu\/?s={search_term_string}"},"query-input":{"@type":"PropertyValueSpecification","valueRequired":true,"valueName":"search_term_string"}}],"inLanguage":"pl-PL"},{"@type":"Organization","@id":"https:\/\/amu.pan.pl\/kmtamu\/#organization","name":"Ku\u017ania M\u0142odych Talent\u00f3w","url":"https:\/\/amu.pan.pl\/kmtamu\/","logo":{"@type":"ImageObject","inLanguage":"pl-PL","@id":"https:\/\/amu.pan.pl\/kmtamu\/#\/schema\/logo\/image\/","url":"https:\/\/amu.pan.pl\/kmtamu\/wp-content\/uploads\/sites\/5\/2024\/03\/cropped-KMT_logo.jpg","contentUrl":"https:\/\/amu.pan.pl\/kmtamu\/wp-content\/uploads\/sites\/5\/2024\/03\/cropped-KMT_logo.jpg","width":1031,"height":421,"caption":"Ku\u017ania M\u0142odych Talent\u00f3w"},"image":{"@id":"https:\/\/amu.pan.pl\/kmtamu\/#\/schema\/logo\/image\/"},"sameAs":["https:\/\/www.facebook.com\/AkademiaMlodychUczonych\/","https:\/\/x.com\/AMUPAN1"]}]}},"_links":{"self":[{"href":"https:\/\/amu.pan.pl\/kmtamu\/wp-json\/wp\/v2\/pages\/12","targetHints":{"allow":["GET"]}}],"collection":[{"href":"https:\/\/amu.pan.pl\/kmtamu\/wp-json\/wp\/v2\/pages"}],"about":[{"href":"https:\/\/amu.pan.pl\/kmtamu\/wp-json\/wp\/v2\/types\/page"}],"author":[{"embeddable":true,"href":"https:\/\/amu.pan.pl\/kmtamu\/wp-json\/wp\/v2\/users\/2"}],"replies":[{"embeddable":true,"href":"https:\/\/amu.pan.pl\/kmtamu\/wp-json\/wp\/v2\/comments?post=12"}],"version-history":[{"count":34,"href":"https:\/\/amu.pan.pl\/kmtamu\/wp-json\/wp\/v2\/pages\/12\/revisions"}],"predecessor-version":[{"id":336,"href":"https:\/\/amu.pan.pl\/kmtamu\/wp-json\/wp\/v2\/pages\/12\/revisions\/336"}],"wp:attachment":[{"href":"https:\/\/amu.pan.pl\/kmtamu\/wp-json\/wp\/v2\/media?parent=12"}],"curies":[{"name":"wp","href":"https:\/\/api.w.org\/{rel}","templated":true}]}}