{"id":25,"date":"2023-05-17T13:42:48","date_gmt":"2023-05-17T11:42:48","guid":{"rendered":"https:\/\/amu.pan.pl\/kmtamu\/?page_id=25"},"modified":"2025-09-08T16:20:53","modified_gmt":"2025-09-08T14:20:53","slug":"rada-programowa","status":"publish","type":"page","link":"https:\/\/amu.pan.pl\/kmtamu\/rada-programowa\/","title":{"rendered":"Rada programowa"},"content":{"rendered":"\t\t<div data-elementor-type=\"wp-page\" data-elementor-id=\"25\" class=\"elementor elementor-25\">\n\t\t\t\t\t\t<section class=\"elementor-section elementor-top-section elementor-element elementor-element-f6cd922 elementor-section-boxed elementor-section-height-default elementor-section-height-default\" data-id=\"f6cd922\" data-element_type=\"section\">\n\t\t\t\t\t\t<div class=\"elementor-container elementor-column-gap-default\">\n\t\t\t\t\t<div class=\"elementor-column elementor-col-100 elementor-top-column elementor-element elementor-element-8c30575\" data-id=\"8c30575\" data-element_type=\"column\">\n\t\t\t<div class=\"elementor-widget-wrap elementor-element-populated\">\n\t\t\t\t\t\t<div class=\"elementor-element elementor-element-b3476be elementor-widget elementor-widget-text-editor\" data-id=\"b3476be\" data-element_type=\"widget\" data-widget_type=\"text-editor.default\">\n\t\t\t\t<div class=\"elementor-widget-container\">\n\t\t\t\t\t\t\t\t\t<p><strong>Sadowski \u0141ukasz, prof. dr hab. in\u017c., Politechnika Wroc\u0142awska, <\/strong><a href=\"mailto:lukasz.sadowski@pwr.edu.pl\"><strong>lukasz.sadowski@pwr.edu.pl<\/strong><\/a><strong> \u2013 Przewodnicz\u0105cy <\/strong><strong>Rady Programowej<\/strong><\/p><p><strong>Klonowska Katarzyna, dr,\u00a0 Instytut Chemii Bioorganicznej Polskiej Akademii Nauk, <\/strong><a href=\"mailto:kklonowska@ibch.poznan.pl\"><strong>kklonowska@ibch.poznan.pl<\/strong><\/a><strong> \u2013 Zast\u0119pczyni Przewodnicz\u0105cego Rady Programowej<\/strong><\/p><ol><li>Dudkowski Dawid, dr, Politechnika \u0141\u00f3dzka<\/li><li>Janik Monika, dr in\u017c., Politechnika Warszawska<\/li><li>J\u0119drzejewska Agnieszka,\u00a0 dr hab. in\u017c., Politechnika \u015al\u0105ska<\/li><li>Jureczko Marcelina, dr in\u017c., Politechnika \u015al\u0105ska<\/li><li>Jusupovi\u0107 Adrian, prof. dr hab., Instytut Historii Polskiej Akademii Nauk<\/li><li>Kaczorek Krzysztof, dr in\u017c., Politechnika Warszawska<\/li><li>Katunin Andrzej dr hab. in\u017c., Politechnika \u015al\u0105ska<\/li><li>K\u0119pniak Maja, dr in\u017c., Politechnika Warszawska<\/li><li>K\u0142os Anna, dr hab. in\u017c., Wojskowa Akademia Techniczna w Warszawie<\/li><li>Ko\u015bci\u00f3\u0142ek Tomasz, dr, Centre for Computational Personalised Medicine<\/li><li>Marciniszyn Tomasz, dr in\u017c., Politechnika Wroc\u0142awska<\/li><li>Og\u00f3rek Agata, Biuro Organizacyjne PAN<\/li><li>Ptaszy\u0144ski Krzysztof, dr in\u017c., Instytut Fizyki Molekularnej PAN<\/li><li>Rusnak Marta, dr in\u017c. arch., Politechnika Wroc\u0142awska<\/li><li>Sa\u0142aga Maciej, prof. dr hab., Uniwersytet Medyczny w \u0141odzi<\/li><li>Smol-Aruszanjan Marzena dr hab. in\u017c., Instytut Gospodarki Surowcami Mineralnymi i Energi\u0105 PAN<\/li><li>Stefa\u0144ska Dagmara, dr hab., Instytut Niskich Temperatur i Bada\u0144 Strukturalnych im. W\u0142odzimierza Trzebiatowskiego PAN<\/li><li>Szemiot-Jankowska Natalia, mgr in\u017c., Politechnika Wroc\u0142awska<\/li><li>Tubis Agnieszka, dr hab., Politechnika Wroc\u0142awska<\/li><li>Witkowska-Pi\u0142aszewicz Olga, dr, Szko\u0142a G\u0142\u00f3wna Gospodarstwa Wiejskiego w Warszawie<\/li><li>Walendzik Izabela, mgr in\u017c., Politechnika Wroc\u0142awska<\/li><li>Wierzbicka Ewa, dr, Wojskowa Akademia Techniczna w Warszawie<\/li><li>\u017bebrowski Pawe\u0142, mgr, Do More! Business Advisory<\/li><\/ol>\t\t\t\t\t\t\t\t<\/div>\n\t\t\t\t<\/div>\n\t\t\t\t\t<\/div>\n\t\t<\/div>\n\t\t\t\t\t<\/div>\n\t\t<\/section>\n\t\t\t\t<section class=\"elementor-section elementor-top-section elementor-element elementor-element-700618d elementor-section-boxed elementor-section-height-default elementor-section-height-default\" data-id=\"700618d\" data-element_type=\"section\">\n\t\t\t\t\t\t<div class=\"elementor-container elementor-column-gap-default\">\n\t\t\t\t\t<div class=\"elementor-column elementor-col-100 elementor-top-column elementor-element elementor-element-417bc9c\" data-id=\"417bc9c\" data-element_type=\"column\">\n\t\t\t<div class=\"elementor-widget-wrap elementor-element-populated\">\n\t\t\t\t\t\t<div class=\"elementor-element elementor-element-8abecf8 elementor-widget elementor-widget-image\" data-id=\"8abecf8\" data-element_type=\"widget\" data-widget_type=\"image.default\">\n\t\t\t\t<div class=\"elementor-widget-container\">\n\t\t\t\t\t\t\t\t\t\t\t\t\t\t\t<img decoding=\"async\" width=\"300\" height=\"126\" src=\"https:\/\/amu.pan.pl\/kmtamu\/wp-content\/uploads\/sites\/5\/2024\/04\/Akademia-Mlodych-Uczonych-300x126.png\" class=\"attachment-medium size-medium wp-image-392\" alt=\"\" srcset=\"https:\/\/amu.pan.pl\/kmtamu\/wp-content\/uploads\/sites\/5\/2024\/04\/Akademia-Mlodych-Uczonych-300x126.png 300w, https:\/\/amu.pan.pl\/kmtamu\/wp-content\/uploads\/sites\/5\/2024\/04\/Akademia-Mlodych-Uczonych-1024x428.png 1024w, https:\/\/amu.pan.pl\/kmtamu\/wp-content\/uploads\/sites\/5\/2024\/04\/Akademia-Mlodych-Uczonych-768x321.png 768w, https:\/\/amu.pan.pl\/kmtamu\/wp-content\/uploads\/sites\/5\/2024\/04\/Akademia-Mlodych-Uczonych-18x8.png 18w, https:\/\/amu.pan.pl\/kmtamu\/wp-content\/uploads\/sites\/5\/2024\/04\/Akademia-Mlodych-Uczonych.png 1434w\" sizes=\"(max-width: 300px) 100vw, 300px\" \/>\t\t\t\t\t\t\t\t\t\t\t\t\t\t\t<\/div>\n\t\t\t\t<\/div>\n\t\t\t\t\t<\/div>\n\t\t<\/div>\n\t\t\t\t\t<\/div>\n\t\t<\/section>\n\t\t\t\t<\/div>\n\t\t","protected":false},"excerpt":{"rendered":"<p>Sadowski \u0141ukasz, prof. dr hab. in\u017c., Politechnika Wroc\u0142awska, lukasz.sadowski@pwr.edu.pl \u2013 Przewodnicz\u0105cy Rady Programowej Klonowska Katarzyna, dr,\u00a0 Instytut Chemii Bioorganicznej Polskiej Akademii Nauk, kklonowska@ibch.poznan.pl \u2013 Zast\u0119pczyni Przewodnicz\u0105cego Rady Programowej Dudkowski Dawid, dr, Politechnika \u0141\u00f3dzka Janik Monika, dr in\u017c., Politechnika Warszawska J\u0119drzejewska Agnieszka,\u00a0 dr hab. in\u017c., Politechnika \u015al\u0105ska Jureczko Marcelina, dr in\u017c., Politechnika \u015al\u0105ska Jusupovi\u0107 Adrian, prof. &#8230; <a title=\"Rada programowa\" class=\"read-more\" href=\"https:\/\/amu.pan.pl\/kmtamu\/rada-programowa\/\" aria-label=\"Read more about Rada programowa\">Dowiedz si\u0119 wi\u0119cej<\/a><\/p>\n","protected":false},"author":2,"featured_media":0,"parent":0,"menu_order":0,"comment_status":"closed","ping_status":"closed","template":"","meta":{"_monsterinsights_skip_tracking":false,"_monsterinsights_sitenote_active":false,"_monsterinsights_sitenote_note":"","_monsterinsights_sitenote_category":0,"footnotes":""},"class_list":["post-25","page","type-page","status-publish"],"yoast_head":"<!-- This site is optimized with the Yoast SEO plugin v25.0 - https:\/\/yoast.com\/wordpress\/plugins\/seo\/ -->\n<title>Rada programowa - Ku\u017ania M\u0142odych Talent\u00f3w<\/title>\n<meta name=\"robots\" content=\"index, follow, max-snippet:-1, max-image-preview:large, max-video-preview:-1\" \/>\n<link rel=\"canonical\" href=\"https:\/\/amu.pan.pl\/kmtamu\/rada-programowa\/\" \/>\n<meta property=\"og:locale\" content=\"pl_PL\" \/>\n<meta property=\"og:type\" content=\"article\" \/>\n<meta property=\"og:title\" content=\"Rada programowa - Ku\u017ania M\u0142odych Talent\u00f3w\" \/>\n<meta property=\"og:description\" content=\"Sadowski \u0141ukasz, prof. dr hab. in\u017c., Politechnika Wroc\u0142awska, lukasz.sadowski@pwr.edu.pl \u2013 Przewodnicz\u0105cy Rady Programowej Klonowska Katarzyna, dr,\u00a0 Instytut Chemii Bioorganicznej Polskiej Akademii Nauk, kklonowska@ibch.poznan.pl \u2013 Zast\u0119pczyni Przewodnicz\u0105cego Rady Programowej Dudkowski Dawid, dr, Politechnika \u0141\u00f3dzka Janik Monika, dr in\u017c., Politechnika Warszawska J\u0119drzejewska Agnieszka,\u00a0 dr hab. in\u017c., Politechnika \u015al\u0105ska Jureczko Marcelina, dr in\u017c., Politechnika \u015al\u0105ska Jusupovi\u0107 Adrian, prof. ... Dowiedz si\u0119 wi\u0119cej\" \/>\n<meta property=\"og:url\" content=\"https:\/\/amu.pan.pl\/kmtamu\/rada-programowa\/\" \/>\n<meta property=\"og:site_name\" content=\"Ku\u017ania M\u0142odych Talent\u00f3w\" \/>\n<meta property=\"article:publisher\" content=\"https:\/\/www.facebook.com\/AkademiaMlodychUczonych\/\" \/>\n<meta property=\"article:modified_time\" content=\"2025-09-08T14:20:53+00:00\" \/>\n<meta property=\"og:image\" content=\"https:\/\/amu.pan.pl\/kmtamu\/wp-content\/uploads\/sites\/5\/2024\/04\/Akademia-Mlodych-Uczonych.png\" \/>\n\t<meta property=\"og:image:width\" content=\"1434\" \/>\n\t<meta property=\"og:image:height\" content=\"600\" \/>\n\t<meta property=\"og:image:type\" content=\"image\/png\" \/>\n<meta name=\"twitter:card\" content=\"summary_large_image\" \/>\n<meta name=\"twitter:site\" content=\"@AMUPAN1\" \/>\n<meta name=\"twitter:label1\" content=\"Szacowany czas czytania\" \/>\n\t<meta name=\"twitter:data1\" content=\"2 minuty\" \/>\n<script type=\"application\/ld+json\" class=\"yoast-schema-graph\">{\"@context\":\"https:\/\/schema.org\",\"@graph\":[{\"@type\":\"WebPage\",\"@id\":\"https:\/\/amu.pan.pl\/kmtamu\/rada-programowa\/\",\"url\":\"https:\/\/amu.pan.pl\/kmtamu\/rada-programowa\/\",\"name\":\"Rada programowa - Ku\u017ania M\u0142odych Talent\u00f3w\",\"isPartOf\":{\"@id\":\"https:\/\/amu.pan.pl\/kmtamu\/#website\"},\"primaryImageOfPage\":{\"@id\":\"https:\/\/amu.pan.pl\/kmtamu\/rada-programowa\/#primaryimage\"},\"image\":{\"@id\":\"https:\/\/amu.pan.pl\/kmtamu\/rada-programowa\/#primaryimage\"},\"thumbnailUrl\":\"https:\/\/amu.pan.pl\/kmtamu\/wp-content\/uploads\/sites\/5\/2024\/04\/Akademia-Mlodych-Uczonych-300x126.png\",\"datePublished\":\"2023-05-17T11:42:48+00:00\",\"dateModified\":\"2025-09-08T14:20:53+00:00\",\"breadcrumb\":{\"@id\":\"https:\/\/amu.pan.pl\/kmtamu\/rada-programowa\/#breadcrumb\"},\"inLanguage\":\"pl-PL\",\"potentialAction\":[{\"@type\":\"ReadAction\",\"target\":[\"https:\/\/amu.pan.pl\/kmtamu\/rada-programowa\/\"]}]},{\"@type\":\"ImageObject\",\"inLanguage\":\"pl-PL\",\"@id\":\"https:\/\/amu.pan.pl\/kmtamu\/rada-programowa\/#primaryimage\",\"url\":\"https:\/\/amu.pan.pl\/kmtamu\/wp-content\/uploads\/sites\/5\/2024\/04\/Akademia-Mlodych-Uczonych.png\",\"contentUrl\":\"https:\/\/amu.pan.pl\/kmtamu\/wp-content\/uploads\/sites\/5\/2024\/04\/Akademia-Mlodych-Uczonych.png\",\"width\":1434,\"height\":600},{\"@type\":\"BreadcrumbList\",\"@id\":\"https:\/\/amu.pan.pl\/kmtamu\/rada-programowa\/#breadcrumb\",\"itemListElement\":[{\"@type\":\"ListItem\",\"position\":1,\"name\":\"Strona g\u0142\u00f3wna\",\"item\":\"https:\/\/amu.pan.pl\/kmtamu\/\"},{\"@type\":\"ListItem\",\"position\":2,\"name\":\"Rada programowa\"}]},{\"@type\":\"WebSite\",\"@id\":\"https:\/\/amu.pan.pl\/kmtamu\/#website\",\"url\":\"https:\/\/amu.pan.pl\/kmtamu\/\",\"name\":\"Ku\u017ania M\u0142odych Talent\u00f3w\",\"description\":\"Kolejna witryna sieci &#8222;Akademia M\u0142odych Uczonych&#8221;\",\"publisher\":{\"@id\":\"https:\/\/amu.pan.pl\/kmtamu\/#organization\"},\"potentialAction\":[{\"@type\":\"SearchAction\",\"target\":{\"@type\":\"EntryPoint\",\"urlTemplate\":\"https:\/\/amu.pan.pl\/kmtamu\/?s={search_term_string}\"},\"query-input\":{\"@type\":\"PropertyValueSpecification\",\"valueRequired\":true,\"valueName\":\"search_term_string\"}}],\"inLanguage\":\"pl-PL\"},{\"@type\":\"Organization\",\"@id\":\"https:\/\/amu.pan.pl\/kmtamu\/#organization\",\"name\":\"Ku\u017ania M\u0142odych Talent\u00f3w\",\"url\":\"https:\/\/amu.pan.pl\/kmtamu\/\",\"logo\":{\"@type\":\"ImageObject\",\"inLanguage\":\"pl-PL\",\"@id\":\"https:\/\/amu.pan.pl\/kmtamu\/#\/schema\/logo\/image\/\",\"url\":\"https:\/\/amu.pan.pl\/kmtamu\/wp-content\/uploads\/sites\/5\/2024\/03\/cropped-KMT_logo.jpg\",\"contentUrl\":\"https:\/\/amu.pan.pl\/kmtamu\/wp-content\/uploads\/sites\/5\/2024\/03\/cropped-KMT_logo.jpg\",\"width\":1031,\"height\":421,\"caption\":\"Ku\u017ania M\u0142odych Talent\u00f3w\"},\"image\":{\"@id\":\"https:\/\/amu.pan.pl\/kmtamu\/#\/schema\/logo\/image\/\"},\"sameAs\":[\"https:\/\/www.facebook.com\/AkademiaMlodychUczonych\/\",\"https:\/\/x.com\/AMUPAN1\"]}]}<\/script>\n<!-- \/ Yoast SEO plugin. -->","yoast_head_json":{"title":"Rada programowa - Ku\u017ania M\u0142odych Talent\u00f3w","robots":{"index":"index","follow":"follow","max-snippet":"max-snippet:-1","max-image-preview":"max-image-preview:large","max-video-preview":"max-video-preview:-1"},"canonical":"https:\/\/amu.pan.pl\/kmtamu\/rada-programowa\/","og_locale":"pl_PL","og_type":"article","og_title":"Rada programowa - Ku\u017ania M\u0142odych Talent\u00f3w","og_description":"Sadowski \u0141ukasz, prof. dr hab. in\u017c., Politechnika Wroc\u0142awska, lukasz.sadowski@pwr.edu.pl \u2013 Przewodnicz\u0105cy Rady Programowej Klonowska Katarzyna, dr,\u00a0 Instytut Chemii Bioorganicznej Polskiej Akademii Nauk, kklonowska@ibch.poznan.pl \u2013 Zast\u0119pczyni Przewodnicz\u0105cego Rady Programowej Dudkowski Dawid, dr, Politechnika \u0141\u00f3dzka Janik Monika, dr in\u017c., Politechnika Warszawska J\u0119drzejewska Agnieszka,\u00a0 dr hab. in\u017c., Politechnika \u015al\u0105ska Jureczko Marcelina, dr in\u017c., Politechnika \u015al\u0105ska Jusupovi\u0107 Adrian, prof. ... Dowiedz si\u0119 wi\u0119cej","og_url":"https:\/\/amu.pan.pl\/kmtamu\/rada-programowa\/","og_site_name":"Ku\u017ania M\u0142odych Talent\u00f3w","article_publisher":"https:\/\/www.facebook.com\/AkademiaMlodychUczonych\/","article_modified_time":"2025-09-08T14:20:53+00:00","og_image":[{"width":1434,"height":600,"url":"https:\/\/amu.pan.pl\/kmtamu\/wp-content\/uploads\/sites\/5\/2024\/04\/Akademia-Mlodych-Uczonych.png","type":"image\/png"}],"twitter_card":"summary_large_image","twitter_site":"@AMUPAN1","twitter_misc":{"Szacowany czas czytania":"2 minuty"},"schema":{"@context":"https:\/\/schema.org","@graph":[{"@type":"WebPage","@id":"https:\/\/amu.pan.pl\/kmtamu\/rada-programowa\/","url":"https:\/\/amu.pan.pl\/kmtamu\/rada-programowa\/","name":"Rada programowa - Ku\u017ania M\u0142odych Talent\u00f3w","isPartOf":{"@id":"https:\/\/amu.pan.pl\/kmtamu\/#website"},"primaryImageOfPage":{"@id":"https:\/\/amu.pan.pl\/kmtamu\/rada-programowa\/#primaryimage"},"image":{"@id":"https:\/\/amu.pan.pl\/kmtamu\/rada-programowa\/#primaryimage"},"thumbnailUrl":"https:\/\/amu.pan.pl\/kmtamu\/wp-content\/uploads\/sites\/5\/2024\/04\/Akademia-Mlodych-Uczonych-300x126.png","datePublished":"2023-05-17T11:42:48+00:00","dateModified":"2025-09-08T14:20:53+00:00","breadcrumb":{"@id":"https:\/\/amu.pan.pl\/kmtamu\/rada-programowa\/#breadcrumb"},"inLanguage":"pl-PL","potentialAction":[{"@type":"ReadAction","target":["https:\/\/amu.pan.pl\/kmtamu\/rada-programowa\/"]}]},{"@type":"ImageObject","inLanguage":"pl-PL","@id":"https:\/\/amu.pan.pl\/kmtamu\/rada-programowa\/#primaryimage","url":"https:\/\/amu.pan.pl\/kmtamu\/wp-content\/uploads\/sites\/5\/2024\/04\/Akademia-Mlodych-Uczonych.png","contentUrl":"https:\/\/amu.pan.pl\/kmtamu\/wp-content\/uploads\/sites\/5\/2024\/04\/Akademia-Mlodych-Uczonych.png","width":1434,"height":600},{"@type":"BreadcrumbList","@id":"https:\/\/amu.pan.pl\/kmtamu\/rada-programowa\/#breadcrumb","itemListElement":[{"@type":"ListItem","position":1,"name":"Strona g\u0142\u00f3wna","item":"https:\/\/amu.pan.pl\/kmtamu\/"},{"@type":"ListItem","position":2,"name":"Rada programowa"}]},{"@type":"WebSite","@id":"https:\/\/amu.pan.pl\/kmtamu\/#website","url":"https:\/\/amu.pan.pl\/kmtamu\/","name":"Ku\u017ania M\u0142odych Talent\u00f3w","description":"Kolejna witryna sieci &#8222;Akademia M\u0142odych Uczonych&#8221;","publisher":{"@id":"https:\/\/amu.pan.pl\/kmtamu\/#organization"},"potentialAction":[{"@type":"SearchAction","target":{"@type":"EntryPoint","urlTemplate":"https:\/\/amu.pan.pl\/kmtamu\/?s={search_term_string}"},"query-input":{"@type":"PropertyValueSpecification","valueRequired":true,"valueName":"search_term_string"}}],"inLanguage":"pl-PL"},{"@type":"Organization","@id":"https:\/\/amu.pan.pl\/kmtamu\/#organization","name":"Ku\u017ania M\u0142odych Talent\u00f3w","url":"https:\/\/amu.pan.pl\/kmtamu\/","logo":{"@type":"ImageObject","inLanguage":"pl-PL","@id":"https:\/\/amu.pan.pl\/kmtamu\/#\/schema\/logo\/image\/","url":"https:\/\/amu.pan.pl\/kmtamu\/wp-content\/uploads\/sites\/5\/2024\/03\/cropped-KMT_logo.jpg","contentUrl":"https:\/\/amu.pan.pl\/kmtamu\/wp-content\/uploads\/sites\/5\/2024\/03\/cropped-KMT_logo.jpg","width":1031,"height":421,"caption":"Ku\u017ania M\u0142odych Talent\u00f3w"},"image":{"@id":"https:\/\/amu.pan.pl\/kmtamu\/#\/schema\/logo\/image\/"},"sameAs":["https:\/\/www.facebook.com\/AkademiaMlodychUczonych\/","https:\/\/x.com\/AMUPAN1"]}]}},"_links":{"self":[{"href":"https:\/\/amu.pan.pl\/kmtamu\/wp-json\/wp\/v2\/pages\/25","targetHints":{"allow":["GET"]}}],"collection":[{"href":"https:\/\/amu.pan.pl\/kmtamu\/wp-json\/wp\/v2\/pages"}],"about":[{"href":"https:\/\/amu.pan.pl\/kmtamu\/wp-json\/wp\/v2\/types\/page"}],"author":[{"embeddable":true,"href":"https:\/\/amu.pan.pl\/kmtamu\/wp-json\/wp\/v2\/users\/2"}],"replies":[{"embeddable":true,"href":"https:\/\/amu.pan.pl\/kmtamu\/wp-json\/wp\/v2\/comments?post=25"}],"version-history":[{"count":52,"href":"https:\/\/amu.pan.pl\/kmtamu\/wp-json\/wp\/v2\/pages\/25\/revisions"}],"predecessor-version":[{"id":775,"href":"https:\/\/amu.pan.pl\/kmtamu\/wp-json\/wp\/v2\/pages\/25\/revisions\/775"}],"wp:attachment":[{"href":"https:\/\/amu.pan.pl\/kmtamu\/wp-json\/wp\/v2\/media?parent=25"}],"curies":[{"name":"wp","href":"https:\/\/api.w.org\/{rel}","templated":true}]}}