{"id":444,"date":"2024-05-28T10:17:35","date_gmt":"2024-05-28T08:17:35","guid":{"rendered":"https:\/\/amu.pan.pl\/kmtamu\/?page_id=444"},"modified":"2025-07-15T09:04:37","modified_gmt":"2025-07-15T07:04:37","slug":"konkurs","status":"publish","type":"page","link":"https:\/\/amu.pan.pl\/kmtamu\/uczestnicy\/konkurs\/","title":{"rendered":"Konkurs na najlepsz\u0105 prezentacj\u0119 naukow\u0105"},"content":{"rendered":"\t\t<div data-elementor-type=\"wp-page\" data-elementor-id=\"444\" class=\"elementor elementor-444\">\n\t\t\t\t\t\t<section class=\"elementor-section elementor-top-section elementor-element elementor-element-4be8f81 elementor-section-boxed elementor-section-height-default elementor-section-height-default\" data-id=\"4be8f81\" data-element_type=\"section\">\n\t\t\t\t\t\t<div class=\"elementor-container elementor-column-gap-default\">\n\t\t\t\t\t<div class=\"elementor-column elementor-col-100 elementor-top-column elementor-element elementor-element-6e5dad9\" data-id=\"6e5dad9\" data-element_type=\"column\">\n\t\t\t<div class=\"elementor-widget-wrap elementor-element-populated\">\n\t\t\t\t\t\t<div class=\"elementor-element elementor-element-797f2c1 elementor-widget elementor-widget-text-editor\" data-id=\"797f2c1\" data-element_type=\"widget\" data-widget_type=\"text-editor.default\">\n\t\t\t\t<div class=\"elementor-widget-container\">\n\t\t\t\t\t\t\t\t\t<p><span style=\"color: #000000;\">Zapraszamy do udzia\u0142u w konkursie organizowanym przez Akademi\u0119 M\u0142odych Uczonych, maj\u0105cym na celu wy\u0142onienie najlepszej prezentacji naukowej wyg\u0142oszonej podczas VIII edycji warsztat\u00f3w dla doktorant\u00f3w \u201eKu\u017ania M\u0142odych Talent\u00f3w\u201d.<\/span><\/p><p><span style=\"color: #000000;\"><span style=\"font-family: var( --e-global-typography-text-font-family ), Sans-serif;\">Konkurs jest organizowany przez Komisj\u0119 Konkursow\u0105, kt\u00f3ra przyzna\u00a0<\/span><a style=\"font-family: var( --e-global-typography-text-font-family ), Sans-serif; color: #000000;\" href=\"https:\/\/humboldt.org.pl\" target=\"_blank\" rel=\"noopener\"><b>Nagrod\u0119 Societas Humboldtiana Polonorum<\/b><\/a><span style=\"font-family: var( --e-global-typography-text-font-family ), Sans-serif;\"><b>\u00a0<\/b>za najlepsz\u0105 prezentacj\u0119 naukow\u0105 zaprezentowan\u0105 podczas warsztat\u00f3w.\u00a0<\/span><span style=\"font-family: var( --e-global-typography-text-font-family ), Sans-serif;\">Do udzia\u0142u w konkursie zapraszamy wszystkich uczestnik\u00f3w zakwalifikowanych do VIII edycji warsztat\u00f3w \u201eKu\u017ania M\u0142odych Talent\u00f3w\u201d.<\/span><span style=\"font-family: var( --e-global-typography-text-font-family ), Sans-serif;\">\u00a0W wyniku przeprowadzonej procedury konkursowej zostanie wy\u0142oniony jeden laureat, kt\u00f3ry otrzyma Nagrod\u0119 Societas Humboldtiana Polonorum. Szczeg\u00f3\u0142owe zasady przyznawania nagrody s\u0105 okre\u015blone w regulaminie konkursu.<\/span><\/span><\/p><p><span style=\"color: #000000;\">Do pobrania:<\/span><\/p><p><a href=\"https:\/\/amu.pan.pl\/kmtamu\/wp-content\/uploads\/sites\/5\/2025\/07\/Regulamin-Nagrody-Societas-Humboldtiana-Polonorum_2025.pdf\">Regulamin konkursu<\/a><\/p>\t\t\t\t\t\t\t\t<\/div>\n\t\t\t\t<\/div>\n\t\t\t\t\t<\/div>\n\t\t<\/div>\n\t\t\t\t\t<\/div>\n\t\t<\/section>\n\t\t\t\t<\/div>\n\t\t","protected":false},"excerpt":{"rendered":"<p>Zapraszamy do udzia\u0142u w konkursie organizowanym przez Akademi\u0119 M\u0142odych Uczonych, maj\u0105cym na celu wy\u0142onienie najlepszej prezentacji naukowej wyg\u0142oszonej podczas VIII edycji warsztat\u00f3w dla doktorant\u00f3w \u201eKu\u017ania M\u0142odych Talent\u00f3w\u201d. Konkurs jest organizowany przez Komisj\u0119 Konkursow\u0105, kt\u00f3ra przyzna\u00a0Nagrod\u0119 Societas Humboldtiana Polonorum\u00a0za najlepsz\u0105 prezentacj\u0119 naukow\u0105 zaprezentowan\u0105 podczas warsztat\u00f3w.\u00a0Do udzia\u0142u w konkursie zapraszamy wszystkich uczestnik\u00f3w zakwalifikowanych do VIII edycji warsztat\u00f3w &#8230; <a title=\"Konkurs na najlepsz\u0105 prezentacj\u0119 naukow\u0105\" class=\"read-more\" href=\"https:\/\/amu.pan.pl\/kmtamu\/uczestnicy\/konkurs\/\" aria-label=\"Read more about Konkurs na najlepsz\u0105 prezentacj\u0119 naukow\u0105\">Dowiedz si\u0119 wi\u0119cej<\/a><\/p>\n","protected":false},"author":13,"featured_media":0,"parent":41,"menu_order":0,"comment_status":"closed","ping_status":"closed","template":"","meta":{"_monsterinsights_skip_tracking":false,"_monsterinsights_sitenote_active":false,"_monsterinsights_sitenote_note":"","_monsterinsights_sitenote_category":0,"footnotes":""},"class_list":["post-444","page","type-page","status-publish"],"yoast_head":"<!-- This site is optimized with the Yoast SEO plugin v25.0 - https:\/\/yoast.com\/wordpress\/plugins\/seo\/ -->\n<title>Konkurs na najlepsz\u0105 prezentacj\u0119 naukow\u0105 - Ku\u017ania M\u0142odych Talent\u00f3w<\/title>\n<meta name=\"robots\" content=\"index, follow, max-snippet:-1, max-image-preview:large, max-video-preview:-1\" \/>\n<link rel=\"canonical\" href=\"https:\/\/amu.pan.pl\/kmtamu\/uczestnicy\/konkurs\/\" \/>\n<meta property=\"og:locale\" content=\"pl_PL\" \/>\n<meta property=\"og:type\" content=\"article\" \/>\n<meta property=\"og:title\" content=\"Konkurs na najlepsz\u0105 prezentacj\u0119 naukow\u0105 - Ku\u017ania M\u0142odych Talent\u00f3w\" \/>\n<meta property=\"og:description\" content=\"Zapraszamy do udzia\u0142u w konkursie organizowanym przez Akademi\u0119 M\u0142odych Uczonych, maj\u0105cym na celu wy\u0142onienie najlepszej prezentacji naukowej wyg\u0142oszonej podczas VIII edycji warsztat\u00f3w dla doktorant\u00f3w \u201eKu\u017ania M\u0142odych Talent\u00f3w\u201d. Konkurs jest organizowany przez Komisj\u0119 Konkursow\u0105, kt\u00f3ra przyzna\u00a0Nagrod\u0119 Societas Humboldtiana Polonorum\u00a0za najlepsz\u0105 prezentacj\u0119 naukow\u0105 zaprezentowan\u0105 podczas warsztat\u00f3w.\u00a0Do udzia\u0142u w konkursie zapraszamy wszystkich uczestnik\u00f3w zakwalifikowanych do VIII edycji warsztat\u00f3w ... Dowiedz si\u0119 wi\u0119cej\" \/>\n<meta property=\"og:url\" content=\"https:\/\/amu.pan.pl\/kmtamu\/uczestnicy\/konkurs\/\" \/>\n<meta property=\"og:site_name\" content=\"Ku\u017ania M\u0142odych Talent\u00f3w\" \/>\n<meta property=\"article:publisher\" content=\"https:\/\/www.facebook.com\/AkademiaMlodychUczonych\/\" \/>\n<meta property=\"article:modified_time\" content=\"2025-07-15T07:04:37+00:00\" \/>\n<meta name=\"twitter:card\" content=\"summary_large_image\" \/>\n<meta name=\"twitter:site\" content=\"@AMUPAN1\" \/>\n<meta name=\"twitter:label1\" content=\"Szacowany czas czytania\" \/>\n\t<meta name=\"twitter:data1\" content=\"1 minuta\" \/>\n<script type=\"application\/ld+json\" class=\"yoast-schema-graph\">{\"@context\":\"https:\/\/schema.org\",\"@graph\":[{\"@type\":\"WebPage\",\"@id\":\"https:\/\/amu.pan.pl\/kmtamu\/uczestnicy\/konkurs\/\",\"url\":\"https:\/\/amu.pan.pl\/kmtamu\/uczestnicy\/konkurs\/\",\"name\":\"Konkurs na najlepsz\u0105 prezentacj\u0119 naukow\u0105 - Ku\u017ania M\u0142odych Talent\u00f3w\",\"isPartOf\":{\"@id\":\"https:\/\/amu.pan.pl\/kmtamu\/#website\"},\"datePublished\":\"2024-05-28T08:17:35+00:00\",\"dateModified\":\"2025-07-15T07:04:37+00:00\",\"breadcrumb\":{\"@id\":\"https:\/\/amu.pan.pl\/kmtamu\/uczestnicy\/konkurs\/#breadcrumb\"},\"inLanguage\":\"pl-PL\",\"potentialAction\":[{\"@type\":\"ReadAction\",\"target\":[\"https:\/\/amu.pan.pl\/kmtamu\/uczestnicy\/konkurs\/\"]}]},{\"@type\":\"BreadcrumbList\",\"@id\":\"https:\/\/amu.pan.pl\/kmtamu\/uczestnicy\/konkurs\/#breadcrumb\",\"itemListElement\":[{\"@type\":\"ListItem\",\"position\":1,\"name\":\"Strona g\u0142\u00f3wna\",\"item\":\"https:\/\/amu.pan.pl\/kmtamu\/\"},{\"@type\":\"ListItem\",\"position\":2,\"name\":\"Uczestnicy\",\"item\":\"https:\/\/amu.pan.pl\/kmtamu\/uczestnicy\/\"},{\"@type\":\"ListItem\",\"position\":3,\"name\":\"Konkurs na najlepsz\u0105 prezentacj\u0119 naukow\u0105\"}]},{\"@type\":\"WebSite\",\"@id\":\"https:\/\/amu.pan.pl\/kmtamu\/#website\",\"url\":\"https:\/\/amu.pan.pl\/kmtamu\/\",\"name\":\"Ku\u017ania M\u0142odych Talent\u00f3w\",\"description\":\"Kolejna witryna sieci &#8222;Akademia M\u0142odych Uczonych&#8221;\",\"publisher\":{\"@id\":\"https:\/\/amu.pan.pl\/kmtamu\/#organization\"},\"potentialAction\":[{\"@type\":\"SearchAction\",\"target\":{\"@type\":\"EntryPoint\",\"urlTemplate\":\"https:\/\/amu.pan.pl\/kmtamu\/?s={search_term_string}\"},\"query-input\":{\"@type\":\"PropertyValueSpecification\",\"valueRequired\":true,\"valueName\":\"search_term_string\"}}],\"inLanguage\":\"pl-PL\"},{\"@type\":\"Organization\",\"@id\":\"https:\/\/amu.pan.pl\/kmtamu\/#organization\",\"name\":\"Ku\u017ania M\u0142odych Talent\u00f3w\",\"url\":\"https:\/\/amu.pan.pl\/kmtamu\/\",\"logo\":{\"@type\":\"ImageObject\",\"inLanguage\":\"pl-PL\",\"@id\":\"https:\/\/amu.pan.pl\/kmtamu\/#\/schema\/logo\/image\/\",\"url\":\"https:\/\/amu.pan.pl\/kmtamu\/wp-content\/uploads\/sites\/5\/2024\/03\/cropped-KMT_logo.jpg\",\"contentUrl\":\"https:\/\/amu.pan.pl\/kmtamu\/wp-content\/uploads\/sites\/5\/2024\/03\/cropped-KMT_logo.jpg\",\"width\":1031,\"height\":421,\"caption\":\"Ku\u017ania M\u0142odych Talent\u00f3w\"},\"image\":{\"@id\":\"https:\/\/amu.pan.pl\/kmtamu\/#\/schema\/logo\/image\/\"},\"sameAs\":[\"https:\/\/www.facebook.com\/AkademiaMlodychUczonych\/\",\"https:\/\/x.com\/AMUPAN1\"]}]}<\/script>\n<!-- \/ Yoast SEO plugin. -->","yoast_head_json":{"title":"Konkurs na najlepsz\u0105 prezentacj\u0119 naukow\u0105 - Ku\u017ania M\u0142odych Talent\u00f3w","robots":{"index":"index","follow":"follow","max-snippet":"max-snippet:-1","max-image-preview":"max-image-preview:large","max-video-preview":"max-video-preview:-1"},"canonical":"https:\/\/amu.pan.pl\/kmtamu\/uczestnicy\/konkurs\/","og_locale":"pl_PL","og_type":"article","og_title":"Konkurs na najlepsz\u0105 prezentacj\u0119 naukow\u0105 - Ku\u017ania M\u0142odych Talent\u00f3w","og_description":"Zapraszamy do udzia\u0142u w konkursie organizowanym przez Akademi\u0119 M\u0142odych Uczonych, maj\u0105cym na celu wy\u0142onienie najlepszej prezentacji naukowej wyg\u0142oszonej podczas VIII edycji warsztat\u00f3w dla doktorant\u00f3w \u201eKu\u017ania M\u0142odych Talent\u00f3w\u201d. Konkurs jest organizowany przez Komisj\u0119 Konkursow\u0105, kt\u00f3ra przyzna\u00a0Nagrod\u0119 Societas Humboldtiana Polonorum\u00a0za najlepsz\u0105 prezentacj\u0119 naukow\u0105 zaprezentowan\u0105 podczas warsztat\u00f3w.\u00a0Do udzia\u0142u w konkursie zapraszamy wszystkich uczestnik\u00f3w zakwalifikowanych do VIII edycji warsztat\u00f3w ... Dowiedz si\u0119 wi\u0119cej","og_url":"https:\/\/amu.pan.pl\/kmtamu\/uczestnicy\/konkurs\/","og_site_name":"Ku\u017ania M\u0142odych Talent\u00f3w","article_publisher":"https:\/\/www.facebook.com\/AkademiaMlodychUczonych\/","article_modified_time":"2025-07-15T07:04:37+00:00","twitter_card":"summary_large_image","twitter_site":"@AMUPAN1","twitter_misc":{"Szacowany czas czytania":"1 minuta"},"schema":{"@context":"https:\/\/schema.org","@graph":[{"@type":"WebPage","@id":"https:\/\/amu.pan.pl\/kmtamu\/uczestnicy\/konkurs\/","url":"https:\/\/amu.pan.pl\/kmtamu\/uczestnicy\/konkurs\/","name":"Konkurs na najlepsz\u0105 prezentacj\u0119 naukow\u0105 - Ku\u017ania M\u0142odych Talent\u00f3w","isPartOf":{"@id":"https:\/\/amu.pan.pl\/kmtamu\/#website"},"datePublished":"2024-05-28T08:17:35+00:00","dateModified":"2025-07-15T07:04:37+00:00","breadcrumb":{"@id":"https:\/\/amu.pan.pl\/kmtamu\/uczestnicy\/konkurs\/#breadcrumb"},"inLanguage":"pl-PL","potentialAction":[{"@type":"ReadAction","target":["https:\/\/amu.pan.pl\/kmtamu\/uczestnicy\/konkurs\/"]}]},{"@type":"BreadcrumbList","@id":"https:\/\/amu.pan.pl\/kmtamu\/uczestnicy\/konkurs\/#breadcrumb","itemListElement":[{"@type":"ListItem","position":1,"name":"Strona g\u0142\u00f3wna","item":"https:\/\/amu.pan.pl\/kmtamu\/"},{"@type":"ListItem","position":2,"name":"Uczestnicy","item":"https:\/\/amu.pan.pl\/kmtamu\/uczestnicy\/"},{"@type":"ListItem","position":3,"name":"Konkurs na najlepsz\u0105 prezentacj\u0119 naukow\u0105"}]},{"@type":"WebSite","@id":"https:\/\/amu.pan.pl\/kmtamu\/#website","url":"https:\/\/amu.pan.pl\/kmtamu\/","name":"Ku\u017ania M\u0142odych Talent\u00f3w","description":"Kolejna witryna sieci &#8222;Akademia M\u0142odych Uczonych&#8221;","publisher":{"@id":"https:\/\/amu.pan.pl\/kmtamu\/#organization"},"potentialAction":[{"@type":"SearchAction","target":{"@type":"EntryPoint","urlTemplate":"https:\/\/amu.pan.pl\/kmtamu\/?s={search_term_string}"},"query-input":{"@type":"PropertyValueSpecification","valueRequired":true,"valueName":"search_term_string"}}],"inLanguage":"pl-PL"},{"@type":"Organization","@id":"https:\/\/amu.pan.pl\/kmtamu\/#organization","name":"Ku\u017ania M\u0142odych Talent\u00f3w","url":"https:\/\/amu.pan.pl\/kmtamu\/","logo":{"@type":"ImageObject","inLanguage":"pl-PL","@id":"https:\/\/amu.pan.pl\/kmtamu\/#\/schema\/logo\/image\/","url":"https:\/\/amu.pan.pl\/kmtamu\/wp-content\/uploads\/sites\/5\/2024\/03\/cropped-KMT_logo.jpg","contentUrl":"https:\/\/amu.pan.pl\/kmtamu\/wp-content\/uploads\/sites\/5\/2024\/03\/cropped-KMT_logo.jpg","width":1031,"height":421,"caption":"Ku\u017ania M\u0142odych Talent\u00f3w"},"image":{"@id":"https:\/\/amu.pan.pl\/kmtamu\/#\/schema\/logo\/image\/"},"sameAs":["https:\/\/www.facebook.com\/AkademiaMlodychUczonych\/","https:\/\/x.com\/AMUPAN1"]}]}},"_links":{"self":[{"href":"https:\/\/amu.pan.pl\/kmtamu\/wp-json\/wp\/v2\/pages\/444","targetHints":{"allow":["GET"]}}],"collection":[{"href":"https:\/\/amu.pan.pl\/kmtamu\/wp-json\/wp\/v2\/pages"}],"about":[{"href":"https:\/\/amu.pan.pl\/kmtamu\/wp-json\/wp\/v2\/types\/page"}],"author":[{"embeddable":true,"href":"https:\/\/amu.pan.pl\/kmtamu\/wp-json\/wp\/v2\/users\/13"}],"replies":[{"embeddable":true,"href":"https:\/\/amu.pan.pl\/kmtamu\/wp-json\/wp\/v2\/comments?post=444"}],"version-history":[{"count":29,"href":"https:\/\/amu.pan.pl\/kmtamu\/wp-json\/wp\/v2\/pages\/444\/revisions"}],"predecessor-version":[{"id":725,"href":"https:\/\/amu.pan.pl\/kmtamu\/wp-json\/wp\/v2\/pages\/444\/revisions\/725"}],"up":[{"embeddable":true,"href":"https:\/\/amu.pan.pl\/kmtamu\/wp-json\/wp\/v2\/pages\/41"}],"wp:attachment":[{"href":"https:\/\/amu.pan.pl\/kmtamu\/wp-json\/wp\/v2\/media?parent=444"}],"curies":[{"name":"wp","href":"https:\/\/api.w.org\/{rel}","templated":true}]}}