{"id":809,"date":"2026-05-05T10:24:38","date_gmt":"2026-05-05T08:24:38","guid":{"rendered":"https:\/\/amu.pan.pl\/kmtamu\/?page_id=809"},"modified":"2026-05-05T10:37:33","modified_gmt":"2026-05-05T08:37:33","slug":"rada-programowa-2026","status":"publish","type":"page","link":"https:\/\/amu.pan.pl\/kmtamu\/rada-programowa-2026\/","title":{"rendered":"Rada programowa 2026"},"content":{"rendered":"\t\t<div data-elementor-type=\"wp-page\" data-elementor-id=\"809\" class=\"elementor elementor-809\">\n\t\t\t\t\t\t<section class=\"elementor-section elementor-top-section elementor-element elementor-element-f6cd922 elementor-section-boxed elementor-section-height-default elementor-section-height-default\" data-id=\"f6cd922\" data-element_type=\"section\">\n\t\t\t\t\t\t<div class=\"elementor-container elementor-column-gap-default\">\n\t\t\t\t\t<div class=\"elementor-column elementor-col-100 elementor-top-column elementor-element elementor-element-8c30575\" data-id=\"8c30575\" data-element_type=\"column\">\n\t\t\t<div class=\"elementor-widget-wrap elementor-element-populated\">\n\t\t\t\t\t\t<div class=\"elementor-element elementor-element-b3476be elementor-widget elementor-widget-text-editor\" data-id=\"b3476be\" data-element_type=\"widget\" data-widget_type=\"text-editor.default\">\n\t\t\t\t<div class=\"elementor-widget-container\">\n\t\t\t\t\t\t\t\t\t<p><strong>Klonowska Katarzyna, dr hab.,\u00a0 Instytut Chemii Bioorganicznej Polskiej Akademii Nauk, <a href=\"mailto:kklonowska@ibch.poznan.pl\">kklonowska@ibch.poznan.pl<\/a> \u2013 Przewodnicz\u0105ca <\/strong><strong>Rady Programowej<\/strong><\/p><p><strong>Sadowski \u0141ukasz, prof. dr hab. in\u017c., Politechnika Wroc\u0142awska, <a href=\"mailto:lukasz.sadowski@pwr.edu.pl\">lukasz.sadowski@pwr.edu.pl<\/a>\u00a0 \u2013 Zast\u0119pca Przewodnicz\u0105cej Rady Programowej<\/strong><\/p><ol><li>Broniarek Izabela, dr in\u017c., Instytut Chemii Bioorganicznej PAN,\u00a0<\/li><li>Czarnecka Anna, prof., Narodowy Instytut Onkologii \u2013 PIB w Warszawie<\/li><li>Dudkowski Dawid, dr hab., Politechnika \u0141\u00f3dzka,\u00a0<\/li><li>G\u00f3rska Anna, dr, Akademia Leona Ko\u017ami\u0144skiego,<\/li><li>Janik Monika, dr in\u017c., Politechnika Warszawska,\u00a0<\/li><li>Jureczko Marcelina dr in\u017c., Politechnika \u015al\u0105ska,\u00a0<\/li><li>Kaczorek Krzysztof, dr in\u017c., Politechnika Warszawska,\u00a0<\/li><li>Kasprzak Zuzanna, Uniwersytet Medyczny w \u0141odzi,\u00a0<\/li><li>K\u0119pniak Maja, dr in\u017c., Politechnika Warszawska,\u00a0<\/li><li>Kordek-Khalil Karolina, dr in\u017c., Politechnika Wroc\u0142awska,\u00a0<\/li><li>Kryszkiewicz Pawe\u0142, dr hab., Politechnika Pozna\u0144ska<\/li><li>Marciniszyn Tomasz, dr in\u017c., Politechnika Wroc\u0142awska,\u00a0<\/li><li>Og\u00f3rek Agata, Polska Akademia Nauk,\u00a0<\/li><li>Pawe\u0142 Ko\u0142odziejski, dr hab., Uniwersytet Przyrodniczny w Poznaniu,\u00a0<\/li><li>Rusnak Marta, dr hab. in\u017c. arch., Politechnika Wroc\u0142awska,\u00a0<\/li><li>Sa\u0142aga Maciej prof. dr hab., Uniwersytet Medyczny w \u0141odzi,\u00a0<\/li><li>Tomza Micha\u0142, prof. dr hab., Uniwersytet Warszawski,\u00a0<\/li><li>Walendzik Izabela, mgr in\u017c., Politechnika Wroc\u0142awska,\u00a0<\/li><li>Wierzbicka Ewa, dr, Wojskowa Akademia Techniczna w Warszawie,\u00a0<\/li><li>Witkowska-Pilaszewicz Olga, dr, Szko\u0142a G\u0142\u00f3wna Gospodarstwa Wiejskiego w Warszawie,\u00a0<\/li><li>\u017bak Andrzej, dr hab., Politechnika Wroc\u0142awska,\u00a0<\/li><li>\u017bebrowski Pawe\u0142, mgr, Do More! Business Advisory<\/li><\/ol>\t\t\t\t\t\t\t\t<\/div>\n\t\t\t\t<\/div>\n\t\t\t\t\t<\/div>\n\t\t<\/div>\n\t\t\t\t\t<\/div>\n\t\t<\/section>\n\t\t\t\t<section class=\"elementor-section elementor-top-section elementor-element elementor-element-700618d elementor-section-boxed elementor-section-height-default elementor-section-height-default\" data-id=\"700618d\" data-element_type=\"section\">\n\t\t\t\t\t\t<div class=\"elementor-container elementor-column-gap-default\">\n\t\t\t\t\t<div class=\"elementor-column elementor-col-100 elementor-top-column elementor-element elementor-element-417bc9c\" data-id=\"417bc9c\" data-element_type=\"column\">\n\t\t\t<div class=\"elementor-widget-wrap elementor-element-populated\">\n\t\t\t\t\t\t<div class=\"elementor-element elementor-element-8abecf8 elementor-widget elementor-widget-image\" data-id=\"8abecf8\" data-element_type=\"widget\" data-widget_type=\"image.default\">\n\t\t\t\t<div class=\"elementor-widget-container\">\n\t\t\t\t\t\t\t\t\t\t\t\t\t\t\t<img decoding=\"async\" width=\"300\" height=\"126\" src=\"https:\/\/amu.pan.pl\/kmtamu\/wp-content\/uploads\/sites\/5\/2024\/04\/Akademia-Mlodych-Uczonych-300x126.png\" class=\"attachment-medium size-medium wp-image-392\" alt=\"\" srcset=\"https:\/\/amu.pan.pl\/kmtamu\/wp-content\/uploads\/sites\/5\/2024\/04\/Akademia-Mlodych-Uczonych-300x126.png 300w, https:\/\/amu.pan.pl\/kmtamu\/wp-content\/uploads\/sites\/5\/2024\/04\/Akademia-Mlodych-Uczonych-1024x428.png 1024w, https:\/\/amu.pan.pl\/kmtamu\/wp-content\/uploads\/sites\/5\/2024\/04\/Akademia-Mlodych-Uczonych-768x321.png 768w, https:\/\/amu.pan.pl\/kmtamu\/wp-content\/uploads\/sites\/5\/2024\/04\/Akademia-Mlodych-Uczonych-18x8.png 18w, https:\/\/amu.pan.pl\/kmtamu\/wp-content\/uploads\/sites\/5\/2024\/04\/Akademia-Mlodych-Uczonych.png 1434w\" sizes=\"(max-width: 300px) 100vw, 300px\" \/>\t\t\t\t\t\t\t\t\t\t\t\t\t\t\t<\/div>\n\t\t\t\t<\/div>\n\t\t\t\t\t<\/div>\n\t\t<\/div>\n\t\t\t\t\t<\/div>\n\t\t<\/section>\n\t\t\t\t<\/div>\n\t\t","protected":false},"excerpt":{"rendered":"<p>Klonowska Katarzyna, dr hab.,\u00a0 Instytut Chemii Bioorganicznej Polskiej Akademii Nauk, kklonowska@ibch.poznan.pl \u2013 Przewodnicz\u0105ca Rady Programowej Sadowski \u0141ukasz, prof. dr hab. in\u017c., Politechnika Wroc\u0142awska, lukasz.sadowski@pwr.edu.pl\u00a0 \u2013 Zast\u0119pca Przewodnicz\u0105cej Rady Programowej Broniarek Izabela, dr in\u017c., Instytut Chemii Bioorganicznej PAN,\u00a0 Czarnecka Anna, prof., Narodowy Instytut Onkologii \u2013 PIB w Warszawie Dudkowski Dawid, dr hab., Politechnika \u0141\u00f3dzka,\u00a0 G\u00f3rska Anna, &#8230; <a title=\"Rada programowa 2026\" class=\"read-more\" href=\"https:\/\/amu.pan.pl\/kmtamu\/rada-programowa-2026\/\" aria-label=\"Read more about Rada programowa 2026\">Dowiedz si\u0119 wi\u0119cej<\/a><\/p>\n","protected":false},"author":2,"featured_media":0,"parent":0,"menu_order":0,"comment_status":"closed","ping_status":"closed","template":"","meta":{"_monsterinsights_skip_tracking":false,"_monsterinsights_sitenote_active":false,"_monsterinsights_sitenote_note":"","_monsterinsights_sitenote_category":0,"footnotes":""},"class_list":["post-809","page","type-page","status-publish"],"yoast_head":"<!-- This site is optimized with the Yoast SEO plugin v25.0 - https:\/\/yoast.com\/wordpress\/plugins\/seo\/ -->\n<title>Rada programowa 2026 - Ku\u017ania M\u0142odych Talent\u00f3w<\/title>\n<meta name=\"robots\" content=\"index, follow, max-snippet:-1, max-image-preview:large, max-video-preview:-1\" \/>\n<link rel=\"canonical\" href=\"https:\/\/amu.pan.pl\/kmtamu\/rada-programowa-2026\/\" \/>\n<meta property=\"og:locale\" content=\"pl_PL\" \/>\n<meta property=\"og:type\" content=\"article\" \/>\n<meta property=\"og:title\" content=\"Rada programowa 2026 - Ku\u017ania M\u0142odych Talent\u00f3w\" \/>\n<meta property=\"og:description\" content=\"Klonowska Katarzyna, dr hab.,\u00a0 Instytut Chemii Bioorganicznej Polskiej Akademii Nauk, kklonowska@ibch.poznan.pl \u2013 Przewodnicz\u0105ca Rady Programowej Sadowski \u0141ukasz, prof. dr hab. in\u017c., Politechnika Wroc\u0142awska, lukasz.sadowski@pwr.edu.pl\u00a0 \u2013 Zast\u0119pca Przewodnicz\u0105cej Rady Programowej Broniarek Izabela, dr in\u017c., Instytut Chemii Bioorganicznej PAN,\u00a0 Czarnecka Anna, prof., Narodowy Instytut Onkologii \u2013 PIB w Warszawie Dudkowski Dawid, dr hab., Politechnika \u0141\u00f3dzka,\u00a0 G\u00f3rska Anna, ... Dowiedz si\u0119 wi\u0119cej\" \/>\n<meta property=\"og:url\" content=\"https:\/\/amu.pan.pl\/kmtamu\/rada-programowa-2026\/\" \/>\n<meta property=\"og:site_name\" content=\"Ku\u017ania M\u0142odych Talent\u00f3w\" \/>\n<meta property=\"article:publisher\" content=\"https:\/\/www.facebook.com\/AkademiaMlodychUczonych\/\" \/>\n<meta property=\"article:modified_time\" content=\"2026-05-05T08:37:33+00:00\" \/>\n<meta property=\"og:image\" content=\"https:\/\/amu.pan.pl\/kmtamu\/wp-content\/uploads\/sites\/5\/2024\/04\/Akademia-Mlodych-Uczonych.png\" \/>\n\t<meta property=\"og:image:width\" content=\"1434\" \/>\n\t<meta property=\"og:image:height\" content=\"600\" \/>\n\t<meta property=\"og:image:type\" content=\"image\/png\" \/>\n<meta name=\"twitter:card\" content=\"summary_large_image\" \/>\n<meta name=\"twitter:site\" content=\"@AMUPAN1\" \/>\n<meta name=\"twitter:label1\" content=\"Szacowany czas czytania\" \/>\n\t<meta name=\"twitter:data1\" content=\"2 minuty\" \/>\n<script type=\"application\/ld+json\" class=\"yoast-schema-graph\">{\"@context\":\"https:\/\/schema.org\",\"@graph\":[{\"@type\":\"WebPage\",\"@id\":\"https:\/\/amu.pan.pl\/kmtamu\/rada-programowa-2026\/\",\"url\":\"https:\/\/amu.pan.pl\/kmtamu\/rada-programowa-2026\/\",\"name\":\"Rada programowa 2026 - Ku\u017ania M\u0142odych Talent\u00f3w\",\"isPartOf\":{\"@id\":\"https:\/\/amu.pan.pl\/kmtamu\/#website\"},\"primaryImageOfPage\":{\"@id\":\"https:\/\/amu.pan.pl\/kmtamu\/rada-programowa-2026\/#primaryimage\"},\"image\":{\"@id\":\"https:\/\/amu.pan.pl\/kmtamu\/rada-programowa-2026\/#primaryimage\"},\"thumbnailUrl\":\"https:\/\/amu.pan.pl\/kmtamu\/wp-content\/uploads\/sites\/5\/2024\/04\/Akademia-Mlodych-Uczonych-300x126.png\",\"datePublished\":\"2026-05-05T08:24:38+00:00\",\"dateModified\":\"2026-05-05T08:37:33+00:00\",\"breadcrumb\":{\"@id\":\"https:\/\/amu.pan.pl\/kmtamu\/rada-programowa-2026\/#breadcrumb\"},\"inLanguage\":\"pl-PL\",\"potentialAction\":[{\"@type\":\"ReadAction\",\"target\":[\"https:\/\/amu.pan.pl\/kmtamu\/rada-programowa-2026\/\"]}]},{\"@type\":\"ImageObject\",\"inLanguage\":\"pl-PL\",\"@id\":\"https:\/\/amu.pan.pl\/kmtamu\/rada-programowa-2026\/#primaryimage\",\"url\":\"https:\/\/amu.pan.pl\/kmtamu\/wp-content\/uploads\/sites\/5\/2024\/04\/Akademia-Mlodych-Uczonych.png\",\"contentUrl\":\"https:\/\/amu.pan.pl\/kmtamu\/wp-content\/uploads\/sites\/5\/2024\/04\/Akademia-Mlodych-Uczonych.png\",\"width\":1434,\"height\":600},{\"@type\":\"BreadcrumbList\",\"@id\":\"https:\/\/amu.pan.pl\/kmtamu\/rada-programowa-2026\/#breadcrumb\",\"itemListElement\":[{\"@type\":\"ListItem\",\"position\":1,\"name\":\"Strona g\u0142\u00f3wna\",\"item\":\"https:\/\/amu.pan.pl\/kmtamu\/\"},{\"@type\":\"ListItem\",\"position\":2,\"name\":\"Rada programowa 2026\"}]},{\"@type\":\"WebSite\",\"@id\":\"https:\/\/amu.pan.pl\/kmtamu\/#website\",\"url\":\"https:\/\/amu.pan.pl\/kmtamu\/\",\"name\":\"Ku\u017ania M\u0142odych Talent\u00f3w\",\"description\":\"Kolejna witryna sieci &#8222;Akademia M\u0142odych Uczonych&#8221;\",\"publisher\":{\"@id\":\"https:\/\/amu.pan.pl\/kmtamu\/#organization\"},\"potentialAction\":[{\"@type\":\"SearchAction\",\"target\":{\"@type\":\"EntryPoint\",\"urlTemplate\":\"https:\/\/amu.pan.pl\/kmtamu\/?s={search_term_string}\"},\"query-input\":{\"@type\":\"PropertyValueSpecification\",\"valueRequired\":true,\"valueName\":\"search_term_string\"}}],\"inLanguage\":\"pl-PL\"},{\"@type\":\"Organization\",\"@id\":\"https:\/\/amu.pan.pl\/kmtamu\/#organization\",\"name\":\"Ku\u017ania M\u0142odych Talent\u00f3w\",\"url\":\"https:\/\/amu.pan.pl\/kmtamu\/\",\"logo\":{\"@type\":\"ImageObject\",\"inLanguage\":\"pl-PL\",\"@id\":\"https:\/\/amu.pan.pl\/kmtamu\/#\/schema\/logo\/image\/\",\"url\":\"https:\/\/amu.pan.pl\/kmtamu\/wp-content\/uploads\/sites\/5\/2024\/03\/cropped-KMT_logo.jpg\",\"contentUrl\":\"https:\/\/amu.pan.pl\/kmtamu\/wp-content\/uploads\/sites\/5\/2024\/03\/cropped-KMT_logo.jpg\",\"width\":1031,\"height\":421,\"caption\":\"Ku\u017ania M\u0142odych Talent\u00f3w\"},\"image\":{\"@id\":\"https:\/\/amu.pan.pl\/kmtamu\/#\/schema\/logo\/image\/\"},\"sameAs\":[\"https:\/\/www.facebook.com\/AkademiaMlodychUczonych\/\",\"https:\/\/x.com\/AMUPAN1\"]}]}<\/script>\n<!-- \/ Yoast SEO plugin. -->","yoast_head_json":{"title":"Rada programowa 2026 - Ku\u017ania M\u0142odych Talent\u00f3w","robots":{"index":"index","follow":"follow","max-snippet":"max-snippet:-1","max-image-preview":"max-image-preview:large","max-video-preview":"max-video-preview:-1"},"canonical":"https:\/\/amu.pan.pl\/kmtamu\/rada-programowa-2026\/","og_locale":"pl_PL","og_type":"article","og_title":"Rada programowa 2026 - Ku\u017ania M\u0142odych Talent\u00f3w","og_description":"Klonowska Katarzyna, dr hab.,\u00a0 Instytut Chemii Bioorganicznej Polskiej Akademii Nauk, kklonowska@ibch.poznan.pl \u2013 Przewodnicz\u0105ca Rady Programowej Sadowski \u0141ukasz, prof. dr hab. in\u017c., Politechnika Wroc\u0142awska, lukasz.sadowski@pwr.edu.pl\u00a0 \u2013 Zast\u0119pca Przewodnicz\u0105cej Rady Programowej Broniarek Izabela, dr in\u017c., Instytut Chemii Bioorganicznej PAN,\u00a0 Czarnecka Anna, prof., Narodowy Instytut Onkologii \u2013 PIB w Warszawie Dudkowski Dawid, dr hab., Politechnika \u0141\u00f3dzka,\u00a0 G\u00f3rska Anna, ... Dowiedz si\u0119 wi\u0119cej","og_url":"https:\/\/amu.pan.pl\/kmtamu\/rada-programowa-2026\/","og_site_name":"Ku\u017ania M\u0142odych Talent\u00f3w","article_publisher":"https:\/\/www.facebook.com\/AkademiaMlodychUczonych\/","article_modified_time":"2026-05-05T08:37:33+00:00","og_image":[{"width":1434,"height":600,"url":"https:\/\/amu.pan.pl\/kmtamu\/wp-content\/uploads\/sites\/5\/2024\/04\/Akademia-Mlodych-Uczonych.png","type":"image\/png"}],"twitter_card":"summary_large_image","twitter_site":"@AMUPAN1","twitter_misc":{"Szacowany czas czytania":"2 minuty"},"schema":{"@context":"https:\/\/schema.org","@graph":[{"@type":"WebPage","@id":"https:\/\/amu.pan.pl\/kmtamu\/rada-programowa-2026\/","url":"https:\/\/amu.pan.pl\/kmtamu\/rada-programowa-2026\/","name":"Rada programowa 2026 - Ku\u017ania M\u0142odych Talent\u00f3w","isPartOf":{"@id":"https:\/\/amu.pan.pl\/kmtamu\/#website"},"primaryImageOfPage":{"@id":"https:\/\/amu.pan.pl\/kmtamu\/rada-programowa-2026\/#primaryimage"},"image":{"@id":"https:\/\/amu.pan.pl\/kmtamu\/rada-programowa-2026\/#primaryimage"},"thumbnailUrl":"https:\/\/amu.pan.pl\/kmtamu\/wp-content\/uploads\/sites\/5\/2024\/04\/Akademia-Mlodych-Uczonych-300x126.png","datePublished":"2026-05-05T08:24:38+00:00","dateModified":"2026-05-05T08:37:33+00:00","breadcrumb":{"@id":"https:\/\/amu.pan.pl\/kmtamu\/rada-programowa-2026\/#breadcrumb"},"inLanguage":"pl-PL","potentialAction":[{"@type":"ReadAction","target":["https:\/\/amu.pan.pl\/kmtamu\/rada-programowa-2026\/"]}]},{"@type":"ImageObject","inLanguage":"pl-PL","@id":"https:\/\/amu.pan.pl\/kmtamu\/rada-programowa-2026\/#primaryimage","url":"https:\/\/amu.pan.pl\/kmtamu\/wp-content\/uploads\/sites\/5\/2024\/04\/Akademia-Mlodych-Uczonych.png","contentUrl":"https:\/\/amu.pan.pl\/kmtamu\/wp-content\/uploads\/sites\/5\/2024\/04\/Akademia-Mlodych-Uczonych.png","width":1434,"height":600},{"@type":"BreadcrumbList","@id":"https:\/\/amu.pan.pl\/kmtamu\/rada-programowa-2026\/#breadcrumb","itemListElement":[{"@type":"ListItem","position":1,"name":"Strona g\u0142\u00f3wna","item":"https:\/\/amu.pan.pl\/kmtamu\/"},{"@type":"ListItem","position":2,"name":"Rada programowa 2026"}]},{"@type":"WebSite","@id":"https:\/\/amu.pan.pl\/kmtamu\/#website","url":"https:\/\/amu.pan.pl\/kmtamu\/","name":"Ku\u017ania M\u0142odych Talent\u00f3w","description":"Kolejna witryna sieci &#8222;Akademia M\u0142odych Uczonych&#8221;","publisher":{"@id":"https:\/\/amu.pan.pl\/kmtamu\/#organization"},"potentialAction":[{"@type":"SearchAction","target":{"@type":"EntryPoint","urlTemplate":"https:\/\/amu.pan.pl\/kmtamu\/?s={search_term_string}"},"query-input":{"@type":"PropertyValueSpecification","valueRequired":true,"valueName":"search_term_string"}}],"inLanguage":"pl-PL"},{"@type":"Organization","@id":"https:\/\/amu.pan.pl\/kmtamu\/#organization","name":"Ku\u017ania M\u0142odych Talent\u00f3w","url":"https:\/\/amu.pan.pl\/kmtamu\/","logo":{"@type":"ImageObject","inLanguage":"pl-PL","@id":"https:\/\/amu.pan.pl\/kmtamu\/#\/schema\/logo\/image\/","url":"https:\/\/amu.pan.pl\/kmtamu\/wp-content\/uploads\/sites\/5\/2024\/03\/cropped-KMT_logo.jpg","contentUrl":"https:\/\/amu.pan.pl\/kmtamu\/wp-content\/uploads\/sites\/5\/2024\/03\/cropped-KMT_logo.jpg","width":1031,"height":421,"caption":"Ku\u017ania M\u0142odych Talent\u00f3w"},"image":{"@id":"https:\/\/amu.pan.pl\/kmtamu\/#\/schema\/logo\/image\/"},"sameAs":["https:\/\/www.facebook.com\/AkademiaMlodychUczonych\/","https:\/\/x.com\/AMUPAN1"]}]}},"_links":{"self":[{"href":"https:\/\/amu.pan.pl\/kmtamu\/wp-json\/wp\/v2\/pages\/809","targetHints":{"allow":["GET"]}}],"collection":[{"href":"https:\/\/amu.pan.pl\/kmtamu\/wp-json\/wp\/v2\/pages"}],"about":[{"href":"https:\/\/amu.pan.pl\/kmtamu\/wp-json\/wp\/v2\/types\/page"}],"author":[{"embeddable":true,"href":"https:\/\/amu.pan.pl\/kmtamu\/wp-json\/wp\/v2\/users\/2"}],"replies":[{"embeddable":true,"href":"https:\/\/amu.pan.pl\/kmtamu\/wp-json\/wp\/v2\/comments?post=809"}],"version-history":[{"count":7,"href":"https:\/\/amu.pan.pl\/kmtamu\/wp-json\/wp\/v2\/pages\/809\/revisions"}],"predecessor-version":[{"id":821,"href":"https:\/\/amu.pan.pl\/kmtamu\/wp-json\/wp\/v2\/pages\/809\/revisions\/821"}],"wp:attachment":[{"href":"https:\/\/amu.pan.pl\/kmtamu\/wp-json\/wp\/v2\/media?parent=809"}],"curies":[{"name":"wp","href":"https:\/\/api.w.org\/{rel}","templated":true}]}}