{"id":47,"date":"2022-03-07T23:07:18","date_gmt":"2022-03-07T22:07:18","guid":{"rendered":"https:\/\/amu.pan.pl\/ukraina\/?page_id=47"},"modified":"2022-03-09T11:38:02","modified_gmt":"2022-03-09T10:38:02","slug":"mieszkanie","status":"publish","type":"page","link":"https:\/\/amu.pan.pl\/ukraina\/uk\/mieszkanie\/","title":{"rendered":"\u041a\u0432\u0430\u0440\u0442\u0438\u0440\u0430"},"content":{"rendered":"<div data-elementor-type=\"wp-page\" data-elementor-id=\"47\" class=\"elementor elementor-47\">\n\t\t\t\t\t\t<section class=\"elementor-section elementor-top-section elementor-element elementor-element-9273852 elementor-section-boxed elementor-section-height-default elementor-section-height-default\" data-id=\"9273852\" data-element_type=\"section\">\n\t\t\t\t\t\t<div class=\"elementor-container elementor-column-gap-default\">\n\t\t\t\t\t<div class=\"elementor-column elementor-col-100 elementor-top-column elementor-element elementor-element-1946f82\" data-id=\"1946f82\" data-element_type=\"column\">\n\t\t\t<div class=\"elementor-widget-wrap elementor-element-populated\">\n\t\t\t\t\t\t<div class=\"elementor-element elementor-element-e184aa9 elementor-widget elementor-widget-heading\" data-id=\"e184aa9\" data-element_type=\"widget\" data-widget_type=\"heading.default\">\n\t\t\t\t<div class=\"elementor-widget-container\">\n\t\t\t\t\t<h2 class=\"elementor-heading-title elementor-size-default\">\u0412\u0441\u044f \u041f\u043e\u043b\u044c\u0449\u0430<\/h2>\t\t\t\t<\/div>\n\t\t\t\t<\/div>\n\t\t\t\t\t<\/div>\n\t\t<\/div>\n\t\t\t\t\t<\/div>\n\t\t<\/section>\n\t\t\t\t<section class=\"elementor-section elementor-top-section elementor-element elementor-element-e174aa5 elementor-section-boxed elementor-section-height-default elementor-section-height-default\" data-id=\"e174aa5\" data-element_type=\"section\">\n\t\t\t\t\t\t<div class=\"elementor-container elementor-column-gap-default\">\n\t\t\t\t\t<div class=\"elementor-column elementor-col-100 elementor-top-column elementor-element elementor-element-8a4d0ad\" data-id=\"8a4d0ad\" data-element_type=\"column\">\n\t\t\t<div class=\"elementor-widget-wrap elementor-element-populated\">\n\t\t\t\t\t\t<div class=\"elementor-element elementor-element-8bdd514 elementor-widget elementor-widget-heading\" data-id=\"8bdd514\" data-element_type=\"widget\" data-widget_type=\"heading.default\">\n\t\t\t\t<div class=\"elementor-widget-container\">\n\t\t\t\t\t<h2 class=\"elementor-heading-title elementor-size-default\">\u0417\u0430 \u0440\u0435\u0433\u0456\u043e\u043d\u0430\u043c\u0438<\/h2>\t\t\t\t<\/div>\n\t\t\t\t<\/div>\n\t\t\t\t\t<\/div>\n\t\t<\/div>\n\t\t\t\t\t<\/div>\n\t\t<\/section>\n\t\t\t\t<\/div>","protected":false},"excerpt":{"rendered":"<p>\u0412\u0441\u044f \u041f\u043e\u043b\u044c\u0449\u0430 \u0417\u0430 \u0440\u0435\u0433\u0456\u043e\u043d\u0430\u043c\u0438<\/p>","protected":false},"author":2,"featured_media":0,"parent":0,"menu_order":0,"comment_status":"closed","ping_status":"closed","template":"","meta":{"_monsterinsights_skip_tracking":false,"_monsterinsights_sitenote_active":false,"_monsterinsights_sitenote_note":"","_monsterinsights_sitenote_category":0,"footnotes":""},"class_list":["post-47","page","type-page","status-publish","czr-hentry"],"yoast_head":"<!-- This site is optimized with the Yoast SEO plugin v25.0 - https:\/\/yoast.com\/wordpress\/plugins\/seo\/ -->\n<title>Mieszkanie - Akademia M\u0142odych Uczonych dla Ukrainy<\/title>\n<meta name=\"robots\" content=\"index, follow, max-snippet:-1, max-image-preview:large, max-video-preview:-1\" \/>\n<link rel=\"canonical\" href=\"https:\/\/amu.pan.pl\/ukraina\/uk\/mieszkanie\/\" \/>\n<meta property=\"og:locale\" content=\"uk_UA\" \/>\n<meta property=\"og:type\" content=\"article\" \/>\n<meta property=\"og:title\" content=\"Mieszkanie - Akademia M\u0142odych Uczonych dla Ukrainy\" \/>\n<meta property=\"og:description\" content=\"Ca\u0142a Polska Wed\u0142ug region\u00f3w\" \/>\n<meta property=\"og:url\" content=\"https:\/\/amu.pan.pl\/ukraina\/uk\/mieszkanie\/\" \/>\n<meta property=\"og:site_name\" content=\"Akademia M\u0142odych Uczonych dla Ukrainy\" \/>\n<meta property=\"article:publisher\" content=\"https:\/\/www.facebook.com\/AkademiaMlodychUczonych\/\" \/>\n<meta property=\"article:modified_time\" content=\"2022-03-09T10:38:02+00:00\" \/>\n<meta name=\"twitter:card\" content=\"summary_large_image\" \/>\n<meta name=\"twitter:site\" content=\"@AMUPAN1\" \/>\n<meta name=\"twitter:label1\" content=\"\u041f\u0440\u0438\u0431\u043b. \u0447\u0430\u0441 \u0447\u0438\u0442\u0430\u043d\u043d\u044f\" \/>\n\t<meta name=\"twitter:data1\" content=\"1 \u0445\u0432\u0438\u043b\u0438\u043d\u0430\" \/>\n<script type=\"application\/ld+json\" class=\"yoast-schema-graph\">{\"@context\":\"https:\/\/schema.org\",\"@graph\":[{\"@type\":\"WebPage\",\"@id\":\"https:\/\/amu.pan.pl\/ukraina\/mieszkanie\/\",\"url\":\"https:\/\/amu.pan.pl\/ukraina\/mieszkanie\/\",\"name\":\"Mieszkanie - Akademia M\u0142odych Uczonych dla Ukrainy\",\"isPartOf\":{\"@id\":\"https:\/\/amu.pan.pl\/ukraina\/#website\"},\"datePublished\":\"2022-03-07T22:07:18+00:00\",\"dateModified\":\"2022-03-09T10:38:02+00:00\",\"breadcrumb\":{\"@id\":\"https:\/\/amu.pan.pl\/ukraina\/mieszkanie\/#breadcrumb\"},\"inLanguage\":\"uk\",\"potentialAction\":[{\"@type\":\"ReadAction\",\"target\":[\"https:\/\/amu.pan.pl\/ukraina\/mieszkanie\/\"]}]},{\"@type\":\"BreadcrumbList\",\"@id\":\"https:\/\/amu.pan.pl\/ukraina\/mieszkanie\/#breadcrumb\",\"itemListElement\":[{\"@type\":\"ListItem\",\"position\":1,\"name\":\"Strona g\u0142\u00f3wna\",\"item\":\"https:\/\/amu.pan.pl\/ukraina\/\"},{\"@type\":\"ListItem\",\"position\":2,\"name\":\"Mieszkanie\"}]},{\"@type\":\"WebSite\",\"@id\":\"https:\/\/amu.pan.pl\/ukraina\/#website\",\"url\":\"https:\/\/amu.pan.pl\/ukraina\/\",\"name\":\"Akademia M\u0142odych Uczonych dla Ukrainy\",\"description\":\"Akademia M\u0142odych Uczonych dla Ukrainy\",\"publisher\":{\"@id\":\"https:\/\/amu.pan.pl\/ukraina\/#organization\"},\"potentialAction\":[{\"@type\":\"SearchAction\",\"target\":{\"@type\":\"EntryPoint\",\"urlTemplate\":\"https:\/\/amu.pan.pl\/ukraina\/?s={search_term_string}\"},\"query-input\":{\"@type\":\"PropertyValueSpecification\",\"valueRequired\":true,\"valueName\":\"search_term_string\"}}],\"inLanguage\":\"uk\"},{\"@type\":\"Organization\",\"@id\":\"https:\/\/amu.pan.pl\/ukraina\/#organization\",\"name\":\"Akademia M\u0142odych Uczonych dla Ukrainy\",\"url\":\"https:\/\/amu.pan.pl\/ukraina\/\",\"logo\":{\"@type\":\"ImageObject\",\"inLanguage\":\"uk\",\"@id\":\"https:\/\/amu.pan.pl\/ukraina\/#\/schema\/logo\/image\/\",\"url\":\"https:\/\/amu.pan.pl\/ukraina\/wp-content\/uploads\/sites\/4\/2022\/03\/cropped-cropped-cropped-AMU_logo-1-1.png\",\"contentUrl\":\"https:\/\/amu.pan.pl\/ukraina\/wp-content\/uploads\/sites\/4\/2022\/03\/cropped-cropped-cropped-AMU_logo-1-1.png\",\"width\":600,\"height\":240,\"caption\":\"Akademia M\u0142odych Uczonych dla Ukrainy\"},\"image\":{\"@id\":\"https:\/\/amu.pan.pl\/ukraina\/#\/schema\/logo\/image\/\"},\"sameAs\":[\"https:\/\/www.facebook.com\/AkademiaMlodychUczonych\/\",\"https:\/\/x.com\/AMUPAN1\"]}]}<\/script>\n<!-- \/ Yoast SEO plugin. -->","yoast_head_json":{"title":"Mieszkanie - Akademia M\u0142odych Uczonych dla Ukrainy","robots":{"index":"index","follow":"follow","max-snippet":"max-snippet:-1","max-image-preview":"max-image-preview:large","max-video-preview":"max-video-preview:-1"},"canonical":"https:\/\/amu.pan.pl\/ukraina\/uk\/mieszkanie\/","og_locale":"uk_UA","og_type":"article","og_title":"Mieszkanie - Akademia M\u0142odych Uczonych dla Ukrainy","og_description":"Ca\u0142a Polska Wed\u0142ug region\u00f3w","og_url":"https:\/\/amu.pan.pl\/ukraina\/uk\/mieszkanie\/","og_site_name":"Akademia M\u0142odych Uczonych dla Ukrainy","article_publisher":"https:\/\/www.facebook.com\/AkademiaMlodychUczonych\/","article_modified_time":"2022-03-09T10:38:02+00:00","twitter_card":"summary_large_image","twitter_site":"@AMUPAN1","twitter_misc":{"\u041f\u0440\u0438\u0431\u043b. \u0447\u0430\u0441 \u0447\u0438\u0442\u0430\u043d\u043d\u044f":"1 \u0445\u0432\u0438\u043b\u0438\u043d\u0430"},"schema":{"@context":"https:\/\/schema.org","@graph":[{"@type":"WebPage","@id":"https:\/\/amu.pan.pl\/ukraina\/mieszkanie\/","url":"https:\/\/amu.pan.pl\/ukraina\/mieszkanie\/","name":"Mieszkanie - Akademia M\u0142odych Uczonych dla Ukrainy","isPartOf":{"@id":"https:\/\/amu.pan.pl\/ukraina\/#website"},"datePublished":"2022-03-07T22:07:18+00:00","dateModified":"2022-03-09T10:38:02+00:00","breadcrumb":{"@id":"https:\/\/amu.pan.pl\/ukraina\/mieszkanie\/#breadcrumb"},"inLanguage":"uk","potentialAction":[{"@type":"ReadAction","target":["https:\/\/amu.pan.pl\/ukraina\/mieszkanie\/"]}]},{"@type":"BreadcrumbList","@id":"https:\/\/amu.pan.pl\/ukraina\/mieszkanie\/#breadcrumb","itemListElement":[{"@type":"ListItem","position":1,"name":"Strona g\u0142\u00f3wna","item":"https:\/\/amu.pan.pl\/ukraina\/"},{"@type":"ListItem","position":2,"name":"Mieszkanie"}]},{"@type":"WebSite","@id":"https:\/\/amu.pan.pl\/ukraina\/#website","url":"https:\/\/amu.pan.pl\/ukraina\/","name":"Akademia M\u0142odych Uczonych dla Ukrainy","description":"Akademia M\u0142odych Uczonych dla Ukrainy","publisher":{"@id":"https:\/\/amu.pan.pl\/ukraina\/#organization"},"potentialAction":[{"@type":"SearchAction","target":{"@type":"EntryPoint","urlTemplate":"https:\/\/amu.pan.pl\/ukraina\/?s={search_term_string}"},"query-input":{"@type":"PropertyValueSpecification","valueRequired":true,"valueName":"search_term_string"}}],"inLanguage":"uk"},{"@type":"Organization","@id":"https:\/\/amu.pan.pl\/ukraina\/#organization","name":"Akademia M\u0142odych Uczonych dla Ukrainy","url":"https:\/\/amu.pan.pl\/ukraina\/","logo":{"@type":"ImageObject","inLanguage":"uk","@id":"https:\/\/amu.pan.pl\/ukraina\/#\/schema\/logo\/image\/","url":"https:\/\/amu.pan.pl\/ukraina\/wp-content\/uploads\/sites\/4\/2022\/03\/cropped-cropped-cropped-AMU_logo-1-1.png","contentUrl":"https:\/\/amu.pan.pl\/ukraina\/wp-content\/uploads\/sites\/4\/2022\/03\/cropped-cropped-cropped-AMU_logo-1-1.png","width":600,"height":240,"caption":"Akademia M\u0142odych Uczonych dla Ukrainy"},"image":{"@id":"https:\/\/amu.pan.pl\/ukraina\/#\/schema\/logo\/image\/"},"sameAs":["https:\/\/www.facebook.com\/AkademiaMlodychUczonych\/","https:\/\/x.com\/AMUPAN1"]}]}},"_links":{"self":[{"href":"https:\/\/amu.pan.pl\/ukraina\/uk\/wp-json\/wp\/v2\/pages\/47","targetHints":{"allow":["GET"]}}],"collection":[{"href":"https:\/\/amu.pan.pl\/ukraina\/uk\/wp-json\/wp\/v2\/pages"}],"about":[{"href":"https:\/\/amu.pan.pl\/ukraina\/uk\/wp-json\/wp\/v2\/types\/page"}],"author":[{"embeddable":true,"href":"https:\/\/amu.pan.pl\/ukraina\/uk\/wp-json\/wp\/v2\/users\/2"}],"replies":[{"embeddable":true,"href":"https:\/\/amu.pan.pl\/ukraina\/uk\/wp-json\/wp\/v2\/comments?post=47"}],"version-history":[{"count":7,"href":"https:\/\/amu.pan.pl\/ukraina\/uk\/wp-json\/wp\/v2\/pages\/47\/revisions"}],"predecessor-version":[{"id":203,"href":"https:\/\/amu.pan.pl\/ukraina\/uk\/wp-json\/wp\/v2\/pages\/47\/revisions\/203"}],"wp:attachment":[{"href":"https:\/\/amu.pan.pl\/ukraina\/uk\/wp-json\/wp\/v2\/media?parent=47"}],"curies":[{"name":"wp","href":"https:\/\/api.w.org\/{rel}","templated":true}]}}