{"id":35,"date":"2022-03-07T23:04:47","date_gmt":"2022-03-07T22:04:47","guid":{"rendered":"https:\/\/amu.pan.pl\/ukraina\/?page_id=35"},"modified":"2022-03-13T14:23:19","modified_gmt":"2022-03-13T13:23:19","slug":"naukowcy","status":"publish","type":"page","link":"https:\/\/amu.pan.pl\/ukraina\/naukowcy\/","title":{"rendered":"Naukowcy"},"content":{"rendered":"\t\t<div data-elementor-type=\"wp-page\" data-elementor-id=\"35\" class=\"elementor elementor-35\">\n\t\t\t\t\t\t<section class=\"elementor-section elementor-top-section elementor-element elementor-element-113310e elementor-section-boxed elementor-section-height-default elementor-section-height-default\" data-id=\"113310e\" data-element_type=\"section\">\n\t\t\t\t\t\t<div class=\"elementor-container elementor-column-gap-default\">\n\t\t\t\t\t<div class=\"elementor-column elementor-col-100 elementor-top-column elementor-element elementor-element-2ff8367\" data-id=\"2ff8367\" data-element_type=\"column\">\n\t\t\t<div class=\"elementor-widget-wrap elementor-element-populated\">\n\t\t\t\t\t\t<div class=\"elementor-element elementor-element-2a03e7a elementor-widget elementor-widget-text-editor\" data-id=\"2a03e7a\" data-element_type=\"widget\" data-widget_type=\"text-editor.default\">\n\t\t\t\t<div class=\"elementor-widget-container\">\n\t\t\t\t\t\t\t\t\t<p>Szukaj\u0105c pracy naukowej w Polsce, mo\u017cesz korzysta\u0107 tak z og\u0142oszonych w ostatnim czasie program\u00f3w dla os\u00f3b z Ukrainy, jak i z og\u00f3lnodost\u0119pnych baz og\u0142osze\u0144 adresowanych do uczonych niezale\u017cnie od pochodzenia.<br \/><br \/>Mo\u017cliwo\u015b\u0107 sfinansowania bada\u0144, w tym utworzenia stanowisk pracy dla Ciebie i wsp\u00f3\u0142pracownik\u00f3w, daj\u0105 konkursy grantowe polskich agencji<br \/>badawczych.<br \/><br \/>Je\u015bli nie znalaz\u0142e\u015b lub nie znalaz\u0142a\u015b oferty w \u017cadnym z istniej\u0105cych konkurs\u00f3w, skontaktuj si\u0119 z uczonymi, kt\u00f3rzy reprezentuj\u0105 Twoj\u0105 dziedzin\u0119 w Polsce. Baz\u0119 naukowc\u00f3w, w kt\u00f3rej mo\u017cesz wyszukiwa\u0107 wed\u0142ug s\u0142\u00f3w kluczowych oraz specjalno\u015bci znajdziesz tu: https:\/\/nauka-polska.pl.<\/p><p><strong>Uwaga!<\/strong> Obecnie (13.03.2022), aby podj\u0105\u0107 prac\u0119, potrzebujesz wy\u0142\u0105cznie paszportu. Chocia\u017c w wi\u0119kszo\u015bci przypadk\u00f3w zatrudnienie w nauce wymaga og\u0142oszenia konkursu, to jednak zwykle nie musisz bra\u0107 udzia\u0142u w konkursie, je\u015bli:<\/p><ul><li>pracujesz na p\u00f3\u0142 etatu lub<\/li><li>pracujesz jako tzw. <em>visiting professor<\/em>.<br \/><br \/><\/li><\/ul>\t\t\t\t\t\t\t\t<\/div>\n\t\t\t\t<\/div>\n\t\t\t\t\t<\/div>\n\t\t<\/div>\n\t\t\t\t\t<\/div>\n\t\t<\/section>\n\t\t\t\t<section class=\"elementor-section elementor-top-section elementor-element elementor-element-fb4efba elementor-section-boxed elementor-section-height-default elementor-section-height-default\" data-id=\"fb4efba\" data-element_type=\"section\">\n\t\t\t\t\t\t<div class=\"elementor-container elementor-column-gap-default\">\n\t\t\t\t\t<div class=\"elementor-column elementor-col-100 elementor-top-column elementor-element elementor-element-470f637\" data-id=\"470f637\" data-element_type=\"column\">\n\t\t\t<div class=\"elementor-widget-wrap elementor-element-populated\">\n\t\t\t\t\t\t<div class=\"elementor-element elementor-element-e225a24 elementor-widget elementor-widget-heading\" data-id=\"e225a24\" data-element_type=\"widget\" data-widget_type=\"heading.default\">\n\t\t\t\t<div class=\"elementor-widget-container\">\n\t\t\t\t\t<h2 class=\"elementor-heading-title elementor-size-default\">Polskie programy kierowane do uczonych z Ukrainy<\/h2>\t\t\t\t<\/div>\n\t\t\t\t<\/div>\n\t\t\t\t<section class=\"elementor-section elementor-inner-section elementor-element elementor-element-d9fb924 elementor-section-boxed elementor-section-height-default elementor-section-height-default\" data-id=\"d9fb924\" data-element_type=\"section\">\n\t\t\t\t\t\t<div class=\"elementor-container elementor-column-gap-default\">\n\t\t\t\t\t<div class=\"elementor-column elementor-col-100 elementor-inner-column elementor-element elementor-element-645683d\" data-id=\"645683d\" data-element_type=\"column\">\n\t\t\t<div class=\"elementor-widget-wrap\">\n\t\t\t\t\t\t\t<\/div>\n\t\t<\/div>\n\t\t\t\t\t<\/div>\n\t\t<\/section>\n\t\t\t\t\t<\/div>\n\t\t<\/div>\n\t\t\t\t\t<\/div>\n\t\t<\/section>\n\t\t\t\t<section class=\"elementor-section elementor-top-section elementor-element elementor-element-dd918f2 elementor-section-boxed elementor-section-height-default elementor-section-height-default\" data-id=\"dd918f2\" data-element_type=\"section\">\n\t\t\t\t\t\t<div class=\"elementor-container elementor-column-gap-default\">\n\t\t\t\t\t<div class=\"elementor-column elementor-col-100 elementor-top-column elementor-element elementor-element-9fba429\" data-id=\"9fba429\" data-element_type=\"column\">\n\t\t\t<div class=\"elementor-widget-wrap elementor-element-populated\">\n\t\t\t\t\t\t<div class=\"elementor-element elementor-element-7274086 elementor-widget elementor-widget-heading\" data-id=\"7274086\" data-element_type=\"widget\" data-widget_type=\"heading.default\">\n\t\t\t\t<div class=\"elementor-widget-container\">\n\t\t\t\t\t<h2 class=\"elementor-heading-title elementor-size-default\">Oferty pracy naukowej w Polsce<\/h2>\t\t\t\t<\/div>\n\t\t\t\t<\/div>\n\t\t\t\t\t<\/div>\n\t\t<\/div>\n\t\t\t\t\t<\/div>\n\t\t<\/section>\n\t\t\t\t<section class=\"elementor-section elementor-top-section elementor-element elementor-element-4d9032e elementor-section-boxed elementor-section-height-default elementor-section-height-default\" data-id=\"4d9032e\" data-element_type=\"section\">\n\t\t\t\t\t\t<div class=\"elementor-container elementor-column-gap-default\">\n\t\t\t\t\t<div class=\"elementor-column elementor-col-100 elementor-top-column elementor-element elementor-element-b372912\" data-id=\"b372912\" data-element_type=\"column\">\n\t\t\t<div class=\"elementor-widget-wrap\">\n\t\t\t\t\t\t\t<\/div>\n\t\t<\/div>\n\t\t\t\t\t<\/div>\n\t\t<\/section>\n\t\t\t\t<section class=\"elementor-section elementor-top-section elementor-element elementor-element-db6c04f elementor-section-boxed elementor-section-height-default elementor-section-height-default\" data-id=\"db6c04f\" data-element_type=\"section\">\n\t\t\t\t\t\t<div class=\"elementor-container elementor-column-gap-default\">\n\t\t\t\t\t<div class=\"elementor-column elementor-col-100 elementor-top-column elementor-element elementor-element-dbf10f6\" data-id=\"dbf10f6\" data-element_type=\"column\">\n\t\t\t<div class=\"elementor-widget-wrap elementor-element-populated\">\n\t\t\t\t\t\t<div class=\"elementor-element elementor-element-7b18c27 elementor-widget elementor-widget-heading\" data-id=\"7b18c27\" data-element_type=\"widget\" data-widget_type=\"heading.default\">\n\t\t\t\t<div class=\"elementor-widget-container\">\n\t\t\t\t\t<h2 class=\"elementor-heading-title elementor-size-default\">Agencje finansuj\u0105ce badania<\/h2>\t\t\t\t<\/div>\n\t\t\t\t<\/div>\n\t\t\t\t\t<\/div>\n\t\t<\/div>\n\t\t\t\t\t<\/div>\n\t\t<\/section>\n\t\t\t\t<section class=\"elementor-section elementor-top-section elementor-element elementor-element-9c5ef5b elementor-section-boxed elementor-section-height-default elementor-section-height-default\" data-id=\"9c5ef5b\" data-element_type=\"section\">\n\t\t\t\t\t\t<div class=\"elementor-container elementor-column-gap-default\">\n\t\t\t\t\t<div class=\"elementor-column elementor-col-100 elementor-top-column elementor-element elementor-element-1484a60\" data-id=\"1484a60\" data-element_type=\"column\">\n\t\t\t<div class=\"elementor-widget-wrap\">\n\t\t\t\t\t\t\t<\/div>\n\t\t<\/div>\n\t\t\t\t\t<\/div>\n\t\t<\/section>\n\t\t\t\t<\/div>\n\t\t","protected":false},"excerpt":{"rendered":"<p>Szukaj\u0105c pracy naukowej w Polsce, mo\u017cesz korzysta\u0107 tak z og\u0142oszonych w ostatnim czasie program\u00f3w dla os\u00f3b z Ukrainy, jak i z og\u00f3lnodost\u0119pnych baz og\u0142osze\u0144 adresowanych do uczonych niezale\u017cnie od pochodzenia. Mo\u017cliwo\u015b\u0107 sfinansowania bada\u0144, w tym utworzenia stanowisk pracy dla Ciebie i wsp\u00f3\u0142pracownik\u00f3w, daj\u0105 konkursy grantowe polskich agencjibadawczych. Je\u015bli nie znalaz\u0142e\u015b lub nie znalaz\u0142a\u015b oferty w [&hellip;]<\/p>\n","protected":false},"author":2,"featured_media":0,"parent":0,"menu_order":0,"comment_status":"closed","ping_status":"closed","template":"elementor_header_footer","meta":{"_monsterinsights_skip_tracking":false,"_monsterinsights_sitenote_active":false,"_monsterinsights_sitenote_note":"","_monsterinsights_sitenote_category":0,"footnotes":""},"class_list":["post-35","page","type-page","status-publish","czr-hentry"],"yoast_head":"<!-- This site is optimized with the Yoast SEO plugin v25.0 - https:\/\/yoast.com\/wordpress\/plugins\/seo\/ -->\n<title>Naukowcy - Akademia M\u0142odych Uczonych dla Ukrainy<\/title>\n<meta name=\"robots\" content=\"index, follow, max-snippet:-1, max-image-preview:large, max-video-preview:-1\" \/>\n<link rel=\"canonical\" href=\"https:\/\/amu.pan.pl\/ukraina\/naukowcy\/\" \/>\n<meta property=\"og:locale\" content=\"pl_PL\" \/>\n<meta property=\"og:type\" content=\"article\" \/>\n<meta property=\"og:title\" content=\"Naukowcy - Akademia M\u0142odych Uczonych dla Ukrainy\" \/>\n<meta property=\"og:description\" content=\"Szukaj\u0105c pracy naukowej w Polsce, mo\u017cesz korzysta\u0107 tak z og\u0142oszonych w ostatnim czasie program\u00f3w dla os\u00f3b z Ukrainy, jak i z og\u00f3lnodost\u0119pnych baz og\u0142osze\u0144 adresowanych do uczonych niezale\u017cnie od pochodzenia. Mo\u017cliwo\u015b\u0107 sfinansowania bada\u0144, w tym utworzenia stanowisk pracy dla Ciebie i wsp\u00f3\u0142pracownik\u00f3w, daj\u0105 konkursy grantowe polskich agencjibadawczych. Je\u015bli nie znalaz\u0142e\u015b lub nie znalaz\u0142a\u015b oferty w [&hellip;]\" \/>\n<meta property=\"og:url\" content=\"https:\/\/amu.pan.pl\/ukraina\/naukowcy\/\" \/>\n<meta property=\"og:site_name\" content=\"Akademia M\u0142odych Uczonych dla Ukrainy\" \/>\n<meta property=\"article:publisher\" content=\"https:\/\/www.facebook.com\/AkademiaMlodychUczonych\/\" \/>\n<meta property=\"article:modified_time\" content=\"2022-03-13T13:23:19+00:00\" \/>\n<meta name=\"twitter:card\" content=\"summary_large_image\" \/>\n<meta name=\"twitter:site\" content=\"@AMUPAN1\" \/>\n<meta name=\"twitter:label1\" content=\"Szacowany czas czytania\" \/>\n\t<meta name=\"twitter:data1\" content=\"3 minuty\" \/>\n<script type=\"application\/ld+json\" class=\"yoast-schema-graph\">{\"@context\":\"https:\/\/schema.org\",\"@graph\":[{\"@type\":\"WebPage\",\"@id\":\"https:\/\/amu.pan.pl\/ukraina\/uk\/naukowcy\/\",\"url\":\"https:\/\/amu.pan.pl\/ukraina\/uk\/naukowcy\/\",\"name\":\"Naukowcy - Akademia M\u0142odych Uczonych dla Ukrainy\",\"isPartOf\":{\"@id\":\"https:\/\/amu.pan.pl\/ukraina\/#website\"},\"datePublished\":\"2022-03-07T22:04:47+00:00\",\"dateModified\":\"2022-03-13T13:23:19+00:00\",\"breadcrumb\":{\"@id\":\"https:\/\/amu.pan.pl\/ukraina\/uk\/naukowcy\/#breadcrumb\"},\"inLanguage\":\"pl-PL\",\"potentialAction\":[{\"@type\":\"ReadAction\",\"target\":[\"https:\/\/amu.pan.pl\/ukraina\/uk\/naukowcy\/\"]}]},{\"@type\":\"BreadcrumbList\",\"@id\":\"https:\/\/amu.pan.pl\/ukraina\/uk\/naukowcy\/#breadcrumb\",\"itemListElement\":[{\"@type\":\"ListItem\",\"position\":1,\"name\":\"Strona g\u0142\u00f3wna\",\"item\":\"https:\/\/amu.pan.pl\/ukraina\/\"},{\"@type\":\"ListItem\",\"position\":2,\"name\":\"Naukowcy\"}]},{\"@type\":\"WebSite\",\"@id\":\"https:\/\/amu.pan.pl\/ukraina\/#website\",\"url\":\"https:\/\/amu.pan.pl\/ukraina\/\",\"name\":\"Akademia M\u0142odych Uczonych dla Ukrainy\",\"description\":\"Akademia M\u0142odych Uczonych dla Ukrainy\",\"publisher\":{\"@id\":\"https:\/\/amu.pan.pl\/ukraina\/#organization\"},\"potentialAction\":[{\"@type\":\"SearchAction\",\"target\":{\"@type\":\"EntryPoint\",\"urlTemplate\":\"https:\/\/amu.pan.pl\/ukraina\/?s={search_term_string}\"},\"query-input\":{\"@type\":\"PropertyValueSpecification\",\"valueRequired\":true,\"valueName\":\"search_term_string\"}}],\"inLanguage\":\"pl-PL\"},{\"@type\":\"Organization\",\"@id\":\"https:\/\/amu.pan.pl\/ukraina\/#organization\",\"name\":\"Akademia M\u0142odych Uczonych dla Ukrainy\",\"url\":\"https:\/\/amu.pan.pl\/ukraina\/\",\"logo\":{\"@type\":\"ImageObject\",\"inLanguage\":\"pl-PL\",\"@id\":\"https:\/\/amu.pan.pl\/ukraina\/#\/schema\/logo\/image\/\",\"url\":\"https:\/\/amu.pan.pl\/ukraina\/wp-content\/uploads\/sites\/4\/2022\/03\/cropped-cropped-cropped-AMU_logo-1-1.png\",\"contentUrl\":\"https:\/\/amu.pan.pl\/ukraina\/wp-content\/uploads\/sites\/4\/2022\/03\/cropped-cropped-cropped-AMU_logo-1-1.png\",\"width\":600,\"height\":240,\"caption\":\"Akademia M\u0142odych Uczonych dla Ukrainy\"},\"image\":{\"@id\":\"https:\/\/amu.pan.pl\/ukraina\/#\/schema\/logo\/image\/\"},\"sameAs\":[\"https:\/\/www.facebook.com\/AkademiaMlodychUczonych\/\",\"https:\/\/x.com\/AMUPAN1\"]}]}<\/script>\n<!-- \/ Yoast SEO plugin. -->","yoast_head_json":{"title":"Naukowcy - Akademia M\u0142odych Uczonych dla Ukrainy","robots":{"index":"index","follow":"follow","max-snippet":"max-snippet:-1","max-image-preview":"max-image-preview:large","max-video-preview":"max-video-preview:-1"},"canonical":"https:\/\/amu.pan.pl\/ukraina\/naukowcy\/","og_locale":"pl_PL","og_type":"article","og_title":"Naukowcy - Akademia M\u0142odych Uczonych dla Ukrainy","og_description":"Szukaj\u0105c pracy naukowej w Polsce, mo\u017cesz korzysta\u0107 tak z og\u0142oszonych w ostatnim czasie program\u00f3w dla os\u00f3b z Ukrainy, jak i z og\u00f3lnodost\u0119pnych baz og\u0142osze\u0144 adresowanych do uczonych niezale\u017cnie od pochodzenia. Mo\u017cliwo\u015b\u0107 sfinansowania bada\u0144, w tym utworzenia stanowisk pracy dla Ciebie i wsp\u00f3\u0142pracownik\u00f3w, daj\u0105 konkursy grantowe polskich agencjibadawczych. Je\u015bli nie znalaz\u0142e\u015b lub nie znalaz\u0142a\u015b oferty w [&hellip;]","og_url":"https:\/\/amu.pan.pl\/ukraina\/naukowcy\/","og_site_name":"Akademia M\u0142odych Uczonych dla Ukrainy","article_publisher":"https:\/\/www.facebook.com\/AkademiaMlodychUczonych\/","article_modified_time":"2022-03-13T13:23:19+00:00","twitter_card":"summary_large_image","twitter_site":"@AMUPAN1","twitter_misc":{"Szacowany czas czytania":"3 minuty"},"schema":{"@context":"https:\/\/schema.org","@graph":[{"@type":"WebPage","@id":"https:\/\/amu.pan.pl\/ukraina\/uk\/naukowcy\/","url":"https:\/\/amu.pan.pl\/ukraina\/uk\/naukowcy\/","name":"Naukowcy - Akademia M\u0142odych Uczonych dla Ukrainy","isPartOf":{"@id":"https:\/\/amu.pan.pl\/ukraina\/#website"},"datePublished":"2022-03-07T22:04:47+00:00","dateModified":"2022-03-13T13:23:19+00:00","breadcrumb":{"@id":"https:\/\/amu.pan.pl\/ukraina\/uk\/naukowcy\/#breadcrumb"},"inLanguage":"pl-PL","potentialAction":[{"@type":"ReadAction","target":["https:\/\/amu.pan.pl\/ukraina\/uk\/naukowcy\/"]}]},{"@type":"BreadcrumbList","@id":"https:\/\/amu.pan.pl\/ukraina\/uk\/naukowcy\/#breadcrumb","itemListElement":[{"@type":"ListItem","position":1,"name":"Strona g\u0142\u00f3wna","item":"https:\/\/amu.pan.pl\/ukraina\/"},{"@type":"ListItem","position":2,"name":"Naukowcy"}]},{"@type":"WebSite","@id":"https:\/\/amu.pan.pl\/ukraina\/#website","url":"https:\/\/amu.pan.pl\/ukraina\/","name":"Akademia M\u0142odych Uczonych dla Ukrainy","description":"Akademia M\u0142odych Uczonych dla Ukrainy","publisher":{"@id":"https:\/\/amu.pan.pl\/ukraina\/#organization"},"potentialAction":[{"@type":"SearchAction","target":{"@type":"EntryPoint","urlTemplate":"https:\/\/amu.pan.pl\/ukraina\/?s={search_term_string}"},"query-input":{"@type":"PropertyValueSpecification","valueRequired":true,"valueName":"search_term_string"}}],"inLanguage":"pl-PL"},{"@type":"Organization","@id":"https:\/\/amu.pan.pl\/ukraina\/#organization","name":"Akademia M\u0142odych Uczonych dla Ukrainy","url":"https:\/\/amu.pan.pl\/ukraina\/","logo":{"@type":"ImageObject","inLanguage":"pl-PL","@id":"https:\/\/amu.pan.pl\/ukraina\/#\/schema\/logo\/image\/","url":"https:\/\/amu.pan.pl\/ukraina\/wp-content\/uploads\/sites\/4\/2022\/03\/cropped-cropped-cropped-AMU_logo-1-1.png","contentUrl":"https:\/\/amu.pan.pl\/ukraina\/wp-content\/uploads\/sites\/4\/2022\/03\/cropped-cropped-cropped-AMU_logo-1-1.png","width":600,"height":240,"caption":"Akademia M\u0142odych Uczonych dla Ukrainy"},"image":{"@id":"https:\/\/amu.pan.pl\/ukraina\/#\/schema\/logo\/image\/"},"sameAs":["https:\/\/www.facebook.com\/AkademiaMlodychUczonych\/","https:\/\/x.com\/AMUPAN1"]}]}},"_links":{"self":[{"href":"https:\/\/amu.pan.pl\/ukraina\/wp-json\/wp\/v2\/pages\/35","targetHints":{"allow":["GET"]}}],"collection":[{"href":"https:\/\/amu.pan.pl\/ukraina\/wp-json\/wp\/v2\/pages"}],"about":[{"href":"https:\/\/amu.pan.pl\/ukraina\/wp-json\/wp\/v2\/types\/page"}],"author":[{"embeddable":true,"href":"https:\/\/amu.pan.pl\/ukraina\/wp-json\/wp\/v2\/users\/2"}],"replies":[{"embeddable":true,"href":"https:\/\/amu.pan.pl\/ukraina\/wp-json\/wp\/v2\/comments?post=35"}],"version-history":[{"count":49,"href":"https:\/\/amu.pan.pl\/ukraina\/wp-json\/wp\/v2\/pages\/35\/revisions"}],"predecessor-version":[{"id":479,"href":"https:\/\/amu.pan.pl\/ukraina\/wp-json\/wp\/v2\/pages\/35\/revisions\/479"}],"wp:attachment":[{"href":"https:\/\/amu.pan.pl\/ukraina\/wp-json\/wp\/v2\/media?parent=35"}],"curies":[{"name":"wp","href":"https:\/\/api.w.org\/{rel}","templated":true}]}}