{"id":41,"date":"2022-03-07T23:06:12","date_gmt":"2022-03-07T22:06:12","guid":{"rendered":"https:\/\/amu.pan.pl\/ukraina\/?page_id=41"},"modified":"2022-03-13T14:54:13","modified_gmt":"2022-03-13T13:54:13","slug":"system-nauki","status":"publish","type":"page","link":"https:\/\/amu.pan.pl\/ukraina\/system-nauki\/","title":{"rendered":"System nauki"},"content":{"rendered":"\t\t<div data-elementor-type=\"wp-page\" data-elementor-id=\"41\" class=\"elementor elementor-41\">\n\t\t\t\t\t\t<section class=\"elementor-section elementor-top-section elementor-element elementor-element-39a2a33 elementor-section-boxed elementor-section-height-default elementor-section-height-default\" data-id=\"39a2a33\" data-element_type=\"section\">\n\t\t\t\t\t\t<div class=\"elementor-container elementor-column-gap-default\">\n\t\t\t\t\t<div class=\"elementor-column elementor-col-100 elementor-top-column elementor-element elementor-element-6275eae\" data-id=\"6275eae\" data-element_type=\"column\">\n\t\t\t<div class=\"elementor-widget-wrap elementor-element-populated\">\n\t\t\t\t\t\t<div class=\"elementor-element elementor-element-bc340b6 elementor-widget elementor-widget-heading\" data-id=\"bc340b6\" data-element_type=\"widget\" data-widget_type=\"heading.default\">\n\t\t\t\t<div class=\"elementor-widget-container\">\n\t\t\t\t\t<h2 class=\"elementor-heading-title elementor-size-default\">Instytucje nauki w Polsce<\/h2>\t\t\t\t<\/div>\n\t\t\t\t<\/div>\n\t\t\t\t\t<\/div>\n\t\t<\/div>\n\t\t\t\t\t<\/div>\n\t\t<\/section>\n\t\t\t\t<section class=\"elementor-section elementor-top-section elementor-element elementor-element-bcc9219 elementor-section-boxed elementor-section-height-default elementor-section-height-default\" data-id=\"bcc9219\" data-element_type=\"section\">\n\t\t\t\t\t\t<div class=\"elementor-container elementor-column-gap-default\">\n\t\t\t\t\t<div class=\"elementor-column elementor-col-100 elementor-top-column elementor-element elementor-element-00be2f6\" data-id=\"00be2f6\" data-element_type=\"column\">\n\t\t\t<div class=\"elementor-widget-wrap elementor-element-populated\">\n\t\t\t\t\t\t<div class=\"elementor-element elementor-element-793e79f elementor-widget elementor-widget-heading\" data-id=\"793e79f\" data-element_type=\"widget\" data-widget_type=\"heading.default\">\n\t\t\t\t<div class=\"elementor-widget-container\">\n\t\t\t\t\t<h2 class=\"elementor-heading-title elementor-size-default\">Formalno\u015bci - stopnie, tytu\u0142y<\/h2>\t\t\t\t<\/div>\n\t\t\t\t<\/div>\n\t\t\t\t\t<\/div>\n\t\t<\/div>\n\t\t\t\t\t<\/div>\n\t\t<\/section>\n\t\t\t\t<\/div>\n\t\t","protected":false},"excerpt":{"rendered":"<p>Instytucje nauki w Polsce Formalno\u015bci &#8211; stopnie, tytu\u0142y<\/p>\n","protected":false},"author":2,"featured_media":0,"parent":0,"menu_order":0,"comment_status":"closed","ping_status":"closed","template":"","meta":{"_monsterinsights_skip_tracking":false,"_monsterinsights_sitenote_active":false,"_monsterinsights_sitenote_note":"","_monsterinsights_sitenote_category":0,"footnotes":""},"class_list":["post-41","page","type-page","status-publish","czr-hentry"],"yoast_head":"<!-- This site is optimized with the Yoast SEO plugin v25.0 - https:\/\/yoast.com\/wordpress\/plugins\/seo\/ -->\n<title>System nauki - Akademia M\u0142odych Uczonych dla Ukrainy<\/title>\n<meta name=\"robots\" content=\"index, follow, max-snippet:-1, max-image-preview:large, max-video-preview:-1\" \/>\n<link rel=\"canonical\" href=\"https:\/\/amu.pan.pl\/ukraina\/system-nauki\/\" \/>\n<meta property=\"og:locale\" content=\"pl_PL\" \/>\n<meta property=\"og:type\" content=\"article\" \/>\n<meta property=\"og:title\" content=\"System nauki - Akademia M\u0142odych Uczonych dla Ukrainy\" \/>\n<meta property=\"og:description\" content=\"Instytucje nauki w Polsce Formalno\u015bci &#8211; stopnie, tytu\u0142y\" \/>\n<meta property=\"og:url\" content=\"https:\/\/amu.pan.pl\/ukraina\/system-nauki\/\" \/>\n<meta property=\"og:site_name\" content=\"Akademia M\u0142odych Uczonych dla Ukrainy\" \/>\n<meta property=\"article:publisher\" content=\"https:\/\/www.facebook.com\/AkademiaMlodychUczonych\/\" \/>\n<meta property=\"article:modified_time\" content=\"2022-03-13T13:54:13+00:00\" \/>\n<meta name=\"twitter:card\" content=\"summary_large_image\" \/>\n<meta name=\"twitter:site\" content=\"@AMUPAN1\" \/>\n<meta name=\"twitter:label1\" content=\"Szacowany czas czytania\" \/>\n\t<meta name=\"twitter:data1\" content=\"2 minuty\" \/>\n<script type=\"application\/ld+json\" class=\"yoast-schema-graph\">{\"@context\":\"https:\/\/schema.org\",\"@graph\":[{\"@type\":\"WebPage\",\"@id\":\"https:\/\/amu.pan.pl\/ukraina\/system-nauki\/\",\"url\":\"https:\/\/amu.pan.pl\/ukraina\/system-nauki\/\",\"name\":\"System nauki - Akademia M\u0142odych Uczonych dla Ukrainy\",\"isPartOf\":{\"@id\":\"https:\/\/amu.pan.pl\/ukraina\/#website\"},\"datePublished\":\"2022-03-07T22:06:12+00:00\",\"dateModified\":\"2022-03-13T13:54:13+00:00\",\"breadcrumb\":{\"@id\":\"https:\/\/amu.pan.pl\/ukraina\/system-nauki\/#breadcrumb\"},\"inLanguage\":\"pl-PL\",\"potentialAction\":[{\"@type\":\"ReadAction\",\"target\":[\"https:\/\/amu.pan.pl\/ukraina\/system-nauki\/\"]}]},{\"@type\":\"BreadcrumbList\",\"@id\":\"https:\/\/amu.pan.pl\/ukraina\/system-nauki\/#breadcrumb\",\"itemListElement\":[{\"@type\":\"ListItem\",\"position\":1,\"name\":\"Strona g\u0142\u00f3wna\",\"item\":\"https:\/\/amu.pan.pl\/ukraina\/\"},{\"@type\":\"ListItem\",\"position\":2,\"name\":\"System nauki\"}]},{\"@type\":\"WebSite\",\"@id\":\"https:\/\/amu.pan.pl\/ukraina\/#website\",\"url\":\"https:\/\/amu.pan.pl\/ukraina\/\",\"name\":\"Akademia M\u0142odych Uczonych dla Ukrainy\",\"description\":\"Akademia M\u0142odych Uczonych dla Ukrainy\",\"publisher\":{\"@id\":\"https:\/\/amu.pan.pl\/ukraina\/#organization\"},\"potentialAction\":[{\"@type\":\"SearchAction\",\"target\":{\"@type\":\"EntryPoint\",\"urlTemplate\":\"https:\/\/amu.pan.pl\/ukraina\/?s={search_term_string}\"},\"query-input\":{\"@type\":\"PropertyValueSpecification\",\"valueRequired\":true,\"valueName\":\"search_term_string\"}}],\"inLanguage\":\"pl-PL\"},{\"@type\":\"Organization\",\"@id\":\"https:\/\/amu.pan.pl\/ukraina\/#organization\",\"name\":\"Akademia M\u0142odych Uczonych dla Ukrainy\",\"url\":\"https:\/\/amu.pan.pl\/ukraina\/\",\"logo\":{\"@type\":\"ImageObject\",\"inLanguage\":\"pl-PL\",\"@id\":\"https:\/\/amu.pan.pl\/ukraina\/#\/schema\/logo\/image\/\",\"url\":\"https:\/\/amu.pan.pl\/ukraina\/wp-content\/uploads\/sites\/4\/2022\/03\/cropped-cropped-cropped-AMU_logo-1-1.png\",\"contentUrl\":\"https:\/\/amu.pan.pl\/ukraina\/wp-content\/uploads\/sites\/4\/2022\/03\/cropped-cropped-cropped-AMU_logo-1-1.png\",\"width\":600,\"height\":240,\"caption\":\"Akademia M\u0142odych Uczonych dla Ukrainy\"},\"image\":{\"@id\":\"https:\/\/amu.pan.pl\/ukraina\/#\/schema\/logo\/image\/\"},\"sameAs\":[\"https:\/\/www.facebook.com\/AkademiaMlodychUczonych\/\",\"https:\/\/x.com\/AMUPAN1\"]}]}<\/script>\n<!-- \/ Yoast SEO plugin. -->","yoast_head_json":{"title":"System nauki - Akademia M\u0142odych Uczonych dla Ukrainy","robots":{"index":"index","follow":"follow","max-snippet":"max-snippet:-1","max-image-preview":"max-image-preview:large","max-video-preview":"max-video-preview:-1"},"canonical":"https:\/\/amu.pan.pl\/ukraina\/system-nauki\/","og_locale":"pl_PL","og_type":"article","og_title":"System nauki - Akademia M\u0142odych Uczonych dla Ukrainy","og_description":"Instytucje nauki w Polsce Formalno\u015bci &#8211; stopnie, tytu\u0142y","og_url":"https:\/\/amu.pan.pl\/ukraina\/system-nauki\/","og_site_name":"Akademia M\u0142odych Uczonych dla Ukrainy","article_publisher":"https:\/\/www.facebook.com\/AkademiaMlodychUczonych\/","article_modified_time":"2022-03-13T13:54:13+00:00","twitter_card":"summary_large_image","twitter_site":"@AMUPAN1","twitter_misc":{"Szacowany czas czytania":"2 minuty"},"schema":{"@context":"https:\/\/schema.org","@graph":[{"@type":"WebPage","@id":"https:\/\/amu.pan.pl\/ukraina\/system-nauki\/","url":"https:\/\/amu.pan.pl\/ukraina\/system-nauki\/","name":"System nauki - Akademia M\u0142odych Uczonych dla Ukrainy","isPartOf":{"@id":"https:\/\/amu.pan.pl\/ukraina\/#website"},"datePublished":"2022-03-07T22:06:12+00:00","dateModified":"2022-03-13T13:54:13+00:00","breadcrumb":{"@id":"https:\/\/amu.pan.pl\/ukraina\/system-nauki\/#breadcrumb"},"inLanguage":"pl-PL","potentialAction":[{"@type":"ReadAction","target":["https:\/\/amu.pan.pl\/ukraina\/system-nauki\/"]}]},{"@type":"BreadcrumbList","@id":"https:\/\/amu.pan.pl\/ukraina\/system-nauki\/#breadcrumb","itemListElement":[{"@type":"ListItem","position":1,"name":"Strona g\u0142\u00f3wna","item":"https:\/\/amu.pan.pl\/ukraina\/"},{"@type":"ListItem","position":2,"name":"System nauki"}]},{"@type":"WebSite","@id":"https:\/\/amu.pan.pl\/ukraina\/#website","url":"https:\/\/amu.pan.pl\/ukraina\/","name":"Akademia M\u0142odych Uczonych dla Ukrainy","description":"Akademia M\u0142odych Uczonych dla Ukrainy","publisher":{"@id":"https:\/\/amu.pan.pl\/ukraina\/#organization"},"potentialAction":[{"@type":"SearchAction","target":{"@type":"EntryPoint","urlTemplate":"https:\/\/amu.pan.pl\/ukraina\/?s={search_term_string}"},"query-input":{"@type":"PropertyValueSpecification","valueRequired":true,"valueName":"search_term_string"}}],"inLanguage":"pl-PL"},{"@type":"Organization","@id":"https:\/\/amu.pan.pl\/ukraina\/#organization","name":"Akademia M\u0142odych Uczonych dla Ukrainy","url":"https:\/\/amu.pan.pl\/ukraina\/","logo":{"@type":"ImageObject","inLanguage":"pl-PL","@id":"https:\/\/amu.pan.pl\/ukraina\/#\/schema\/logo\/image\/","url":"https:\/\/amu.pan.pl\/ukraina\/wp-content\/uploads\/sites\/4\/2022\/03\/cropped-cropped-cropped-AMU_logo-1-1.png","contentUrl":"https:\/\/amu.pan.pl\/ukraina\/wp-content\/uploads\/sites\/4\/2022\/03\/cropped-cropped-cropped-AMU_logo-1-1.png","width":600,"height":240,"caption":"Akademia M\u0142odych Uczonych dla Ukrainy"},"image":{"@id":"https:\/\/amu.pan.pl\/ukraina\/#\/schema\/logo\/image\/"},"sameAs":["https:\/\/www.facebook.com\/AkademiaMlodychUczonych\/","https:\/\/x.com\/AMUPAN1"]}]}},"_links":{"self":[{"href":"https:\/\/amu.pan.pl\/ukraina\/wp-json\/wp\/v2\/pages\/41","targetHints":{"allow":["GET"]}}],"collection":[{"href":"https:\/\/amu.pan.pl\/ukraina\/wp-json\/wp\/v2\/pages"}],"about":[{"href":"https:\/\/amu.pan.pl\/ukraina\/wp-json\/wp\/v2\/types\/page"}],"author":[{"embeddable":true,"href":"https:\/\/amu.pan.pl\/ukraina\/wp-json\/wp\/v2\/users\/2"}],"replies":[{"embeddable":true,"href":"https:\/\/amu.pan.pl\/ukraina\/wp-json\/wp\/v2\/comments?post=41"}],"version-history":[{"count":7,"href":"https:\/\/amu.pan.pl\/ukraina\/wp-json\/wp\/v2\/pages\/41\/revisions"}],"predecessor-version":[{"id":492,"href":"https:\/\/amu.pan.pl\/ukraina\/wp-json\/wp\/v2\/pages\/41\/revisions\/492"}],"wp:attachment":[{"href":"https:\/\/amu.pan.pl\/ukraina\/wp-json\/wp\/v2\/media?parent=41"}],"curies":[{"name":"wp","href":"https:\/\/api.w.org\/{rel}","templated":true}]}}