{"id":70,"date":"2023-07-31T11:32:00","date_gmt":"2023-07-31T09:32:00","guid":{"rendered":"https:\/\/amu.pan.pl\/webinars\/?page_id=70"},"modified":"2023-08-07T23:44:59","modified_gmt":"2023-08-07T21:44:59","slug":"organizers","status":"publish","type":"page","link":"https:\/\/amu.pan.pl\/webinars\/organizers\/","title":{"rendered":"Organizers"},"content":{"rendered":"\t\t<div data-elementor-type=\"wp-page\" data-elementor-id=\"70\" class=\"elementor elementor-70\">\n\t\t\t\t\t\t<section class=\"elementor-section elementor-top-section elementor-element elementor-element-8c331bb elementor-section-boxed elementor-section-height-default elementor-section-height-default\" data-id=\"8c331bb\" data-element_type=\"section\">\n\t\t\t\t\t\t<div class=\"elementor-container elementor-column-gap-default\">\n\t\t\t\t\t<div class=\"elementor-column elementor-col-100 elementor-top-column elementor-element elementor-element-e9950ac\" data-id=\"e9950ac\" data-element_type=\"column\">\n\t\t\t<div class=\"elementor-widget-wrap elementor-element-populated\">\n\t\t\t\t\t\t<div class=\"elementor-element elementor-element-2e381ce elementor-widget elementor-widget-heading\" data-id=\"2e381ce\" data-element_type=\"widget\" data-widget_type=\"heading.default\">\n\t\t\t\t<div class=\"elementor-widget-container\">\n\t\t\t\t\t<h2 class=\"elementor-heading-title elementor-size-default\">Organizers<\/h2>\t\t\t\t<\/div>\n\t\t\t\t<\/div>\n\t\t\t\t<div class=\"elementor-element elementor-element-b1a74da elementor-widget elementor-widget-text-editor\" data-id=\"b1a74da\" data-element_type=\"widget\" data-widget_type=\"text-editor.default\">\n\t\t\t\t<div class=\"elementor-widget-container\">\n\t\t\t\t\t\t\t\t\t<ul><li>Anna K\u0142os<\/li><li><span style=\"font-weight: 400\">Micha\u0142 Bogdziewicz<\/span><\/li><li><span style=\"font-weight: 400\">Katharina Boguslawski<\/span><\/li><li><span style=\"font-weight: 400\">\u0141ukasz Sadowski<\/span><\/li><li><span style=\"font-weight: 400\">Jacek Kolanowski<\/span><\/li><li><span style=\"font-weight: 400\">Anna Dyrda\u0142<\/span><\/li><li><span style=\"font-weight: 400\">Marta Gmurek<\/span><\/li><li><span style=\"font-weight: 400\">Arkadiusz Tomczyk<\/span><\/li><li>Micha\u0142 Tomza<\/li><\/ul>\t\t\t\t\t\t\t\t<\/div>\n\t\t\t\t<\/div>\n\t\t\t\t\t<\/div>\n\t\t<\/div>\n\t\t\t\t\t<\/div>\n\t\t<\/section>\n\t\t\t\t<\/div>\n\t\t","protected":false},"excerpt":{"rendered":"<p>Organizers Anna K\u0142os Micha\u0142 Bogdziewicz Katharina Boguslawski \u0141ukasz Sadowski Jacek Kolanowski Anna Dyrda\u0142 Marta Gmurek Arkadiusz Tomczyk Micha\u0142 Tomza<\/p>\n","protected":false},"author":2,"featured_media":0,"parent":0,"menu_order":0,"comment_status":"closed","ping_status":"closed","template":"","meta":{"_monsterinsights_skip_tracking":false,"_monsterinsights_sitenote_active":false,"_monsterinsights_sitenote_note":"","_monsterinsights_sitenote_category":0,"footnotes":""},"class_list":["post-70","page","type-page","status-publish","hentry"],"yoast_head":"<!-- This site is optimized with the Yoast SEO plugin v25.0 - https:\/\/yoast.com\/wordpress\/plugins\/seo\/ -->\n<title>Organizers - AMU Webinars<\/title>\n<meta name=\"robots\" content=\"index, follow, max-snippet:-1, max-image-preview:large, max-video-preview:-1\" \/>\n<link rel=\"canonical\" href=\"https:\/\/amu.pan.pl\/webinars\/organizers\/\" \/>\n<meta property=\"og:locale\" content=\"pl_PL\" \/>\n<meta property=\"og:type\" content=\"article\" \/>\n<meta property=\"og:title\" content=\"Organizers - AMU Webinars\" \/>\n<meta property=\"og:description\" content=\"Organizers Anna K\u0142os Micha\u0142 Bogdziewicz Katharina Boguslawski \u0141ukasz Sadowski Jacek Kolanowski Anna Dyrda\u0142 Marta Gmurek Arkadiusz Tomczyk Micha\u0142 Tomza\" \/>\n<meta property=\"og:url\" content=\"https:\/\/amu.pan.pl\/webinars\/organizers\/\" \/>\n<meta property=\"og:site_name\" content=\"AMU Webinars\" \/>\n<meta property=\"article:publisher\" content=\"https:\/\/www.facebook.com\/AkademiaMlodychUczonych\/\" \/>\n<meta property=\"article:modified_time\" content=\"2023-08-07T21:44:59+00:00\" \/>\n<meta name=\"twitter:card\" content=\"summary_large_image\" \/>\n<meta name=\"twitter:site\" content=\"@AMUPAN1\" \/>\n<meta name=\"twitter:label1\" content=\"Szacowany czas czytania\" \/>\n\t<meta name=\"twitter:data1\" content=\"1 minuta\" \/>\n<script type=\"application\/ld+json\" class=\"yoast-schema-graph\">{\"@context\":\"https:\/\/schema.org\",\"@graph\":[{\"@type\":\"WebPage\",\"@id\":\"https:\/\/amu.pan.pl\/webinars\/organizers\/\",\"url\":\"https:\/\/amu.pan.pl\/webinars\/organizers\/\",\"name\":\"Organizers - AMU Webinars\",\"isPartOf\":{\"@id\":\"https:\/\/amu.pan.pl\/webinars\/#website\"},\"datePublished\":\"2023-07-31T09:32:00+00:00\",\"dateModified\":\"2023-08-07T21:44:59+00:00\",\"breadcrumb\":{\"@id\":\"https:\/\/amu.pan.pl\/webinars\/organizers\/#breadcrumb\"},\"inLanguage\":\"pl-PL\",\"potentialAction\":[{\"@type\":\"ReadAction\",\"target\":[\"https:\/\/amu.pan.pl\/webinars\/organizers\/\"]}]},{\"@type\":\"BreadcrumbList\",\"@id\":\"https:\/\/amu.pan.pl\/webinars\/organizers\/#breadcrumb\",\"itemListElement\":[{\"@type\":\"ListItem\",\"position\":1,\"name\":\"Strona g\u0142\u00f3wna\",\"item\":\"https:\/\/amu.pan.pl\/webinars\/\"},{\"@type\":\"ListItem\",\"position\":2,\"name\":\"Organizers\"}]},{\"@type\":\"WebSite\",\"@id\":\"https:\/\/amu.pan.pl\/webinars\/#website\",\"url\":\"https:\/\/amu.pan.pl\/webinars\/\",\"name\":\"AMU Webinars\",\"description\":\"Kolejna witryna sieci &#8222;Akademia M\u0142odych Uczonych&#8221;\",\"publisher\":{\"@id\":\"https:\/\/amu.pan.pl\/webinars\/#organization\"},\"potentialAction\":[{\"@type\":\"SearchAction\",\"target\":{\"@type\":\"EntryPoint\",\"urlTemplate\":\"https:\/\/amu.pan.pl\/webinars\/?s={search_term_string}\"},\"query-input\":{\"@type\":\"PropertyValueSpecification\",\"valueRequired\":true,\"valueName\":\"search_term_string\"}}],\"inLanguage\":\"pl-PL\"},{\"@type\":\"Organization\",\"@id\":\"https:\/\/amu.pan.pl\/webinars\/#organization\",\"name\":\"AMU Webinars\",\"url\":\"https:\/\/amu.pan.pl\/webinars\/\",\"logo\":{\"@type\":\"ImageObject\",\"inLanguage\":\"pl-PL\",\"@id\":\"https:\/\/amu.pan.pl\/webinars\/#\/schema\/logo\/image\/\",\"url\":\"https:\/\/amu.pan.pl\/webinars\/wp-content\/uploads\/sites\/7\/2023\/07\/logo_webinar_v2-e1690793921176.png\",\"contentUrl\":\"https:\/\/amu.pan.pl\/webinars\/wp-content\/uploads\/sites\/7\/2023\/07\/logo_webinar_v2-e1690793921176.png\",\"width\":135,\"height\":100,\"caption\":\"AMU Webinars\"},\"image\":{\"@id\":\"https:\/\/amu.pan.pl\/webinars\/#\/schema\/logo\/image\/\"},\"sameAs\":[\"https:\/\/www.facebook.com\/AkademiaMlodychUczonych\/\",\"https:\/\/x.com\/AMUPAN1\"]}]}<\/script>\n<!-- \/ Yoast SEO plugin. -->","yoast_head_json":{"title":"Organizers - AMU Webinars","robots":{"index":"index","follow":"follow","max-snippet":"max-snippet:-1","max-image-preview":"max-image-preview:large","max-video-preview":"max-video-preview:-1"},"canonical":"https:\/\/amu.pan.pl\/webinars\/organizers\/","og_locale":"pl_PL","og_type":"article","og_title":"Organizers - AMU Webinars","og_description":"Organizers Anna K\u0142os Micha\u0142 Bogdziewicz Katharina Boguslawski \u0141ukasz Sadowski Jacek Kolanowski Anna Dyrda\u0142 Marta Gmurek Arkadiusz Tomczyk Micha\u0142 Tomza","og_url":"https:\/\/amu.pan.pl\/webinars\/organizers\/","og_site_name":"AMU Webinars","article_publisher":"https:\/\/www.facebook.com\/AkademiaMlodychUczonych\/","article_modified_time":"2023-08-07T21:44:59+00:00","twitter_card":"summary_large_image","twitter_site":"@AMUPAN1","twitter_misc":{"Szacowany czas czytania":"1 minuta"},"schema":{"@context":"https:\/\/schema.org","@graph":[{"@type":"WebPage","@id":"https:\/\/amu.pan.pl\/webinars\/organizers\/","url":"https:\/\/amu.pan.pl\/webinars\/organizers\/","name":"Organizers - AMU Webinars","isPartOf":{"@id":"https:\/\/amu.pan.pl\/webinars\/#website"},"datePublished":"2023-07-31T09:32:00+00:00","dateModified":"2023-08-07T21:44:59+00:00","breadcrumb":{"@id":"https:\/\/amu.pan.pl\/webinars\/organizers\/#breadcrumb"},"inLanguage":"pl-PL","potentialAction":[{"@type":"ReadAction","target":["https:\/\/amu.pan.pl\/webinars\/organizers\/"]}]},{"@type":"BreadcrumbList","@id":"https:\/\/amu.pan.pl\/webinars\/organizers\/#breadcrumb","itemListElement":[{"@type":"ListItem","position":1,"name":"Strona g\u0142\u00f3wna","item":"https:\/\/amu.pan.pl\/webinars\/"},{"@type":"ListItem","position":2,"name":"Organizers"}]},{"@type":"WebSite","@id":"https:\/\/amu.pan.pl\/webinars\/#website","url":"https:\/\/amu.pan.pl\/webinars\/","name":"AMU Webinars","description":"Kolejna witryna sieci &#8222;Akademia M\u0142odych Uczonych&#8221;","publisher":{"@id":"https:\/\/amu.pan.pl\/webinars\/#organization"},"potentialAction":[{"@type":"SearchAction","target":{"@type":"EntryPoint","urlTemplate":"https:\/\/amu.pan.pl\/webinars\/?s={search_term_string}"},"query-input":{"@type":"PropertyValueSpecification","valueRequired":true,"valueName":"search_term_string"}}],"inLanguage":"pl-PL"},{"@type":"Organization","@id":"https:\/\/amu.pan.pl\/webinars\/#organization","name":"AMU Webinars","url":"https:\/\/amu.pan.pl\/webinars\/","logo":{"@type":"ImageObject","inLanguage":"pl-PL","@id":"https:\/\/amu.pan.pl\/webinars\/#\/schema\/logo\/image\/","url":"https:\/\/amu.pan.pl\/webinars\/wp-content\/uploads\/sites\/7\/2023\/07\/logo_webinar_v2-e1690793921176.png","contentUrl":"https:\/\/amu.pan.pl\/webinars\/wp-content\/uploads\/sites\/7\/2023\/07\/logo_webinar_v2-e1690793921176.png","width":135,"height":100,"caption":"AMU Webinars"},"image":{"@id":"https:\/\/amu.pan.pl\/webinars\/#\/schema\/logo\/image\/"},"sameAs":["https:\/\/www.facebook.com\/AkademiaMlodychUczonych\/","https:\/\/x.com\/AMUPAN1"]}]}},"_links":{"self":[{"href":"https:\/\/amu.pan.pl\/webinars\/wp-json\/wp\/v2\/pages\/70","targetHints":{"allow":["GET"]}}],"collection":[{"href":"https:\/\/amu.pan.pl\/webinars\/wp-json\/wp\/v2\/pages"}],"about":[{"href":"https:\/\/amu.pan.pl\/webinars\/wp-json\/wp\/v2\/types\/page"}],"author":[{"embeddable":true,"href":"https:\/\/amu.pan.pl\/webinars\/wp-json\/wp\/v2\/users\/2"}],"replies":[{"embeddable":true,"href":"https:\/\/amu.pan.pl\/webinars\/wp-json\/wp\/v2\/comments?post=70"}],"version-history":[{"count":10,"href":"https:\/\/amu.pan.pl\/webinars\/wp-json\/wp\/v2\/pages\/70\/revisions"}],"predecessor-version":[{"id":147,"href":"https:\/\/amu.pan.pl\/webinars\/wp-json\/wp\/v2\/pages\/70\/revisions\/147"}],"wp:attachment":[{"href":"https:\/\/amu.pan.pl\/webinars\/wp-json\/wp\/v2\/media?parent=70"}],"curies":[{"name":"wp","href":"https:\/\/api.w.org\/{rel}","templated":true}]}}