{"id":2944,"date":"2025-06-18T15:59:11","date_gmt":"2025-06-18T13:59:11","guid":{"rendered":"https:\/\/amu.pan.pl\/ysbb\/?page_id=2944"},"modified":"2025-07-01T16:36:35","modified_gmt":"2025-07-01T14:36:35","slug":"team-2024","status":"publish","type":"page","link":"https:\/\/amu.pan.pl\/ysbb\/team-2024\/","title":{"rendered":"Team 2024"},"content":{"rendered":"\t\t<div data-elementor-type=\"wp-page\" data-elementor-id=\"2944\" class=\"elementor elementor-2944\">\n\t\t\t\t\t\t<section class=\"elementor-section elementor-top-section elementor-element elementor-element-4b69a35 elementor-section-height-min-height elementor-section-boxed elementor-section-height-default elementor-section-items-middle\" data-id=\"4b69a35\" data-element_type=\"section\" data-settings=\"{&quot;background_background&quot;:&quot;gradient&quot;,&quot;shape_divider_bottom&quot;:&quot;arrow&quot;,&quot;shape_divider_bottom_negative&quot;:&quot;yes&quot;}\">\n\t\t\t\t\t\t\t<div class=\"elementor-background-overlay\"><\/div>\n\t\t\t\t\t\t<div class=\"elementor-shape elementor-shape-bottom\" data-negative=\"true\">\n\t\t\t<svg xmlns=\"http:\/\/www.w3.org\/2000\/svg\" viewBox=\"0 0 700 10\" preserveAspectRatio=\"none\">\n\t<path class=\"elementor-shape-fill\" d=\"M360 0L350 9.9 340 0 0 0 0 10 700 10 700 0\"\/>\n<\/svg>\t\t<\/div>\n\t\t\t\t\t<div class=\"elementor-container elementor-column-gap-default\">\n\t\t\t\t\t<div class=\"elementor-column elementor-col-100 elementor-top-column elementor-element elementor-element-f76883d\" data-id=\"f76883d\" data-element_type=\"column\">\n\t\t\t<div class=\"elementor-widget-wrap elementor-element-populated\">\n\t\t\t\t\t\t<section class=\"elementor-section elementor-inner-section elementor-element elementor-element-4ba4fbe elementor-section-boxed elementor-section-height-default elementor-section-height-default\" data-id=\"4ba4fbe\" data-element_type=\"section\">\n\t\t\t\t\t\t<div class=\"elementor-container elementor-column-gap-default\">\n\t\t\t\t\t<div class=\"elementor-column elementor-col-100 elementor-inner-column elementor-element elementor-element-2eac072\" data-id=\"2eac072\" data-element_type=\"column\">\n\t\t\t<div class=\"elementor-widget-wrap elementor-element-populated\">\n\t\t\t\t\t\t<div class=\"elementor-element elementor-element-a76cbb8 elementor-widget elementor-widget-heading\" data-id=\"a76cbb8\" data-element_type=\"widget\" data-widget_type=\"heading.default\">\n\t\t\t\t<div class=\"elementor-widget-container\">\n\t\t\t\t\t<h3 class=\"elementor-heading-title elementor-size-default\"> Unleash the Power Within <\/h3>\t\t\t\t<\/div>\n\t\t\t\t<\/div>\n\t\t\t\t<div class=\"elementor-element elementor-element-61c2e1d elementor-widget elementor-widget-heading\" data-id=\"61c2e1d\" data-element_type=\"widget\" data-widget_type=\"heading.default\">\n\t\t\t\t<div class=\"elementor-widget-container\">\n\t\t\t\t\t<h2 class=\"elementor-heading-title elementor-size-default\">Team<\/h2>\t\t\t\t<\/div>\n\t\t\t\t<\/div>\n\t\t\t\t<div class=\"elementor-element elementor-element-1ef18fb elementor-widget-divider--view-line elementor-widget elementor-widget-divider\" data-id=\"1ef18fb\" data-element_type=\"widget\" data-widget_type=\"divider.default\">\n\t\t\t\t<div class=\"elementor-widget-container\">\n\t\t\t\t\t\t\t<div class=\"elementor-divider\">\n\t\t\t<span class=\"elementor-divider-separator\">\n\t\t\t\t\t\t<\/span>\n\t\t<\/div>\n\t\t\t\t\t\t<\/div>\n\t\t\t\t<\/div>\n\t\t\t\t<div class=\"elementor-element elementor-element-d750b7d elementor-widget elementor-widget-heading\" data-id=\"d750b7d\" data-element_type=\"widget\" data-widget_type=\"heading.default\">\n\t\t\t\t<div class=\"elementor-widget-container\">\n\t\t\t\t\t<h3 class=\"elementor-heading-title elementor-size-default\"><a href=\"#\">24-25 October 2024 - on-line<\/a><\/h3>\t\t\t\t<\/div>\n\t\t\t\t<\/div>\n\t\t\t\t\t<\/div>\n\t\t<\/div>\n\t\t\t\t\t<\/div>\n\t\t<\/section>\n\t\t\t\t\t<\/div>\n\t\t<\/div>\n\t\t\t\t\t<\/div>\n\t\t<\/section>\n\t\t\t\t<section class=\"elementor-section elementor-top-section elementor-element elementor-element-b6c309f team elementor-section-boxed elementor-section-height-default elementor-section-height-default\" data-id=\"b6c309f\" data-element_type=\"section\">\n\t\t\t\t\t\t<div class=\"elementor-container elementor-column-gap-default\">\n\t\t\t\t\t<div class=\"elementor-column elementor-col-100 elementor-top-column elementor-element elementor-element-de77dfa\" data-id=\"de77dfa\" data-element_type=\"column\">\n\t\t\t<div class=\"elementor-widget-wrap elementor-element-populated\">\n\t\t\t\t\t\t<div class=\"elementor-element elementor-element-769802b elementor-widget elementor-widget-text-editor\" data-id=\"769802b\" data-element_type=\"widget\" data-widget_type=\"text-editor.default\">\n\t\t\t\t<div class=\"elementor-widget-container\">\n\t\t\t\t\t\t\t\t\t<h3>Conference Chair<\/h3><p>Andrzej Katunin, PhD, DSc, Silesian University of Technology<\/p>\t\t\t\t\t\t\t\t<\/div>\n\t\t\t\t<\/div>\n\t\t\t\t<div class=\"elementor-element elementor-element-c54000d elementor-widget elementor-widget-text-editor\" data-id=\"c54000d\" data-element_type=\"widget\" data-widget_type=\"text-editor.default\">\n\t\t\t\t<div class=\"elementor-widget-container\">\n\t\t\t\t\t\t\t\t\t<h3>Organizing Committee<\/h3><p>Aleksandra Bilewicz, PhD, Institute of Rural and Agricultural Development, Polish Academy of Sciences<\/p><p>Prof. Anna Czarnecka, PhD, DSc, Maria Sklodowska-Curie National Research Institute of Oncology<\/p><p>Karolina Hansen, PhD, DSc, University of Warsaw<\/p><p>Andrzej Katunin, PhD, DSc, Silesian University of Technology<\/p><p>Ewelina Piktel, PhD, Medical University of Bialystok<\/p><p>Krzysztof Ptaszy\u0144ski, PhD, Institute of Molecular Physics, Polish Academy of Sciences<\/p><p>Prof. \u0141ukasz Sadowski, PhD, DSc, Wroc\u0142aw University of Science &amp; Technology<\/p><p>Prof. Maciej Sa\u0142aga, PhD, DSc, Medical University of \u0141\u00f3d\u017a<\/p><p>Marzena Smol, PhD, DSc, Mineral and Energy Economy Research Institute, Polish Academy of Sciences<\/p>\t\t\t\t\t\t\t\t<\/div>\n\t\t\t\t<\/div>\n\t\t\t\t<div class=\"elementor-element elementor-element-49aa483 elementor-widget elementor-widget-text-editor\" data-id=\"49aa483\" data-element_type=\"widget\" data-widget_type=\"text-editor.default\">\n\t\t\t\t<div class=\"elementor-widget-container\">\n\t\t\t\t\t\t\t\t\t<h3>Scientific Committee<\/h3>\n<p>Aleksandra Bilewicz, PhD, Robert Zajonc Institute for Social Studies, University of Warsaw<\/p>\n<p>Prof. Anna Czarnecka, PhD, DSc, Maria Sklodowska-Curie National Research Institute of Oncology<\/p>\n<p>Karolina Hansen, PhD, DSc, University of Warsaw<\/p>\n<p>Andrzej Katunin, PhD, DSc, Silesian University of Technology<\/p>\n<p>Ewelina Piktel, PhD, Medical University of Bialystok<\/p>\n<p>Krzysztof Ptaszy\u0144ski, PhD, Institute of Molecular Physics, Polish Academy of Sciences<br><\/p>\n<p>Prof. \u0141ukasz Sadowski, PhD, DSc, Wroc\u0142aw University of Science &amp; Technology<\/p><p>Prof. Maciej Sa\u0142aga, PhD, DSc, Medical University of \u0141\u00f3d\u017a<br><\/p>\n<p>Marzena Smol, PhD, DSc, Mineral and Energy Economy Research Institute, Polish Academy of Sciences<\/p>\t\t\t\t\t\t\t\t<\/div>\n\t\t\t\t<\/div>\n\t\t\t\t\t<\/div>\n\t\t<\/div>\n\t\t\t\t\t<\/div>\n\t\t<\/section>\n\t\t\t\t<\/div>\n\t\t","protected":false},"excerpt":{"rendered":"<p>Unleash the Power Within Team 24-25 October 2024 &#8211; on-line Conference Chair Andrzej Katunin, PhD, DSc, Silesian University of Technology Organizing Committee Aleksandra Bilewicz, PhD, Institute of Rural and Agricultural Development, Polish Academy of Sciences Prof. Anna Czarnecka, PhD, DSc, Maria Sklodowska-Curie National Research Institute of Oncology Karolina Hansen, PhD, DSc, University of Warsaw Andrzej&hellip;&nbsp;<a href=\"https:\/\/amu.pan.pl\/ysbb\/team-2024\/\" rel=\"bookmark\">Read More &raquo;<span class=\"screen-reader-text\">Team 2024<\/span><\/a><\/p>\n","protected":false},"author":2,"featured_media":0,"parent":0,"menu_order":0,"comment_status":"closed","ping_status":"closed","template":"page-templates\/template-pagebuilder-full-width.php","meta":{"_monsterinsights_skip_tracking":false,"_monsterinsights_sitenote_active":false,"_monsterinsights_sitenote_note":"","_monsterinsights_sitenote_category":0,"neve_meta_sidebar":"","neve_meta_container":"","neve_meta_enable_content_width":"","neve_meta_content_width":0,"neve_meta_title_alignment":"","neve_meta_author_avatar":"","neve_post_elements_order":"","neve_meta_disable_header":"","neve_meta_disable_footer":"","neve_meta_disable_title":"","footnotes":""},"class_list":["post-2944","page","type-page","status-publish","hentry"],"yoast_head":"<!-- This site is optimized with the Yoast SEO plugin v25.0 - https:\/\/yoast.com\/wordpress\/plugins\/seo\/ -->\n<title>Team 2024 - Young Science Beyond Borders<\/title>\n<meta name=\"robots\" content=\"index, follow, max-snippet:-1, max-image-preview:large, max-video-preview:-1\" \/>\n<link rel=\"canonical\" href=\"https:\/\/amu.pan.pl\/ysbb\/team-2024\/\" \/>\n<meta property=\"og:locale\" content=\"en_GB\" \/>\n<meta property=\"og:type\" content=\"article\" \/>\n<meta property=\"og:title\" content=\"Team 2024 - Young Science Beyond Borders\" \/>\n<meta property=\"og:description\" content=\"Unleash the Power Within Team 24-25 October 2024 &#8211; on-line Conference Chair Andrzej Katunin, PhD, DSc, Silesian University of Technology Organizing Committee Aleksandra Bilewicz, PhD, Institute of Rural and Agricultural Development, Polish Academy of Sciences Prof. Anna Czarnecka, PhD, DSc, Maria Sklodowska-Curie National Research Institute of Oncology Karolina Hansen, PhD, DSc, University of Warsaw Andrzej&hellip;&nbsp;Read More &raquo;Team 2024\" \/>\n<meta property=\"og:url\" content=\"https:\/\/amu.pan.pl\/ysbb\/team-2024\/\" \/>\n<meta property=\"og:site_name\" content=\"Young Science Beyond Borders\" \/>\n<meta property=\"article:modified_time\" content=\"2025-07-01T14:36:35+00:00\" \/>\n<meta name=\"twitter:card\" content=\"summary_large_image\" \/>\n<meta name=\"twitter:label1\" content=\"Estimated reading time\" \/>\n\t<meta name=\"twitter:data1\" content=\"1 minute\" \/>\n<script type=\"application\/ld+json\" class=\"yoast-schema-graph\">{\"@context\":\"https:\/\/schema.org\",\"@graph\":[{\"@type\":\"WebPage\",\"@id\":\"https:\/\/amu.pan.pl\/ysbb\/team-2024\/\",\"url\":\"https:\/\/amu.pan.pl\/ysbb\/team-2024\/\",\"name\":\"Team 2024 - Young Science Beyond Borders\",\"isPartOf\":{\"@id\":\"https:\/\/amu.pan.pl\/ysbb\/#website\"},\"datePublished\":\"2025-06-18T13:59:11+00:00\",\"dateModified\":\"2025-07-01T14:36:35+00:00\",\"breadcrumb\":{\"@id\":\"https:\/\/amu.pan.pl\/ysbb\/team-2024\/#breadcrumb\"},\"inLanguage\":\"en-GB\",\"potentialAction\":[{\"@type\":\"ReadAction\",\"target\":[\"https:\/\/amu.pan.pl\/ysbb\/team-2024\/\"]}]},{\"@type\":\"BreadcrumbList\",\"@id\":\"https:\/\/amu.pan.pl\/ysbb\/team-2024\/#breadcrumb\",\"itemListElement\":[{\"@type\":\"ListItem\",\"position\":1,\"name\":\"Strona g\u0142\u00f3wna\",\"item\":\"https:\/\/amu.pan.pl\/ysbb\/\"},{\"@type\":\"ListItem\",\"position\":2,\"name\":\"Team 2024\"}]},{\"@type\":\"WebSite\",\"@id\":\"https:\/\/amu.pan.pl\/ysbb\/#website\",\"url\":\"https:\/\/amu.pan.pl\/ysbb\/\",\"name\":\"Young Science Beyond Borders\",\"description\":\"23-24 October 2025 - on-line\",\"publisher\":{\"@id\":\"https:\/\/amu.pan.pl\/ysbb\/#organization\"},\"potentialAction\":[{\"@type\":\"SearchAction\",\"target\":{\"@type\":\"EntryPoint\",\"urlTemplate\":\"https:\/\/amu.pan.pl\/ysbb\/?s={search_term_string}\"},\"query-input\":{\"@type\":\"PropertyValueSpecification\",\"valueRequired\":true,\"valueName\":\"search_term_string\"}}],\"inLanguage\":\"en-GB\"},{\"@type\":\"Organization\",\"@id\":\"https:\/\/amu.pan.pl\/ysbb\/#organization\",\"name\":\"Young Science Beyond Borders\",\"url\":\"https:\/\/amu.pan.pl\/ysbb\/\",\"logo\":{\"@type\":\"ImageObject\",\"inLanguage\":\"en-GB\",\"@id\":\"https:\/\/amu.pan.pl\/ysbb\/#\/schema\/logo\/image\/\",\"url\":\"https:\/\/amu.pan.pl\/ysbb\/wp-content\/uploads\/sites\/3\/2021\/10\/Polish-Young-Academy1.svg\",\"contentUrl\":\"https:\/\/amu.pan.pl\/ysbb\/wp-content\/uploads\/sites\/3\/2021\/10\/Polish-Young-Academy1.svg\",\"width\":100,\"height\":100,\"caption\":\"Young Science Beyond Borders\"},\"image\":{\"@id\":\"https:\/\/amu.pan.pl\/ysbb\/#\/schema\/logo\/image\/\"}}]}<\/script>\n<!-- \/ Yoast SEO plugin. -->","yoast_head_json":{"title":"Team 2024 - Young Science Beyond Borders","robots":{"index":"index","follow":"follow","max-snippet":"max-snippet:-1","max-image-preview":"max-image-preview:large","max-video-preview":"max-video-preview:-1"},"canonical":"https:\/\/amu.pan.pl\/ysbb\/team-2024\/","og_locale":"en_GB","og_type":"article","og_title":"Team 2024 - Young Science Beyond Borders","og_description":"Unleash the Power Within Team 24-25 October 2024 &#8211; on-line Conference Chair Andrzej Katunin, PhD, DSc, Silesian University of Technology Organizing Committee Aleksandra Bilewicz, PhD, Institute of Rural and Agricultural Development, Polish Academy of Sciences Prof. Anna Czarnecka, PhD, DSc, Maria Sklodowska-Curie National Research Institute of Oncology Karolina Hansen, PhD, DSc, University of Warsaw Andrzej&hellip;&nbsp;Read More &raquo;Team 2024","og_url":"https:\/\/amu.pan.pl\/ysbb\/team-2024\/","og_site_name":"Young Science Beyond Borders","article_modified_time":"2025-07-01T14:36:35+00:00","twitter_card":"summary_large_image","twitter_misc":{"Estimated reading time":"1 minute"},"schema":{"@context":"https:\/\/schema.org","@graph":[{"@type":"WebPage","@id":"https:\/\/amu.pan.pl\/ysbb\/team-2024\/","url":"https:\/\/amu.pan.pl\/ysbb\/team-2024\/","name":"Team 2024 - Young Science Beyond Borders","isPartOf":{"@id":"https:\/\/amu.pan.pl\/ysbb\/#website"},"datePublished":"2025-06-18T13:59:11+00:00","dateModified":"2025-07-01T14:36:35+00:00","breadcrumb":{"@id":"https:\/\/amu.pan.pl\/ysbb\/team-2024\/#breadcrumb"},"inLanguage":"en-GB","potentialAction":[{"@type":"ReadAction","target":["https:\/\/amu.pan.pl\/ysbb\/team-2024\/"]}]},{"@type":"BreadcrumbList","@id":"https:\/\/amu.pan.pl\/ysbb\/team-2024\/#breadcrumb","itemListElement":[{"@type":"ListItem","position":1,"name":"Strona g\u0142\u00f3wna","item":"https:\/\/amu.pan.pl\/ysbb\/"},{"@type":"ListItem","position":2,"name":"Team 2024"}]},{"@type":"WebSite","@id":"https:\/\/amu.pan.pl\/ysbb\/#website","url":"https:\/\/amu.pan.pl\/ysbb\/","name":"Young Science Beyond Borders","description":"23-24 October 2025 - on-line","publisher":{"@id":"https:\/\/amu.pan.pl\/ysbb\/#organization"},"potentialAction":[{"@type":"SearchAction","target":{"@type":"EntryPoint","urlTemplate":"https:\/\/amu.pan.pl\/ysbb\/?s={search_term_string}"},"query-input":{"@type":"PropertyValueSpecification","valueRequired":true,"valueName":"search_term_string"}}],"inLanguage":"en-GB"},{"@type":"Organization","@id":"https:\/\/amu.pan.pl\/ysbb\/#organization","name":"Young Science Beyond Borders","url":"https:\/\/amu.pan.pl\/ysbb\/","logo":{"@type":"ImageObject","inLanguage":"en-GB","@id":"https:\/\/amu.pan.pl\/ysbb\/#\/schema\/logo\/image\/","url":"https:\/\/amu.pan.pl\/ysbb\/wp-content\/uploads\/sites\/3\/2021\/10\/Polish-Young-Academy1.svg","contentUrl":"https:\/\/amu.pan.pl\/ysbb\/wp-content\/uploads\/sites\/3\/2021\/10\/Polish-Young-Academy1.svg","width":100,"height":100,"caption":"Young Science Beyond Borders"},"image":{"@id":"https:\/\/amu.pan.pl\/ysbb\/#\/schema\/logo\/image\/"}}]}},"_links":{"self":[{"href":"https:\/\/amu.pan.pl\/ysbb\/wp-json\/wp\/v2\/pages\/2944","targetHints":{"allow":["GET"]}}],"collection":[{"href":"https:\/\/amu.pan.pl\/ysbb\/wp-json\/wp\/v2\/pages"}],"about":[{"href":"https:\/\/amu.pan.pl\/ysbb\/wp-json\/wp\/v2\/types\/page"}],"author":[{"embeddable":true,"href":"https:\/\/amu.pan.pl\/ysbb\/wp-json\/wp\/v2\/users\/2"}],"replies":[{"embeddable":true,"href":"https:\/\/amu.pan.pl\/ysbb\/wp-json\/wp\/v2\/comments?post=2944"}],"version-history":[{"count":1,"href":"https:\/\/amu.pan.pl\/ysbb\/wp-json\/wp\/v2\/pages\/2944\/revisions"}],"predecessor-version":[{"id":2945,"href":"https:\/\/amu.pan.pl\/ysbb\/wp-json\/wp\/v2\/pages\/2944\/revisions\/2945"}],"wp:attachment":[{"href":"https:\/\/amu.pan.pl\/ysbb\/wp-json\/wp\/v2\/media?parent=2944"}],"curies":[{"name":"wp","href":"https:\/\/api.w.org\/{rel}","templated":true}]}}